{"id":6953,"date":"2025-08-05T13:47:13","date_gmt":"2025-08-05T13:47:13","guid":{"rendered":"https:\/\/gridamokykloms.lt\/produktas\/nezha-pro-sporto-rinkinys-be-microbit-plokstes\/"},"modified":"2025-08-05T13:47:13","modified_gmt":"2025-08-05T13:47:13","slug":"nezha-pro-sporto-rinkinys-be-microbit-plokstes","status":"publish","type":"product","link":"https:\/\/gridamokykloms.lt\/en\/produktas\/nezha-pro-sporto-rinkinys-be-microbit-plokstes\/","title":{"rendered":"Nezha Pro Sporto rinkinys (be micro:bit plok\u0161t\u0117s)"},"content":{"rendered":"<p>Nezha Pro Sporto rinkinys \u2013 tai sporto tematikos STEAM edukacin\u0117 priemon\u0117 pradini\u0173 ir vidurini\u0173 mokykl\u0173 mokiniams. Rinkinys paremtas galingu Nezha Pro valdikliu ir Planet X jutikli\u0173 serija, kuriame yra keturi linij\u0173 sekimo jutikliai, ultragarso jutiklis, susid\u016brimo jutikliai ir kt. Komplektas tinka \u012fvairaus lygio mokiniams, leid\u017eia patirti k\u016brybos d\u017eiaugsm\u0105 per programavim\u0105 ir elektronik\u0105. Palaikomas valdiklio neveikimo re\u017eimas, tod\u0117l vaikai gali atlikti pagrindinius projektus net netur\u0117dami programavimo \u017eini\u0173. Rinkinyje daugiau nei 20 praktini\u0173 u\u017eduo\u010di\u0173 ir beveik 600 blok\u0173, kurie padeda ugdyti praktinius \u012fg\u016bd\u017eius, login\u012f m\u0105stym\u0105 bei skatina k\u016brybi\u0161kum\u0105.<\/p>\n<p>Pastaba: micro:bit plok\u0161t\u0117 \u012f rinkin\u012f ne\u012ftraukta.<\/p>\n","protected":false},"excerpt":{"rendered":"<p>Rinkinys su sporto tema, skirtas vaikams pa\u017einti programavim\u0105 ir elektronik\u0105.<\/p>\n","protected":false},"featured_media":6954,"comment_status":"open","ping_status":"closed","template":"","meta":{"_acf_changed":false},"product_brand":[300],"product_cat":[294],"product_tag":[],"class_list":{"0":"post-6953","1":"product","2":"type-product","3":"status-publish","4":"has-post-thumbnail","6":"product_brand-microbit","7":"product_cat-robotika","9":"first","10":"instock","11":"taxable","12":"shipping-taxable","13":"purchasable","14":"product-type-simple"},"acf":[],"_links":{"self":[{"href":"https:\/\/gridamokykloms.lt\/en\/wp-json\/wp\/v2\/product\/6953","targetHints":{"allow":["GET"]}}],"collection":[{"href":"https:\/\/gridamokykloms.lt\/en\/wp-json\/wp\/v2\/product"}],"about":[{"href":"https:\/\/gridamokykloms.lt\/en\/wp-json\/wp\/v2\/types\/product"}],"replies":[{"embeddable":true,"href":"https:\/\/gridamokykloms.lt\/en\/wp-json\/wp\/v2\/comments?post=6953"}],"wp:featuredmedia":[{"embeddable":true,"href":"https:\/\/gridamokykloms.lt\/en\/wp-json\/wp\/v2\/media\/6954"}],"wp:attachment":[{"href":"https:\/\/gridamokykloms.lt\/en\/wp-json\/wp\/v2\/media?parent=6953"}],"wp:term":[{"taxonomy":"product_brand","embeddable":true,"href":"https:\/\/gridamokykloms.lt\/en\/wp-json\/wp\/v2\/product_brand?post=6953"},{"taxonomy":"product_cat","embeddable":true,"href":"https:\/\/gridamokykloms.lt\/en\/wp-json\/wp\/v2\/product_cat?post=6953"},{"taxonomy":"product_tag","embeddable":true,"href":"https:\/\/gridamokykloms.lt\/en\/wp-json\/wp\/v2\/product_tag?post=6953"}],"curies":[{"name":"wp","href":"https:\/\/api.w.org\/{rel}","templated":true}]}}