{"id":6955,"date":"2025-08-05T13:47:13","date_gmt":"2025-08-05T13:47:13","guid":{"rendered":"https:\/\/gridamokykloms.lt\/produktas\/ismanus-siltnamio-rinkinys\/"},"modified":"2025-08-05T13:47:13","modified_gmt":"2025-08-05T13:47:13","slug":"ismanus-siltnamio-rinkinys","status":"publish","type":"product","link":"https:\/\/gridamokykloms.lt\/en\/produktas\/ismanus-siltnamio-rinkinys\/","title":{"rendered":"I\u0161manus \u0161iltnamio rinkinys"},"content":{"rendered":"<p>I\u0161manus \u0161iltnamio rinkinys (10 rinkini\u0173) leid\u017eia mokiniams prakti\u0161kai susipa\u017einti su i\u0161maniuoju augal\u0173 auginimu ir aplinkos kontrole. Naudojant micro:bit ir IoT:bit modulius, skaidriame \u0161iltnamyje galima steb\u0117ti augal\u0173 augim\u0105. Jutikliai fiksuoja \u0161viesos ir dirvo\u017eemio dr\u0117gm\u0117s lyg\u012f, vaivoryk\u0161tiniai LED \u017eiedai leid\u017eia reguliuoti ap\u0161vietim\u0105, o vandens siurblys automatizuoja laistym\u0105. Mokiniai programuoja rinkin\u012f tam, kad gal\u0117t\u0173 valdyti aplink\u0105 ir dalytis surinktais duomenimis per IoT valdymo skydel\u012f.<\/p>\n","protected":false},"excerpt":{"rendered":"<p>I\u0161manus \u0161iltnamio rinkinys su micro:bit ir IoT sprendimais augal\u0173 steb\u0117senai ir automatizuotai prie\u017ei\u016brai.<\/p>\n","protected":false},"featured_media":6956,"comment_status":"open","ping_status":"closed","template":"","meta":{"_acf_changed":false},"product_brand":[300],"product_cat":[294],"product_tag":[],"class_list":{"0":"post-6955","1":"product","2":"type-product","3":"status-publish","4":"has-post-thumbnail","6":"product_brand-microbit","7":"product_cat-robotika","9":"first","10":"instock","11":"taxable","12":"shipping-taxable","13":"purchasable","14":"product-type-simple"},"acf":[],"_links":{"self":[{"href":"https:\/\/gridamokykloms.lt\/en\/wp-json\/wp\/v2\/product\/6955","targetHints":{"allow":["GET"]}}],"collection":[{"href":"https:\/\/gridamokykloms.lt\/en\/wp-json\/wp\/v2\/product"}],"about":[{"href":"https:\/\/gridamokykloms.lt\/en\/wp-json\/wp\/v2\/types\/product"}],"replies":[{"embeddable":true,"href":"https:\/\/gridamokykloms.lt\/en\/wp-json\/wp\/v2\/comments?post=6955"}],"wp:featuredmedia":[{"embeddable":true,"href":"https:\/\/gridamokykloms.lt\/en\/wp-json\/wp\/v2\/media\/6956"}],"wp:attachment":[{"href":"https:\/\/gridamokykloms.lt\/en\/wp-json\/wp\/v2\/media?parent=6955"}],"wp:term":[{"taxonomy":"product_brand","embeddable":true,"href":"https:\/\/gridamokykloms.lt\/en\/wp-json\/wp\/v2\/product_brand?post=6955"},{"taxonomy":"product_cat","embeddable":true,"href":"https:\/\/gridamokykloms.lt\/en\/wp-json\/wp\/v2\/product_cat?post=6955"},{"taxonomy":"product_tag","embeddable":true,"href":"https:\/\/gridamokykloms.lt\/en\/wp-json\/wp\/v2\/product_tag?post=6955"}],"curies":[{"name":"wp","href":"https:\/\/api.w.org\/{rel}","templated":true}]}}