{"id":6957,"date":"2025-08-05T13:47:12","date_gmt":"2025-08-05T13:47:12","guid":{"rendered":"https:\/\/gridamokykloms.lt\/produktas\/cobra-smartexperiment-matematinis-svytuokles-svyravimas\/"},"modified":"2025-08-05T13:47:12","modified_gmt":"2025-08-05T13:47:12","slug":"cobra-smartexperiment-matematinis-svytuokles-svyravimas","status":"publish","type":"product","link":"https:\/\/gridamokykloms.lt\/en\/produktas\/cobra-smartexperiment-matematinis-svytuokles-svyravimas\/","title":{"rendered":"Cobra SMARTexperiment \u2013 Matematinis \u0161vytuokl\u0117s svyravimas"},"content":{"rendered":"<p>Cobra SMARTexperiment \u2013 Matematinis \u0161vytuokl\u0117s svyravimas suteikia galimyb\u0119 lengvai ir tiksliai tirti harmoninio jud\u0117jimo d\u0117sningumus. Remiantis matematine \u0161vytuokle, eksperimentas parodo, kad svyravimo periodas priklauso nuo \u0161vytuokl\u0117s ilgio, bet ne nuo prie jos pritvirtintos mas\u0117s.<\/p>\n<p>Duomenys fiksuojami naudojant \u201emeasureAPP\u201c program\u0117l\u0119 (iOS, Android, Windows), kuri leid\u017eia analizuoti svyravimo laik\u0105 ir priklausomybes.<\/p>\n<p>Privalumai:<\/p>\n<p>Komplekte \u012fvairi\u0173 med\u017eiag\u0173 mas\u0117s: aliuminio, \u017ealvario, plastiko.<br \/>\nStabilus trikojis u\u017etikrina patog\u0173 ir patikim\u0105 eksperimentavim\u0105.<\/p>\n<p>Techniniai duomenys:<\/p>\n<p>Komplekte esantys komponentai:<br \/>\n1 x Cobra SMARTsense<br \/>\n\u012evairi\u0173 masi\u0173 svareliai: aliuminio, \u017ealvario, plastiko<br \/>\nStabilus trikojis stovas<\/p>\n","protected":false},"excerpt":{"rendered":"<p>Pilnas rinkinys \u0161vytuokl\u0117s svyravimo periodo tyrimui.<\/p>\n","protected":false},"featured_media":6958,"comment_status":"open","ping_status":"closed","template":"","meta":{"_acf_changed":false},"product_brand":[304],"product_cat":[291],"product_tag":[],"class_list":{"0":"post-6957","1":"product","2":"type-product","3":"status-publish","4":"has-post-thumbnail","6":"product_brand-phywe","7":"product_cat-judejimas-ir-jega","9":"first","10":"instock","11":"taxable","12":"shipping-taxable","13":"purchasable","14":"product-type-simple"},"acf":[],"_links":{"self":[{"href":"https:\/\/gridamokykloms.lt\/en\/wp-json\/wp\/v2\/product\/6957","targetHints":{"allow":["GET"]}}],"collection":[{"href":"https:\/\/gridamokykloms.lt\/en\/wp-json\/wp\/v2\/product"}],"about":[{"href":"https:\/\/gridamokykloms.lt\/en\/wp-json\/wp\/v2\/types\/product"}],"replies":[{"embeddable":true,"href":"https:\/\/gridamokykloms.lt\/en\/wp-json\/wp\/v2\/comments?post=6957"}],"wp:featuredmedia":[{"embeddable":true,"href":"https:\/\/gridamokykloms.lt\/en\/wp-json\/wp\/v2\/media\/6958"}],"wp:attachment":[{"href":"https:\/\/gridamokykloms.lt\/en\/wp-json\/wp\/v2\/media?parent=6957"}],"wp:term":[{"taxonomy":"product_brand","embeddable":true,"href":"https:\/\/gridamokykloms.lt\/en\/wp-json\/wp\/v2\/product_brand?post=6957"},{"taxonomy":"product_cat","embeddable":true,"href":"https:\/\/gridamokykloms.lt\/en\/wp-json\/wp\/v2\/product_cat?post=6957"},{"taxonomy":"product_tag","embeddable":true,"href":"https:\/\/gridamokykloms.lt\/en\/wp-json\/wp\/v2\/product_tag?post=6957"}],"curies":[{"name":"wp","href":"https:\/\/api.w.org\/{rel}","templated":true}]}}