{"id":6959,"date":"2025-08-05T13:47:12","date_gmt":"2025-08-05T13:47:12","guid":{"rendered":"https:\/\/gridamokykloms.lt\/produktas\/cobra-smartexperiment-niutono-iii-desnis\/"},"modified":"2025-08-05T13:47:12","modified_gmt":"2025-08-05T13:47:12","slug":"cobra-smartexperiment-niutono-iii-desnis","status":"publish","type":"product","link":"https:\/\/gridamokykloms.lt\/en\/produktas\/cobra-smartexperiment-niutono-iii-desnis\/","title":{"rendered":"Cobra SMARTexperiment \u2013 Niutono III d\u0117snis"},"content":{"rendered":"<p>Cobra SMARTexperiment \u2013 Niutono III d\u0117snis skirtas praktiniam s\u0105veikos principo tyrimui. Eksperimente naudojami du integruoti j\u0117gos ir pagrei\u010dio jutikliai, leid\u017eiantys realiuoju laiku steb\u0117ti abipus\u012f j\u0117g\u0173 poveik\u012f.<\/p>\n<p>Rinkinys paruo\u0161tas naudoti be papildom\u0173 s\u0105rank\u0173 \u2013 tiesiog \u012fjunkite ir prad\u0117kite matavim\u0105 naudodamiesi \u201emeasureAPP\u201c program\u0117le (iOS, Android, Windows). Kompakti\u0161kas, stabilus ir patogus naudoti klas\u0117je ar laboratorijoje.<\/p>\n<p>Privalumai:<\/p>\n<p>Paruo\u0161tas naudoti rinkinys \u2013 nereikia papildom\u0173 s\u0105saj\u0173 ar nustatym\u0173.<br \/>\nDu Cobra SMARTsense jutikliai leid\u017eia steb\u0117ti j\u0117gas i\u0161 abiej\u0173 pusi\u0173 vienu metu.<br \/>\nMagnetiniai adapteriai palengvina komponent\u0173 sujungim\u0105.<br \/>\nStabilios med\u017eiagos u\u017etikrina patikimus rezultatus.<\/p>\n<p>Techniniai duomenys:<\/p>\n<p>Komplekte esantys jutikliai:<br \/>\n2 x Cobra SMARTsense j\u0117gos ir pagrei\u010dio jutikliai<br \/>\nPapildomi komponentai:<br \/>\nMagnetiniai adapteriai<br \/>\nMatmenys ir svoris:<br \/>\nMatmenys: 320 x 80 x 60 mm<\/p>\n","protected":false},"excerpt":{"rendered":"<p>Eksperimentas s\u0105veikos j\u0117g\u0173 tyrimui su dviem j\u0117gos ir pagrei\u010dio jutikliais bei magnetiniais adapteriais.<\/p>\n","protected":false},"featured_media":6960,"comment_status":"open","ping_status":"closed","template":"","meta":{"_acf_changed":false},"product_brand":[304],"product_cat":[291],"product_tag":[],"class_list":{"0":"post-6959","1":"product","2":"type-product","3":"status-publish","4":"has-post-thumbnail","6":"product_brand-phywe","7":"product_cat-judejimas-ir-jega","9":"first","10":"instock","11":"taxable","12":"shipping-taxable","13":"purchasable","14":"product-type-simple"},"acf":[],"_links":{"self":[{"href":"https:\/\/gridamokykloms.lt\/en\/wp-json\/wp\/v2\/product\/6959","targetHints":{"allow":["GET"]}}],"collection":[{"href":"https:\/\/gridamokykloms.lt\/en\/wp-json\/wp\/v2\/product"}],"about":[{"href":"https:\/\/gridamokykloms.lt\/en\/wp-json\/wp\/v2\/types\/product"}],"replies":[{"embeddable":true,"href":"https:\/\/gridamokykloms.lt\/en\/wp-json\/wp\/v2\/comments?post=6959"}],"wp:featuredmedia":[{"embeddable":true,"href":"https:\/\/gridamokykloms.lt\/en\/wp-json\/wp\/v2\/media\/6960"}],"wp:attachment":[{"href":"https:\/\/gridamokykloms.lt\/en\/wp-json\/wp\/v2\/media?parent=6959"}],"wp:term":[{"taxonomy":"product_brand","embeddable":true,"href":"https:\/\/gridamokykloms.lt\/en\/wp-json\/wp\/v2\/product_brand?post=6959"},{"taxonomy":"product_cat","embeddable":true,"href":"https:\/\/gridamokykloms.lt\/en\/wp-json\/wp\/v2\/product_cat?post=6959"},{"taxonomy":"product_tag","embeddable":true,"href":"https:\/\/gridamokykloms.lt\/en\/wp-json\/wp\/v2\/product_tag?post=6959"}],"curies":[{"name":"wp","href":"https:\/\/api.w.org\/{rel}","templated":true}]}}