{"id":6971,"date":"2025-08-05T13:47:12","date_gmt":"2025-08-05T13:47:12","guid":{"rendered":"https:\/\/gridamokykloms.lt\/produktas\/silumines-energijos-mokomasis-rinkinys\/"},"modified":"2025-08-05T13:47:12","modified_gmt":"2025-08-05T13:47:12","slug":"silumines-energijos-mokomasis-rinkinys","status":"publish","type":"product","link":"https:\/\/gridamokykloms.lt\/en\/produktas\/silumines-energijos-mokomasis-rinkinys\/","title":{"rendered":"\u0160ilumin\u0117s energijos mokomasis rinkinys"},"content":{"rendered":"<p>\u0160ilumin\u0117s energijos mokomasis rinkinys leid\u017eia mokiniams tyrin\u0117ti termoelektrin\u012f efekt\u0105 \u2013 rei\u0161kin\u012f, kai elektros srov\u0117 sukuriama vien tik d\u0117l temperat\u016bros skirtumo. Naudojant kar\u0161to ir \u0161alto vandens indus bei special\u0173 konversijos element\u0105, sukuriama elektros energija, kurios lygis ma\u017e\u0117ja temperat\u016brai i\u0161silyginus.<br \/>\nKomplekte esantys LED \u0161viestuvas ir mini turbina padeda vizualiai \u012fvertinti generuojamos elektros poky\u010dius, o du termometrai leid\u017eia tiksliai sekti temperat\u016bros skirtumus.<\/p>\n<p>Praktiniai eksperimentai, supa\u017eindinantys su termoelektriniu efektu ir j\u012f lemian\u010diomis med\u017eiagomis<br \/>\nPaprastas ir saugus b\u016bdas tyrin\u0117ti fizikos d\u0117snius per real\u0173 energijos gamybos proces\u0105<br \/>\nPuikiai tinka fizikos pamokoms apie energijos virsmus, \u0161ilum\u0105 ir elektros srov\u0119.<\/p>\n","protected":false},"excerpt":{"rendered":"<p>Sukurkite elektros energij\u0105 naudodami tik temperat\u016br\u0173 skirtum\u0105 tarp kar\u0161to ir \u0161alto vandens.<\/p>\n","protected":false},"featured_media":6972,"comment_status":"open","ping_status":"closed","template":"","meta":{"_acf_changed":false},"product_brand":[],"product_cat":[277],"product_tag":[],"class_list":{"0":"post-6971","1":"product","2":"type-product","3":"status-publish","4":"has-post-thumbnail","6":"product_cat-atsinaujinanti-energetika","8":"first","9":"instock","10":"taxable","11":"shipping-taxable","12":"purchasable","13":"product-type-simple"},"acf":[],"_links":{"self":[{"href":"https:\/\/gridamokykloms.lt\/en\/wp-json\/wp\/v2\/product\/6971","targetHints":{"allow":["GET"]}}],"collection":[{"href":"https:\/\/gridamokykloms.lt\/en\/wp-json\/wp\/v2\/product"}],"about":[{"href":"https:\/\/gridamokykloms.lt\/en\/wp-json\/wp\/v2\/types\/product"}],"replies":[{"embeddable":true,"href":"https:\/\/gridamokykloms.lt\/en\/wp-json\/wp\/v2\/comments?post=6971"}],"wp:featuredmedia":[{"embeddable":true,"href":"https:\/\/gridamokykloms.lt\/en\/wp-json\/wp\/v2\/media\/6972"}],"wp:attachment":[{"href":"https:\/\/gridamokykloms.lt\/en\/wp-json\/wp\/v2\/media?parent=6971"}],"wp:term":[{"taxonomy":"product_brand","embeddable":true,"href":"https:\/\/gridamokykloms.lt\/en\/wp-json\/wp\/v2\/product_brand?post=6971"},{"taxonomy":"product_cat","embeddable":true,"href":"https:\/\/gridamokykloms.lt\/en\/wp-json\/wp\/v2\/product_cat?post=6971"},{"taxonomy":"product_tag","embeddable":true,"href":"https:\/\/gridamokykloms.lt\/en\/wp-json\/wp\/v2\/product_tag?post=6971"}],"curies":[{"name":"wp","href":"https:\/\/api.w.org\/{rel}","templated":true}]}}