{"id":6973,"date":"2025-08-05T13:47:12","date_gmt":"2025-08-05T13:47:12","guid":{"rendered":"https:\/\/gridamokykloms.lt\/produktas\/ismaniojo-miesto-rinkinys-be-microbit-plokstes\/"},"modified":"2025-08-05T13:47:12","modified_gmt":"2025-08-05T13:47:12","slug":"ismaniojo-miesto-rinkinys-be-microbit-plokstes","status":"publish","type":"product","link":"https:\/\/gridamokykloms.lt\/en\/produktas\/ismaniojo-miesto-rinkinys-be-microbit-plokstes\/","title":{"rendered":"I\u0161maniojo miesto rinkinys (be micro:bit plok\u0161t\u0117s)"},"content":{"rendered":"<p>I\u0161maniojo miesto rinkinys \u2013 tai puikiai parinktas edukacinis komplektas, leid\u017eiantis vaikams kurti \u012fvairius i\u0161mani\u0173j\u0173 miest\u0173 modelius. Rinkinyje yra IoT:bit valdiklis, DHT11 temperat\u016bros ir dr\u0117gm\u0117s jutiklis, dirvo\u017eemio dr\u0117gm\u0117s matuoklis, vandens lygio jutiklis, ultragarsinis sonar:bit jutiklis, servomechanizmai ir kiti komponentai.<\/p>\n<p>\u0160is rinkinys leid\u017eia modeliuoti tokias temas kaip i\u0161manioji automobili\u0173 stov\u0117jimo aik\u0161tel\u0117, transporto tinklai ar up\u0117s vandens lygio steb\u0117jimas. Naudodami j\u012f mokiniai ne tik \u012fgyja pagrindini\u0173 programavimo ir elektronikos \u012fg\u016bd\u017ei\u0173, bet ir lavina sistemin\u012f m\u0105stym\u0105 kurdami ateities miesto sprendimus.<\/p>\n<p>Pagrindin\u0117s savyb\u0117s:<\/p>\n<p>\u012evair\u016bs jutikliai, skirti aplinkos steb\u0117jimui ir automatizavimui<br \/>\nPritaikytas i\u0161mani\u0173j\u0173 miest\u0173 tematikai: parkavimas, upi\u0173 lygis, transportas ir kt.<br \/>\nKomplekte yra i\u0161samus naudotojo vadovas<\/p>\n<p>Pastaba: micro:bit plok\u0161t\u0117 \u012f rinkin\u012f ne\u012ftraukta.<\/p>\n","protected":false},"excerpt":{"rendered":"<p>I\u0161maniojo miesto k\u016brimo rinkinys su \u012fvairiais jutikliais ir vadovu, skirtas pa\u017einti IoT:bit.<\/p>\n","protected":false},"featured_media":6974,"comment_status":"open","ping_status":"closed","template":"","meta":{"_acf_changed":false},"product_brand":[300],"product_cat":[294],"product_tag":[],"class_list":{"0":"post-6973","1":"product","2":"type-product","3":"status-publish","4":"has-post-thumbnail","6":"product_brand-microbit","7":"product_cat-robotika","9":"first","10":"instock","11":"taxable","12":"shipping-taxable","13":"purchasable","14":"product-type-simple"},"acf":[],"_links":{"self":[{"href":"https:\/\/gridamokykloms.lt\/en\/wp-json\/wp\/v2\/product\/6973","targetHints":{"allow":["GET"]}}],"collection":[{"href":"https:\/\/gridamokykloms.lt\/en\/wp-json\/wp\/v2\/product"}],"about":[{"href":"https:\/\/gridamokykloms.lt\/en\/wp-json\/wp\/v2\/types\/product"}],"replies":[{"embeddable":true,"href":"https:\/\/gridamokykloms.lt\/en\/wp-json\/wp\/v2\/comments?post=6973"}],"wp:featuredmedia":[{"embeddable":true,"href":"https:\/\/gridamokykloms.lt\/en\/wp-json\/wp\/v2\/media\/6974"}],"wp:attachment":[{"href":"https:\/\/gridamokykloms.lt\/en\/wp-json\/wp\/v2\/media?parent=6973"}],"wp:term":[{"taxonomy":"product_brand","embeddable":true,"href":"https:\/\/gridamokykloms.lt\/en\/wp-json\/wp\/v2\/product_brand?post=6973"},{"taxonomy":"product_cat","embeddable":true,"href":"https:\/\/gridamokykloms.lt\/en\/wp-json\/wp\/v2\/product_cat?post=6973"},{"taxonomy":"product_tag","embeddable":true,"href":"https:\/\/gridamokykloms.lt\/en\/wp-json\/wp\/v2\/product_tag?post=6973"}],"curies":[{"name":"wp","href":"https:\/\/api.w.org\/{rel}","templated":true}]}}