{"id":6975,"date":"2025-08-05T13:47:12","date_gmt":"2025-08-05T13:47:12","guid":{"rendered":"https:\/\/gridamokykloms.lt\/produktas\/wonder-robotikos-konstravimo-rinkinys-be-microbit-plokstes\/"},"modified":"2025-08-05T13:47:12","modified_gmt":"2025-08-05T13:47:12","slug":"wonder-robotikos-konstravimo-rinkinys-be-microbit-plokstes","status":"publish","type":"product","link":"https:\/\/gridamokykloms.lt\/en\/produktas\/wonder-robotikos-konstravimo-rinkinys-be-microbit-plokstes\/","title":{"rendered":"\u201eWonder\u201c robotikos konstravimo rinkinys  (be micro:bit plok\u0161t\u0117s)"},"content":{"rendered":"<p>micro:bit 32 viename \u201eWonder\u201c robotikos konstravimo rinkinys suteikia galimyb\u0119 \u012fgyvendinti net 32 skirtingus projektus, pateikiamus gamintojo WIKI platformoje. Su Wukong pl\u0117tiniu ir integruotais \u012fvairiais jutikliais \u2013 toki\u0173 kaip linij\u0173 sekimo jutiklis, ultragarsinis atstumo matuoklis (Sonar:bit), vandens lygio jutiklis ir kt. \u2013 mokiniai gali kurti pa\u017eangius, interaktyvius projektus. \u0160is rinkinys skatina k\u016brybi\u0161kum\u0105, problem\u0173 sprendimo \u012fg\u016bd\u017eius ir padeda gilinti \u017einias apie programavim\u0105.<\/p>\n<p>Pastaba: micro:bit plok\u0161t\u0117 \u012f rinkin\u012f ne\u012ftraukta.<\/p>\n","protected":false},"excerpt":{"rendered":"<p>Universalus \u201emicro:bit\u201c robotikos rinkinys su 32 projektais ir Wukong pl\u0117tiniu.<\/p>\n","protected":false},"featured_media":6976,"comment_status":"open","ping_status":"closed","template":"","meta":{"_acf_changed":false},"product_brand":[300],"product_cat":[294],"product_tag":[],"class_list":{"0":"post-6975","1":"product","2":"type-product","3":"status-publish","4":"has-post-thumbnail","6":"product_brand-microbit","7":"product_cat-robotika","9":"first","10":"instock","11":"taxable","12":"shipping-taxable","13":"purchasable","14":"product-type-simple"},"acf":[],"_links":{"self":[{"href":"https:\/\/gridamokykloms.lt\/en\/wp-json\/wp\/v2\/product\/6975","targetHints":{"allow":["GET"]}}],"collection":[{"href":"https:\/\/gridamokykloms.lt\/en\/wp-json\/wp\/v2\/product"}],"about":[{"href":"https:\/\/gridamokykloms.lt\/en\/wp-json\/wp\/v2\/types\/product"}],"replies":[{"embeddable":true,"href":"https:\/\/gridamokykloms.lt\/en\/wp-json\/wp\/v2\/comments?post=6975"}],"wp:featuredmedia":[{"embeddable":true,"href":"https:\/\/gridamokykloms.lt\/en\/wp-json\/wp\/v2\/media\/6976"}],"wp:attachment":[{"href":"https:\/\/gridamokykloms.lt\/en\/wp-json\/wp\/v2\/media?parent=6975"}],"wp:term":[{"taxonomy":"product_brand","embeddable":true,"href":"https:\/\/gridamokykloms.lt\/en\/wp-json\/wp\/v2\/product_brand?post=6975"},{"taxonomy":"product_cat","embeddable":true,"href":"https:\/\/gridamokykloms.lt\/en\/wp-json\/wp\/v2\/product_cat?post=6975"},{"taxonomy":"product_tag","embeddable":true,"href":"https:\/\/gridamokykloms.lt\/en\/wp-json\/wp\/v2\/product_tag?post=6975"}],"curies":[{"name":"wp","href":"https:\/\/api.w.org\/{rel}","templated":true}]}}