{"id":6977,"date":"2025-08-05T13:47:12","date_gmt":"2025-08-05T13:47:12","guid":{"rendered":"https:\/\/gridamokykloms.lt\/produktas\/nezha-rinkinys-v2-be-microbit-plokstes\/"},"modified":"2025-08-05T13:47:12","modified_gmt":"2025-08-05T13:47:12","slug":"nezha-rinkinys-v2-be-microbit-plokstes","status":"publish","type":"product","link":"https:\/\/gridamokykloms.lt\/en\/produktas\/nezha-rinkinys-v2-be-microbit-plokstes\/","title":{"rendered":"Nezha rinkinys V2 (be micro:bit plok\u0161t\u0117s)"},"content":{"rendered":"<p>Tai universalus ir k\u016brybi\u0161kum\u0105 skatinantis programavimo rinkinys, skirtas naudoti su micro:bit valdikliu. Sukurtas remiantis Planet X jutikli\u0173 platforma, rinkinys apima \u012fvairius sensorius ir modulius, tokius kaip LED lemput\u0117s, potenciometrai, dirvo\u017eemio dr\u0117gm\u0117s matuokliai, ultragarsiniai jutikliai, susid\u016brimo jutikliai, linijos sekimo jutikliai ir kiti komponentai.<\/p>\n<p>Rinkinys leid\u017eia kurti daugiau nei 32 teminius projektus ir yra pritaikytas darbui su daugiau nei 400 konstrukcini\u0173 blokeli\u0173, tod\u0117l suteikia vaikams begal\u0119 galimybi\u0173 eksperimentuoti, tobulinti login\u012f m\u0105stym\u0105 bei lavinti techninius \u012fg\u016bd\u017eius. Rinkinys skirtas \u012fvairaus am\u017eiaus vaikams, padedantis \u012fdomiai ir prakti\u0161kai susipa\u017einti su elektronika, programavimu ir k\u016brybiniu problem\u0173 sprendimu.<\/p>\n<p>Pagrindin\u0117s savyb\u0117s:<\/p>\n<p>Daugiau nei 400 detali\u0173 ir moduli\u0173<br \/>\n32 teminiai projektai ir daug papildom\u0173 i\u0161pl\u0117tim\u0173<br \/>\nLavina k\u016brybi\u0161kum\u0105, login\u012f m\u0105stym\u0105 ir praktinius geb\u0117jimus<br \/>\nTinka \u012fvairaus am\u017eiaus vaikams, pradedantiesiems ir pa\u017eengusiems<\/p>\n<p>Pastaba: micro:bit plok\u0161t\u0117 \u012f rinkin\u012f ne\u012ftraukta.<\/p>\n","protected":false},"excerpt":{"rendered":"<p>I\u0161pl\u0117stinis micro:bit programavimo rinkinys su daugiau nei 400 detali\u0173 k\u016brybi\u0161kiems projektams ir eksperimentams.<\/p>\n","protected":false},"featured_media":6978,"comment_status":"open","ping_status":"closed","template":"","meta":{"_acf_changed":false},"product_brand":[300],"product_cat":[294],"product_tag":[],"class_list":{"0":"post-6977","1":"product","2":"type-product","3":"status-publish","4":"has-post-thumbnail","6":"product_brand-microbit","7":"product_cat-robotika","9":"first","10":"instock","11":"taxable","12":"shipping-taxable","13":"purchasable","14":"product-type-simple"},"acf":[],"_links":{"self":[{"href":"https:\/\/gridamokykloms.lt\/en\/wp-json\/wp\/v2\/product\/6977","targetHints":{"allow":["GET"]}}],"collection":[{"href":"https:\/\/gridamokykloms.lt\/en\/wp-json\/wp\/v2\/product"}],"about":[{"href":"https:\/\/gridamokykloms.lt\/en\/wp-json\/wp\/v2\/types\/product"}],"replies":[{"embeddable":true,"href":"https:\/\/gridamokykloms.lt\/en\/wp-json\/wp\/v2\/comments?post=6977"}],"wp:featuredmedia":[{"embeddable":true,"href":"https:\/\/gridamokykloms.lt\/en\/wp-json\/wp\/v2\/media\/6978"}],"wp:attachment":[{"href":"https:\/\/gridamokykloms.lt\/en\/wp-json\/wp\/v2\/media?parent=6977"}],"wp:term":[{"taxonomy":"product_brand","embeddable":true,"href":"https:\/\/gridamokykloms.lt\/en\/wp-json\/wp\/v2\/product_brand?post=6977"},{"taxonomy":"product_cat","embeddable":true,"href":"https:\/\/gridamokykloms.lt\/en\/wp-json\/wp\/v2\/product_cat?post=6977"},{"taxonomy":"product_tag","embeddable":true,"href":"https:\/\/gridamokykloms.lt\/en\/wp-json\/wp\/v2\/product_tag?post=6977"}],"curies":[{"name":"wp","href":"https:\/\/api.w.org\/{rel}","templated":true}]}}