{"id":6979,"date":"2025-08-05T13:47:12","date_gmt":"2025-08-05T13:47:12","guid":{"rendered":"https:\/\/gridamokykloms.lt\/produktas\/pradedanciuju-rinkinys-be-microbit-plokstes\/"},"modified":"2025-08-05T13:47:12","modified_gmt":"2025-08-05T13:47:12","slug":"pradedanciuju-rinkinys-be-microbit-plokstes","status":"publish","type":"product","link":"https:\/\/gridamokykloms.lt\/en\/produktas\/pradedanciuju-rinkinys-be-microbit-plokstes\/","title":{"rendered":"Pradedan\u010di\u0173j\u0173 rinkinys (be micro:bit plok\u0161t\u0117s)"},"content":{"rendered":"<p>Tai puikus startinis rinkinys vaikams, kurie pradeda mokytis programavimo ir elektros grandini\u0173 pagrind\u0173. Rinkinys leid\u017eia prakti\u0161kai tyrin\u0117ti, kaip veikia jutikliai, \u0161viesos diodai ir \u012fvair\u016bs elektronikos komponentai, jungiant juos prie micro:bit mikrovaldiklio.<\/p>\n<p>Naudodami \u0161\u012f rinkin\u012f, mokiniai gali atlikti ma\u017eiausiai 14 \u012fvairi\u0173 projekt\u0173, pavyzd\u017eiui, sukurti veikian\u010dius \u0161viesoforo signalus, valdyti micro:bit ekran\u0105 \u0161viesos jutikliu ar \u012fjungti LED lemputes. Projektai skirti \u017eingsnis po \u017eingsnio ugdyti techninius \u012fg\u016bd\u017eius, login\u012f m\u0105stym\u0105 ir k\u016brybi\u0161kum\u0105.<\/p>\n<p>Rinkinio ypatyb\u0117s:<\/p>\n<p>14 praktini\u0173 projekt\u0173 su ai\u0161kia instrukcija<br \/>\nSupa\u017eindina su elektronikos pagrindais ir paprastu programavimu<br \/>\nSkatina savaranki\u0161k\u0105 tyrin\u0117jim\u0105 ir eksperimentavim\u0105<\/p>\n<p>Pastaba: micro:bit plok\u0161t\u0117 \u012f rinkin\u012f ne\u012ftraukta.<\/p>\n","protected":false},"excerpt":{"rendered":"<p>Pradinis programavimo ir elektronikos rinkinys su 14 micro:bit eksperiment\u0173<\/p>\n","protected":false},"featured_media":6980,"comment_status":"open","ping_status":"closed","template":"","meta":{"_acf_changed":false},"product_brand":[300],"product_cat":[294],"product_tag":[],"class_list":{"0":"post-6979","1":"product","2":"type-product","3":"status-publish","4":"has-post-thumbnail","6":"product_brand-microbit","7":"product_cat-robotika","9":"first","10":"instock","11":"taxable","12":"shipping-taxable","13":"purchasable","14":"product-type-simple"},"acf":[],"_links":{"self":[{"href":"https:\/\/gridamokykloms.lt\/en\/wp-json\/wp\/v2\/product\/6979","targetHints":{"allow":["GET"]}}],"collection":[{"href":"https:\/\/gridamokykloms.lt\/en\/wp-json\/wp\/v2\/product"}],"about":[{"href":"https:\/\/gridamokykloms.lt\/en\/wp-json\/wp\/v2\/types\/product"}],"replies":[{"embeddable":true,"href":"https:\/\/gridamokykloms.lt\/en\/wp-json\/wp\/v2\/comments?post=6979"}],"wp:featuredmedia":[{"embeddable":true,"href":"https:\/\/gridamokykloms.lt\/en\/wp-json\/wp\/v2\/media\/6980"}],"wp:attachment":[{"href":"https:\/\/gridamokykloms.lt\/en\/wp-json\/wp\/v2\/media?parent=6979"}],"wp:term":[{"taxonomy":"product_brand","embeddable":true,"href":"https:\/\/gridamokykloms.lt\/en\/wp-json\/wp\/v2\/product_brand?post=6979"},{"taxonomy":"product_cat","embeddable":true,"href":"https:\/\/gridamokykloms.lt\/en\/wp-json\/wp\/v2\/product_cat?post=6979"},{"taxonomy":"product_tag","embeddable":true,"href":"https:\/\/gridamokykloms.lt\/en\/wp-json\/wp\/v2\/product_tag?post=6979"}],"curies":[{"name":"wp","href":"https:\/\/api.w.org\/{rel}","templated":true}]}}