{"id":6981,"date":"2025-08-05T13:47:12","date_gmt":"2025-08-05T13:47:12","guid":{"rendered":"https:\/\/gridamokykloms.lt\/produktas\/ismanusis-robotas-cutebot-be-microbit-plokstes\/"},"modified":"2025-08-05T13:47:12","modified_gmt":"2025-08-05T13:47:12","slug":"ismanusis-robotas-cutebot-be-microbit-plokstes","status":"publish","type":"product","link":"https:\/\/gridamokykloms.lt\/en\/produktas\/ismanusis-robotas-cutebot-be-microbit-plokstes\/","title":{"rendered":"I\u0161manusis robotas Cutebot (be micro:bit plok\u0161t\u0117s)"},"content":{"rendered":"<p>micro:bit Cutebot \u2013 tai i\u0161manusis robotas automobilis su galiniais varomaisiais ratais, varomas dviej\u0173 auk\u0161tos spartos varikli\u0173. Jame integruota daug \u012frangos: ultragarsinis jutiklis ir atstumo jutiklis, dvi RGB LED lemput\u0117s bei poziciniai \u017eibintai apa\u010dioje, du linij\u0173 sekimo jutikliai ir aktyvus garsinis signalas. Cutebot palaiko vaizdin\u012f programavim\u0105, tod\u0117l vaikai gali mokytis programavimo nuo pa\u010di\u0173 papras\u010diausi\u0173 iki sud\u0117tingesni\u0173 u\u017eduo\u010di\u0173. Tai puiki priemon\u0117 lavinti techninius \u012fg\u016bd\u017eius ir pa\u017einti robotik\u0105 bei automatizavim\u0105 per k\u016brybi\u0161k\u0105 veikl\u0105.<\/p>\n<p>Pastaba: micro:bit plok\u0161t\u0117 \u012f rinkin\u012f ne\u012ftraukta.<\/p>\n","protected":false},"excerpt":{"rendered":"<p>Programuojamas i\u0161manusis automobilis su jutikliais ir \u0161viesomis.<\/p>\n","protected":false},"featured_media":6983,"comment_status":"open","ping_status":"closed","template":"","meta":{"_acf_changed":false},"product_brand":[300],"product_cat":[294],"product_tag":[],"class_list":{"0":"post-6981","1":"product","2":"type-product","3":"status-publish","4":"has-post-thumbnail","6":"product_brand-microbit","7":"product_cat-robotika","9":"first","10":"instock","11":"taxable","12":"shipping-taxable","13":"purchasable","14":"product-type-simple"},"acf":[],"_links":{"self":[{"href":"https:\/\/gridamokykloms.lt\/en\/wp-json\/wp\/v2\/product\/6981","targetHints":{"allow":["GET"]}}],"collection":[{"href":"https:\/\/gridamokykloms.lt\/en\/wp-json\/wp\/v2\/product"}],"about":[{"href":"https:\/\/gridamokykloms.lt\/en\/wp-json\/wp\/v2\/types\/product"}],"replies":[{"embeddable":true,"href":"https:\/\/gridamokykloms.lt\/en\/wp-json\/wp\/v2\/comments?post=6981"}],"wp:featuredmedia":[{"embeddable":true,"href":"https:\/\/gridamokykloms.lt\/en\/wp-json\/wp\/v2\/media\/6983"}],"wp:attachment":[{"href":"https:\/\/gridamokykloms.lt\/en\/wp-json\/wp\/v2\/media?parent=6981"}],"wp:term":[{"taxonomy":"product_brand","embeddable":true,"href":"https:\/\/gridamokykloms.lt\/en\/wp-json\/wp\/v2\/product_brand?post=6981"},{"taxonomy":"product_cat","embeddable":true,"href":"https:\/\/gridamokykloms.lt\/en\/wp-json\/wp\/v2\/product_cat?post=6981"},{"taxonomy":"product_tag","embeddable":true,"href":"https:\/\/gridamokykloms.lt\/en\/wp-json\/wp\/v2\/product_tag?post=6981"}],"curies":[{"name":"wp","href":"https:\/\/api.w.org\/{rel}","templated":true}]}}