{"id":6984,"date":"2025-08-05T13:47:12","date_gmt":"2025-08-05T13:47:12","guid":{"rendered":"https:\/\/gridamokykloms.lt\/produktas\/ismanius-eksperimentu-rinkinys-vaikams-be-microbit-plokstes\/"},"modified":"2025-08-05T13:47:12","modified_gmt":"2025-08-05T13:47:12","slug":"ismanius-eksperimentu-rinkinys-vaikams-be-microbit-plokstes","status":"publish","type":"product","link":"https:\/\/gridamokykloms.lt\/en\/produktas\/ismanius-eksperimentu-rinkinys-vaikams-be-microbit-plokstes\/","title":{"rendered":"I\u0161manius eksperiment\u0173 rinkinys vaikams (be micro:bit plok\u0161t\u0117s)"},"content":{"rendered":"<p>micro:bit i\u0161mani\u0173j\u0173 moksl\u0173 eksperiment\u0173 rinkinys \u2013 tai naujos kartos edukacinis \u012frankis, sukurtas pad\u0117ti vaikams lengvai \u012fsisavinti tiek elektronikos, tiek programavimo pagrindus. Rinkinyje rasite \u012fvairi\u0173 klasikini\u0173 komponent\u0173, toki\u0173 kaip temperat\u016bros jutiklis, fotorezistorius, LED lemput\u0117s, variklis ir servo mechanizmas.<br \/>\nSkirtingai nei \u012fprastuose rinkiniuose, \u0161i d\u0117\u017eut\u0117 taip pat apima pa\u017eangesnius elektronikos komponentus: MOSFET tranzistori\u0173, kelet\u0105 rezistori\u0173 su skirtingomis var\u017eomis ir reguliuojam\u0105 var\u017e\u0105 (trimpot), taip leid\u017eiant vaikams prakti\u0161kai sujungti elektronikos teorij\u0105 su realiu programavimo procesu.<\/p>\n<p>Rinkinio ypatyb\u0117s:<\/p>\n<p>Supa\u017eindina su elektronikos pagrindais ir grandini\u0173 konstravimu<br \/>\nDerina techninius komponentus su micro:bit programavimu<br \/>\nPuikiai tinka k\u016brybi\u0161kumui ir loginio m\u0105stymo lavinimui<br \/>\nSuderinamas su MakeCode \u2013 paprastas blokinis programavimas<\/p>\n<p>Pastaba: micro:bit plok\u0161t\u0117 \u012f rinkin\u012f ne\u012ftraukta.<\/p>\n","protected":false},"excerpt":{"rendered":"<p>I\u0161manus eksperiment\u0173 rinkinys vaikams, jungiantis programavim\u0105 ir grandini\u0173 konstravim\u0105 su micro:bit.<\/p>\n","protected":false},"featured_media":6985,"comment_status":"open","ping_status":"closed","template":"","meta":{"_acf_changed":false},"product_brand":[300],"product_cat":[294],"product_tag":[],"class_list":{"0":"post-6984","1":"product","2":"type-product","3":"status-publish","4":"has-post-thumbnail","6":"product_brand-microbit","7":"product_cat-robotika","9":"first","10":"instock","11":"taxable","12":"shipping-taxable","13":"purchasable","14":"product-type-simple"},"acf":[],"_links":{"self":[{"href":"https:\/\/gridamokykloms.lt\/en\/wp-json\/wp\/v2\/product\/6984","targetHints":{"allow":["GET"]}}],"collection":[{"href":"https:\/\/gridamokykloms.lt\/en\/wp-json\/wp\/v2\/product"}],"about":[{"href":"https:\/\/gridamokykloms.lt\/en\/wp-json\/wp\/v2\/types\/product"}],"replies":[{"embeddable":true,"href":"https:\/\/gridamokykloms.lt\/en\/wp-json\/wp\/v2\/comments?post=6984"}],"wp:featuredmedia":[{"embeddable":true,"href":"https:\/\/gridamokykloms.lt\/en\/wp-json\/wp\/v2\/media\/6985"}],"wp:attachment":[{"href":"https:\/\/gridamokykloms.lt\/en\/wp-json\/wp\/v2\/media?parent=6984"}],"wp:term":[{"taxonomy":"product_brand","embeddable":true,"href":"https:\/\/gridamokykloms.lt\/en\/wp-json\/wp\/v2\/product_brand?post=6984"},{"taxonomy":"product_cat","embeddable":true,"href":"https:\/\/gridamokykloms.lt\/en\/wp-json\/wp\/v2\/product_cat?post=6984"},{"taxonomy":"product_tag","embeddable":true,"href":"https:\/\/gridamokykloms.lt\/en\/wp-json\/wp\/v2\/product_tag?post=6984"}],"curies":[{"name":"wp","href":"https:\/\/api.w.org\/{rel}","templated":true}]}}