{"id":6986,"date":"2025-08-05T13:47:11","date_gmt":"2025-08-05T13:47:11","guid":{"rendered":"https:\/\/gridamokykloms.lt\/produktas\/cobra-smartexperiment-archimedo-desnis\/"},"modified":"2025-08-05T13:47:11","modified_gmt":"2025-08-05T13:47:11","slug":"cobra-smartexperiment-archimedo-desnis","status":"publish","type":"product","link":"https:\/\/gridamokykloms.lt\/en\/produktas\/cobra-smartexperiment-archimedo-desnis\/","title":{"rendered":"Cobra SMARTexperiment \u2013 Archimedo d\u0117snis"},"content":{"rendered":"<p>Cobra SMARTexperiment \u2013 Archimedo d\u0117snis leid\u017eia prakti\u0161kai i\u0161tirti archimedin\u0119 j\u0117g\u0105 ir skys\u010di\u0173 st\u016bmimo princip\u0105. \u0160io eksperimento pagrindas \u2013 Archimedo d\u0117snis: k\u016bn\u0105 veikian\u010dios statin\u0117s pl\u016bdrumo j\u0117gos dydis lygus i\u0161stumto skys\u010dio svoriui.<\/p>\n<p>Naudojant \u201emeasureAPP\u201c program\u0117l\u0119 (iOS, Android, Windows), galima lengvai fiksuoti matavim\u0173 duomenis ir juos analizuoti.<\/p>\n<p>Privalumai:<\/p>\n<p>Viskas viename rinkinyje \u2013 tiesiog i\u0161imkite, prijunkite jutikl\u012f ir prad\u0117kite.<br \/>\n\u012etraukti visi b\u016btini komponentai ir jutikliai.<\/p>\n<p>Techniniai duomenys:<\/p>\n<p>Komplekte esantys jutikliai:<br \/>\n2 x Cobra SMARTsense j\u0117gos ir pagrei\u010dio jutikliai<\/p>\n","protected":false},"excerpt":{"rendered":"<p>Visapusi\u0161kas rinkinys Archimedo d\u0117snio tyrimui su integruotais jutikliais ir matavim\u0173 program\u0117le.<\/p>\n","protected":false},"featured_media":6987,"comment_status":"open","ping_status":"closed","template":"","meta":{"_acf_changed":false},"product_brand":[304],"product_cat":[291],"product_tag":[],"class_list":{"0":"post-6986","1":"product","2":"type-product","3":"status-publish","4":"has-post-thumbnail","6":"product_brand-phywe","7":"product_cat-judejimas-ir-jega","9":"first","10":"instock","11":"taxable","12":"shipping-taxable","13":"purchasable","14":"product-type-simple"},"acf":[],"_links":{"self":[{"href":"https:\/\/gridamokykloms.lt\/en\/wp-json\/wp\/v2\/product\/6986","targetHints":{"allow":["GET"]}}],"collection":[{"href":"https:\/\/gridamokykloms.lt\/en\/wp-json\/wp\/v2\/product"}],"about":[{"href":"https:\/\/gridamokykloms.lt\/en\/wp-json\/wp\/v2\/types\/product"}],"replies":[{"embeddable":true,"href":"https:\/\/gridamokykloms.lt\/en\/wp-json\/wp\/v2\/comments?post=6986"}],"wp:featuredmedia":[{"embeddable":true,"href":"https:\/\/gridamokykloms.lt\/en\/wp-json\/wp\/v2\/media\/6987"}],"wp:attachment":[{"href":"https:\/\/gridamokykloms.lt\/en\/wp-json\/wp\/v2\/media?parent=6986"}],"wp:term":[{"taxonomy":"product_brand","embeddable":true,"href":"https:\/\/gridamokykloms.lt\/en\/wp-json\/wp\/v2\/product_brand?post=6986"},{"taxonomy":"product_cat","embeddable":true,"href":"https:\/\/gridamokykloms.lt\/en\/wp-json\/wp\/v2\/product_cat?post=6986"},{"taxonomy":"product_tag","embeddable":true,"href":"https:\/\/gridamokykloms.lt\/en\/wp-json\/wp\/v2\/product_tag?post=6986"}],"curies":[{"name":"wp","href":"https:\/\/api.w.org\/{rel}","templated":true}]}}