{"id":6988,"date":"2025-08-05T13:47:11","date_gmt":"2025-08-05T13:47:11","guid":{"rendered":"https:\/\/gridamokykloms.lt\/produktas\/cobra-smartexperiment-huko-desnis\/"},"modified":"2025-08-05T13:47:11","modified_gmt":"2025-08-05T13:47:11","slug":"cobra-smartexperiment-huko-desnis","status":"publish","type":"product","link":"https:\/\/gridamokykloms.lt\/en\/produktas\/cobra-smartexperiment-huko-desnis\/","title":{"rendered":"Cobra SMARTexperiment \u2013 Huko d\u0117snis"},"content":{"rendered":"<p>Cobra SMARTexperiment \u2013 Huko d\u0117snis leid\u017eia prakti\u0161kai tirti elasting\u0105j\u012f k\u016bn\u0173 deformavim\u0105 pagal Huko d\u0117sn\u012f. Visi reikalingi komponentai ir jutikliai jau integruoti, tod\u0117l eksperimentas paruo\u0161iamas vos per kelias sekundes \u2013 joki\u0173 sud\u0117ting\u0173 s\u0105rank\u0173 ar papildomos \u012frangos.<\/p>\n<p>Naudojant \u201emeasureAPP\u201c program\u0117l\u0119 (iOS, Android, Windows), matavim\u0173 duomenis galima lengvai u\u017efiksuoti ir vizualizuoti grafi\u0161kai. Stabilus stovas, auk\u0161tos kokyb\u0117s jutikliai ir keli\u0173 skirting\u0173 standumo spyruokl\u0117s leid\u017eia i\u0161samiai analizuoti elastingumo savybes fizikos pamokose.<\/p>\n<p>Privalumai:<\/p>\n<p>Viskas viename rinkinyje \u2013 joki\u0173 papildom\u0173 s\u0105rank\u0173 ar s\u0105saj\u0173.<br \/>\n\u012e komplekt\u0105 \u012feina visi b\u016btini jutikliai ir komponentai.<br \/>\nMatavimai greiti, intuityv\u016bs ir tiksl\u016bs.<\/p>\n<p>Techniniai duomenys:<\/p>\n<p>Komplekte esantys jutikliai:<br \/>\n1 x Cobra SMARTsense j\u0117gos ir pagrei\u010dio jutiklis<br \/>\nSpyruokl\u0117s:<br \/>\n5 vnt. spyruokli\u0173 su skirtingais standumo koeficientais:<br \/>\n5 N\/m<br \/>\n7 N\/m<br \/>\n12,5 N\/m<br \/>\n(visos \u00b110 % paklaida)<\/p>\n","protected":false},"excerpt":{"rendered":"<p>Pilnai paruo\u0161tas eksperimentas Huko d\u0117snio tyrimui su integruotais jutikliais ir spyruokl\u0117mis.<\/p>\n","protected":false},"featured_media":6989,"comment_status":"open","ping_status":"closed","template":"","meta":{"_acf_changed":false},"product_brand":[304],"product_cat":[291],"product_tag":[],"class_list":{"0":"post-6988","1":"product","2":"type-product","3":"status-publish","4":"has-post-thumbnail","6":"product_brand-phywe","7":"product_cat-judejimas-ir-jega","9":"first","10":"instock","11":"taxable","12":"shipping-taxable","13":"purchasable","14":"product-type-simple"},"acf":[],"_links":{"self":[{"href":"https:\/\/gridamokykloms.lt\/en\/wp-json\/wp\/v2\/product\/6988","targetHints":{"allow":["GET"]}}],"collection":[{"href":"https:\/\/gridamokykloms.lt\/en\/wp-json\/wp\/v2\/product"}],"about":[{"href":"https:\/\/gridamokykloms.lt\/en\/wp-json\/wp\/v2\/types\/product"}],"replies":[{"embeddable":true,"href":"https:\/\/gridamokykloms.lt\/en\/wp-json\/wp\/v2\/comments?post=6988"}],"wp:featuredmedia":[{"embeddable":true,"href":"https:\/\/gridamokykloms.lt\/en\/wp-json\/wp\/v2\/media\/6989"}],"wp:attachment":[{"href":"https:\/\/gridamokykloms.lt\/en\/wp-json\/wp\/v2\/media?parent=6988"}],"wp:term":[{"taxonomy":"product_brand","embeddable":true,"href":"https:\/\/gridamokykloms.lt\/en\/wp-json\/wp\/v2\/product_brand?post=6988"},{"taxonomy":"product_cat","embeddable":true,"href":"https:\/\/gridamokykloms.lt\/en\/wp-json\/wp\/v2\/product_cat?post=6988"},{"taxonomy":"product_tag","embeddable":true,"href":"https:\/\/gridamokykloms.lt\/en\/wp-json\/wp\/v2\/product_tag?post=6988"}],"curies":[{"name":"wp","href":"https:\/\/api.w.org\/{rel}","templated":true}]}}