{"id":6990,"date":"2025-08-05T13:47:11","date_gmt":"2025-08-05T13:47:11","guid":{"rendered":"https:\/\/gridamokykloms.lt\/produktas\/cobra-digicart-isplestinis-rinkinys\/"},"modified":"2025-08-05T13:47:11","modified_gmt":"2025-08-05T13:47:11","slug":"cobra-digicart-isplestinis-rinkinys","status":"publish","type":"product","link":"https:\/\/gridamokykloms.lt\/en\/produktas\/cobra-digicart-isplestinis-rinkinys\/","title":{"rendered":"Cobra DigiCart i\u0161pl\u0117stinis rinkinys"},"content":{"rendered":"<p>Cobra DigiCart i\u0161pl\u0117stinis rinkinys \u2013 tai pa\u017eangus fizikos eksperiment\u0173 sprendimas, kuriame yra du ve\u017eim\u0117liai su integruotais jutikliais, 1,2 m ilgio auk\u0161\u010dio reguliuojamas takelis bei visa reikalinga \u012franga eksperiment\u0173 atlikimui. Belaidis duomen\u0173 perdavimas per \u201eBluetooth 4\u201c leid\u017eia skland\u017eiai dirbti su plan\u0161et\u0117mis ir kitais i\u0161maniaisiais \u012frenginiais naudojant \u201ePHYWE DigiCart\u201c program\u0117l\u0119 (Android, iOS).<br \/>\nRinkinys skirtas pla\u010diam dinamikos tem\u0173 spektrui \u2013 nuo jud\u0117jimo teorijos ir Niutono d\u0117sni\u0173 iki impuls\u0173 i\u0161saugojimo, energijos tverm\u0117s, elektromagnetinio slopinimo bei svyravim\u0173 ir rezonanso tyrim\u0173. Tai puikus mokymo \u012frankis gilintis \u012f tokius fundamentalius fizikinius rei\u0161kinius kaip greitis, j\u0117ga, pagreitis, impulsas ir energija.<\/p>\n<p>Privalumai:<\/p>\n<p>Du ve\u017eim\u0117liai su integruotais jutikliais viename rinkinyje.<br \/>\nElektromagnetinis paleidiklis ir slopinimo \u012franga.<br \/>\nReguliuojamas vibracij\u0173 generatorius su skaitmeniniu ekranu.<\/p>\n<p>Techniniai duomenys:<\/p>\n<p>J\u0117gos matavimas:<br \/>\nDiapazonas: 10 N \/ 50 N<br \/>\nRai\u0161ka: 0,01 N \/ 0,03 N<br \/>\nImties da\u017enis: 1000 Hz<br \/>\nGrei\u010dio ir pad\u0117ties matavimas:<br \/>\nDiapazonas: iki 3 m\/s<br \/>\nRai\u0161ka (grei\u010dio): 0,001 m\/s<br \/>\nRai\u0161ka (pad\u0117ties): 0,1 mm<br \/>\nImties da\u017enis: 800 Hz<br \/>\nPagrei\u010dio matavimas:<br \/>\nDiapazonas: 16 g<br \/>\nRai\u0161ka: 0,01 g<br \/>\nKomplekte:<br \/>\nVibracij\u0173 generatorius su skaitmeniniu ekranu<br \/>\nElektromagnetinio slopinimo \u012franga<br \/>\nElektromagnetinis ve\u017eim\u0117li\u0173 paleidiklis<\/p>\n","protected":false},"excerpt":{"rendered":"<p>I\u0161samus fizikos eksperiment\u0173 rinkinys su dviem ve\u017eim\u0117liais, takeliu ir \u012franga.<\/p>\n","protected":false},"featured_media":6991,"comment_status":"open","ping_status":"closed","template":"","meta":{"_acf_changed":false},"product_brand":[304],"product_cat":[291],"product_tag":[],"class_list":{"0":"post-6990","1":"product","2":"type-product","3":"status-publish","4":"has-post-thumbnail","6":"product_brand-phywe","7":"product_cat-judejimas-ir-jega","9":"first","10":"instock","11":"taxable","12":"shipping-taxable","13":"purchasable","14":"product-type-simple"},"acf":[],"_links":{"self":[{"href":"https:\/\/gridamokykloms.lt\/en\/wp-json\/wp\/v2\/product\/6990","targetHints":{"allow":["GET"]}}],"collection":[{"href":"https:\/\/gridamokykloms.lt\/en\/wp-json\/wp\/v2\/product"}],"about":[{"href":"https:\/\/gridamokykloms.lt\/en\/wp-json\/wp\/v2\/types\/product"}],"replies":[{"embeddable":true,"href":"https:\/\/gridamokykloms.lt\/en\/wp-json\/wp\/v2\/comments?post=6990"}],"wp:featuredmedia":[{"embeddable":true,"href":"https:\/\/gridamokykloms.lt\/en\/wp-json\/wp\/v2\/media\/6991"}],"wp:attachment":[{"href":"https:\/\/gridamokykloms.lt\/en\/wp-json\/wp\/v2\/media?parent=6990"}],"wp:term":[{"taxonomy":"product_brand","embeddable":true,"href":"https:\/\/gridamokykloms.lt\/en\/wp-json\/wp\/v2\/product_brand?post=6990"},{"taxonomy":"product_cat","embeddable":true,"href":"https:\/\/gridamokykloms.lt\/en\/wp-json\/wp\/v2\/product_cat?post=6990"},{"taxonomy":"product_tag","embeddable":true,"href":"https:\/\/gridamokykloms.lt\/en\/wp-json\/wp\/v2\/product_tag?post=6990"}],"curies":[{"name":"wp","href":"https:\/\/api.w.org\/{rel}","templated":true}]}}