{"id":6992,"date":"2025-08-05T13:47:11","date_gmt":"2025-08-05T13:47:11","guid":{"rendered":"https:\/\/gridamokykloms.lt\/produktas\/cobra-digicart-pagrindinis-rinkinys\/"},"modified":"2025-08-05T13:47:11","modified_gmt":"2025-08-05T13:47:11","slug":"cobra-digicart-pagrindinis-rinkinys","status":"publish","type":"product","link":"https:\/\/gridamokykloms.lt\/en\/produktas\/cobra-digicart-pagrindinis-rinkinys\/","title":{"rendered":"Cobra DigiCart pagrindinis rinkinys"},"content":{"rendered":"<p>Cobra DigiCart pagrindinis rinkinys apima vis\u0105 reikaling\u0105 bazin\u0119 \u012frang\u0105 eksperimentams atlikti. Ve\u017eim\u0117lis perduoda duomenis belaid\u017eiu b\u016bdu per \u201eBluetooth 4\u201c, tod\u0117l puikiai veikia su plan\u0161et\u0117mis ir i\u0161maniaisiais \u012frenginiais naudojant \u201ePHYWE DigiCart\u201c program\u0117l\u0119 (Android, iOS).<br \/>\n\u0160is rinkinys leid\u017eia atlikti \u012fvairius eksperimentus dinamikos tematika: tirti jud\u0117jimo teorij\u0105, Niutono d\u0117snius, jud\u0117jim\u0105 nuolyd\u017eiu, impuls\u0105 ir kitus pagrindinius fizikos d\u0117snius.<\/p>\n<p>Privalumai:<\/p>\n<p>Pilnas eksperiment\u0173 rinkinys \u2013 ve\u017eim\u0117lis, auk\u0161\u010dio reguliuojamas 1,2 m takelis ir papildoma \u012franga.<br \/>\nIntegruoti jutikliai j\u0117gai, grei\u010diui, pagrei\u010diui ir pad\u0117\u010diai matuoti.<br \/>\nMa\u017eos trinties ratukai u\u017etikrina skland\u0173 ir tiksl\u0173 jud\u0117jim\u0105.<\/p>\n<p>Techniniai duomenys:<\/p>\n<p>J\u0117gos matavimas:<br \/>\nDiapazonas: 10 N \/ 50 N<br \/>\nRai\u0161ka: 0,01 N \/ 0,03 N<br \/>\nImties da\u017enis: 1000 Hz \/ 5000 Hz<br \/>\nGrei\u010dio ir pad\u0117ties matavimas:<br \/>\nDiapazonas: iki 3 m\/s<br \/>\nRai\u0161ka (grei\u010dio): 0,001 m\/s<br \/>\nRai\u0161ka (pad\u0117ties): 0,1 mm<br \/>\nImties da\u017enis: 800 Hz<br \/>\nPagrei\u010dio matavimas:<br \/>\nDiapazonas: 16 g<br \/>\nRai\u0161ka: 0,01 g<br \/>\nImties da\u017enis: 500 Hz<br \/>\nKomplekte: reguliuojamo auk\u0161\u010dio 1,2 m takelis<br \/>\n\u012ekraunama li\u010dio baterija<\/p>\n","protected":false},"excerpt":{"rendered":"<p>Pilnas rinkinys fizikos eksperimentams \u2013 ve\u017eim\u0117lis su jutikliais, takelis ir \u012franga jud\u0117jimo d\u0117sniams tirti.<\/p>\n","protected":false},"featured_media":6993,"comment_status":"open","ping_status":"closed","template":"","meta":{"_acf_changed":false},"product_brand":[304],"product_cat":[291],"product_tag":[],"class_list":{"0":"post-6992","1":"product","2":"type-product","3":"status-publish","4":"has-post-thumbnail","6":"product_brand-phywe","7":"product_cat-judejimas-ir-jega","9":"first","10":"instock","11":"taxable","12":"shipping-taxable","13":"purchasable","14":"product-type-simple"},"acf":[],"_links":{"self":[{"href":"https:\/\/gridamokykloms.lt\/en\/wp-json\/wp\/v2\/product\/6992","targetHints":{"allow":["GET"]}}],"collection":[{"href":"https:\/\/gridamokykloms.lt\/en\/wp-json\/wp\/v2\/product"}],"about":[{"href":"https:\/\/gridamokykloms.lt\/en\/wp-json\/wp\/v2\/types\/product"}],"replies":[{"embeddable":true,"href":"https:\/\/gridamokykloms.lt\/en\/wp-json\/wp\/v2\/comments?post=6992"}],"wp:featuredmedia":[{"embeddable":true,"href":"https:\/\/gridamokykloms.lt\/en\/wp-json\/wp\/v2\/media\/6993"}],"wp:attachment":[{"href":"https:\/\/gridamokykloms.lt\/en\/wp-json\/wp\/v2\/media?parent=6992"}],"wp:term":[{"taxonomy":"product_brand","embeddable":true,"href":"https:\/\/gridamokykloms.lt\/en\/wp-json\/wp\/v2\/product_brand?post=6992"},{"taxonomy":"product_cat","embeddable":true,"href":"https:\/\/gridamokykloms.lt\/en\/wp-json\/wp\/v2\/product_cat?post=6992"},{"taxonomy":"product_tag","embeddable":true,"href":"https:\/\/gridamokykloms.lt\/en\/wp-json\/wp\/v2\/product_tag?post=6992"}],"curies":[{"name":"wp","href":"https:\/\/api.w.org\/{rel}","templated":true}]}}