{"id":6995,"date":"2025-08-05T13:47:11","date_gmt":"2025-08-05T13:47:11","guid":{"rendered":"https:\/\/gridamokykloms.lt\/produktas\/cobra-smartsense-code-isvesties-irenginys\/"},"modified":"2025-08-05T13:47:11","modified_gmt":"2025-08-05T13:47:11","slug":"cobra-smartsense-code-isvesties-irenginys","status":"publish","type":"product","link":"https:\/\/gridamokykloms.lt\/en\/produktas\/cobra-smartsense-code-isvesties-irenginys\/","title":{"rendered":"Cobra SMARTsense Code i\u0161vesties \u012frenginys"},"content":{"rendered":"<p>Cobra SMARTsense Code i\u0161vesties \u012frenginys leid\u017eia valdyti \u012fvairius komponentus \u2013 rel\u0117s jungiklius, LED \u0161viesas, garsiakalb\u012f ir spalvot\u0105 ekran\u0105, tod\u0117l puikiai tinka automatizavimo ir i\u0161mani\u0173j\u0173 nam\u0173 technologij\u0173 pagrindams pa\u017einti. \u012erenginys gali b\u016bti prijungtas belaid\u017eiu (Bluetooth 5.4) arba laidiniu (USB-C) b\u016bdu prie i\u0161maniojo telefono, plan\u0161et\u0117s ar kompiuterio.<\/p>\n<p>Naudojant \u201emeasureAPP\u201c program\u0117l\u0119 (iOS, Android, Windows), galima lengvai valdyti \u012frenginio funkcijas. Sud\u0117tingesnei kontrolei galima naudoti \u201emeasureLAB\u201c program\u0105 (Windows, macOS). Taip pat palaikomas nepriklausomas (offline) re\u017eimas.<br \/>\nCobra SMARTsense Code gali b\u016bti derinamas su kitais SMARTsense jutikliais \u2013 taip mokiniai prakti\u0161kai susipa\u017e\u012fsta su matavim\u0173 perdavimu, signal\u0173 valdymu ir i\u0161vesties procesais fizikos, informatikos ar technologij\u0173 pamokose.<\/p>\n<p>Privalumai:<\/p>\n<p>Paprasta naudoti: veikia i\u0161kart su Bluetooth \u012frenginiais<br \/>\nPlatus pritaikymas: daugiau nei 40 jutikli\u0173 ir 70 skirting\u0173 matavim\u0173 visiems mokomiesiems dalykams<br \/>\nIlgas veikimo laikas: iki 50 valand\u0173 vienu baterijos \u012fkrovimu<br \/>\nLankstumas: \u201emeasureAPP\u201c veikia visuose mobiliuose \u012frenginiuose; sud\u0117tingesniems scenarijams \u2013 \u201emeasureLAB\u201c programa<br \/>\nNa\u0161umas: iki 32 000 matavim\u0173 per sekund\u0119 ir iki 17 kanal\u0173 vienu metu<br \/>\nRy\u0161ys: greitas prijungimas ir valdymas per Bluetooth ar USB<\/p>\n<p>Techniniai duomenys:<\/p>\n<p>Rel\u0117s (2 vnt.):<br \/>\nMaks. jungimo galia DC: 30 V \/ 10 A<br \/>\nMaks. jungimo galia AC: 250 V \/ 10 A<br \/>\nRGB LED<br \/>\nOLED ekranas:<br \/>\nDydis: 1,44&#8243;<br \/>\nRai\u0161ka: 128\u00d7128 pikseli\u0173<br \/>\nSpalvos: 65 000<br \/>\nGarsiakalbis:<br \/>\nDa\u017eni\u0173 diapazonas: 10 Hz &#8230; 10 000 Hz<br \/>\nValdymo mygtukai: 5 vnt.<br \/>\nBluetooth versija: 5.4<br \/>\nBaterija: \u012ekraunama li\u010dio polimero baterija per USB-C jungt\u012f<\/p>\n","protected":false},"excerpt":{"rendered":"<p>I\u0161vesties \u012frenginys su rel\u0117mis, LED, garsiakalbiu ir ekranu.<\/p>\n","protected":false},"featured_media":6997,"comment_status":"open","ping_status":"closed","template":"","meta":{"_acf_changed":false},"product_brand":[304],"product_cat":[286],"product_tag":[],"class_list":{"0":"post-6995","1":"product","2":"type-product","3":"status-publish","4":"has-post-thumbnail","6":"product_brand-phywe","7":"product_cat-jutikliai","9":"first","10":"instock","11":"taxable","12":"shipping-taxable","13":"purchasable","14":"product-type-simple"},"acf":[],"_links":{"self":[{"href":"https:\/\/gridamokykloms.lt\/en\/wp-json\/wp\/v2\/product\/6995","targetHints":{"allow":["GET"]}}],"collection":[{"href":"https:\/\/gridamokykloms.lt\/en\/wp-json\/wp\/v2\/product"}],"about":[{"href":"https:\/\/gridamokykloms.lt\/en\/wp-json\/wp\/v2\/types\/product"}],"replies":[{"embeddable":true,"href":"https:\/\/gridamokykloms.lt\/en\/wp-json\/wp\/v2\/comments?post=6995"}],"wp:featuredmedia":[{"embeddable":true,"href":"https:\/\/gridamokykloms.lt\/en\/wp-json\/wp\/v2\/media\/6997"}],"wp:attachment":[{"href":"https:\/\/gridamokykloms.lt\/en\/wp-json\/wp\/v2\/media?parent=6995"}],"wp:term":[{"taxonomy":"product_brand","embeddable":true,"href":"https:\/\/gridamokykloms.lt\/en\/wp-json\/wp\/v2\/product_brand?post=6995"},{"taxonomy":"product_cat","embeddable":true,"href":"https:\/\/gridamokykloms.lt\/en\/wp-json\/wp\/v2\/product_cat?post=6995"},{"taxonomy":"product_tag","embeddable":true,"href":"https:\/\/gridamokykloms.lt\/en\/wp-json\/wp\/v2\/product_tag?post=6995"}],"curies":[{"name":"wp","href":"https:\/\/api.w.org\/{rel}","templated":true}]}}