{"id":6998,"date":"2025-08-05T13:47:11","date_gmt":"2025-08-05T13:47:11","guid":{"rendered":"https:\/\/gridamokykloms.lt\/produktas\/cobra-smartsense-sviesos-ir-spalvu-jutiklis\/"},"modified":"2025-08-05T13:47:11","modified_gmt":"2025-08-05T13:47:11","slug":"cobra-smartsense-sviesos-ir-spalvu-jutiklis","status":"publish","type":"product","link":"https:\/\/gridamokykloms.lt\/en\/produktas\/cobra-smartsense-sviesos-ir-spalvu-jutiklis\/","title":{"rendered":"Cobra SMARTsense \u0161viesos ir spalv\u0173 jutiklis"},"content":{"rendered":"<p>Cobra SMARTsense \u0161viesos ir spalv\u0173 jutiklis leid\u017eia tiksliai matuoti matom\u0105 ir ultravioletin\u0119 \u0161vies\u0105. Jame integruotas RGB spalv\u0173 sensorius nustato pagrindini\u0173 spalv\u0173 \u2013 raudonos, \u017ealios ir m\u0117lynos \u2013 santykines proporcijas ap\u0161viestoje vietoje. \u0160is jutiklis puikiai tinka skirting\u0173 spalv\u0173 ir pavir\u0161i\u0173 atspind\u017eio savybi\u0173 analizei.<\/p>\n<p>Jutiklis gali b\u016bti prijungtas belaid\u017eiu b\u016bdu (Bluetooth 5.3) arba laidiniu (USB) prie i\u0161maniojo telefono, plan\u0161et\u0117s ar kompiuterio. Matavim\u0173 duomenys gali b\u016bti fiksuojami ir be tiesioginio ry\u0161io su \u012frenginiu, o v\u0117liau per\u017ei\u016brimi. \u201emeasureAPP\u201c program\u0117l\u0117je (iOS, Android, Windows) rezultatai lengvai \u012fra\u0161omi ir atvaizduojami grafi\u0161kai. Sud\u0117tingesnei analizei prieinama \u201emeasureLAB\u201c programa (Windows, macOS).<\/p>\n<p>Praktinis pritaikymas pamokose:<\/p>\n<p>\u0160viesos intensyvumo ir ultravioletin\u0117s spinduliuot\u0117s matavimas<br \/>\nSpalv\u0173 spektro ir atspind\u017eio analiz\u0117<br \/>\nEksperimentai su \u012fvairi\u0173 spalv\u0173 pavir\u0161iais ir j\u0173 savyb\u0117mis<\/p>\n<p>Privalumai:<\/p>\n<p>Platus pritaikymas: daugiau nei 40 jutikli\u0173 ir 70 matavim\u0173 gamtos moksl\u0173 mokymuisi.<br \/>\nDidelis tikslumas: iki 32 000 matavim\u0173 per sekund\u0119 ir daugialyp\u0117 duomen\u0173 apdorojimo galimyb\u0117.<br \/>\nPlatus suderinamumas: veikia su pagrindin\u0117mis mobiliomis ir stalini\u0173 \u012frengini\u0173 platformomis.<\/p>\n<p>Techniniai duomenys:<\/p>\n<p>\u0160viesumas: 0 &#8230; 200 000 lx, rai\u0161ka 1 lx, imties da\u017enis 1000 Hz<br \/>\nUV spinduliuot\u0117 (UVA, UVB, UVC): 0 &#8230; 400 W\/m\u00b2, rai\u0161ka 0,1 W\/m\u00b2, bangos ilgis 210\u2013370 nm, imties da\u017enis 1 Hz<br \/>\nRGB\/IR: santykinis diapazonas 0 &#8230; 1000, bangos ilgiai: raudona 580\u2013720 nm, \u017ealia 450\u2013600 nm, m\u0117lyna 400\u2013520 nm, IR 780\u20131100 nm, imties da\u017enis 1 Hz<br \/>\nBluetooth versija: 5.3<br \/>\nMaitinimas: USB-C \u012fkraunama li\u010dio polimer\u0173 baterija<br \/>\nKomplekte: trikojis stovas (l = 100 mm, d = 10 mm, sriegis M6) ir USB-C jungtis su laidu<\/p>\n","protected":false},"excerpt":{"rendered":"<p>Jutiklis \u0161viesos ir UV spinduliuot\u0117s matavimui bei RGB spalv\u0173 atpa\u017einimui.<\/p>\n","protected":false},"featured_media":6999,"comment_status":"open","ping_status":"closed","template":"","meta":{"_acf_changed":false},"product_brand":[304],"product_cat":[286],"product_tag":[],"class_list":{"0":"post-6998","1":"product","2":"type-product","3":"status-publish","4":"has-post-thumbnail","6":"product_brand-phywe","7":"product_cat-jutikliai","9":"first","10":"instock","11":"taxable","12":"shipping-taxable","13":"purchasable","14":"product-type-simple"},"acf":[],"_links":{"self":[{"href":"https:\/\/gridamokykloms.lt\/en\/wp-json\/wp\/v2\/product\/6998","targetHints":{"allow":["GET"]}}],"collection":[{"href":"https:\/\/gridamokykloms.lt\/en\/wp-json\/wp\/v2\/product"}],"about":[{"href":"https:\/\/gridamokykloms.lt\/en\/wp-json\/wp\/v2\/types\/product"}],"replies":[{"embeddable":true,"href":"https:\/\/gridamokykloms.lt\/en\/wp-json\/wp\/v2\/comments?post=6998"}],"wp:featuredmedia":[{"embeddable":true,"href":"https:\/\/gridamokykloms.lt\/en\/wp-json\/wp\/v2\/media\/6999"}],"wp:attachment":[{"href":"https:\/\/gridamokykloms.lt\/en\/wp-json\/wp\/v2\/media?parent=6998"}],"wp:term":[{"taxonomy":"product_brand","embeddable":true,"href":"https:\/\/gridamokykloms.lt\/en\/wp-json\/wp\/v2\/product_brand?post=6998"},{"taxonomy":"product_cat","embeddable":true,"href":"https:\/\/gridamokykloms.lt\/en\/wp-json\/wp\/v2\/product_cat?post=6998"},{"taxonomy":"product_tag","embeddable":true,"href":"https:\/\/gridamokykloms.lt\/en\/wp-json\/wp\/v2\/product_tag?post=6998"}],"curies":[{"name":"wp","href":"https:\/\/api.w.org\/{rel}","templated":true}]}}