{"id":7000,"date":"2025-08-05T13:47:11","date_gmt":"2025-08-05T13:47:11","guid":{"rendered":"https:\/\/gridamokykloms.lt\/produktas\/cobra-smartsense-kraujospudzio-jutiklis\/"},"modified":"2025-08-05T13:47:11","modified_gmt":"2025-08-05T13:47:11","slug":"cobra-smartsense-kraujospudzio-jutiklis","status":"publish","type":"product","link":"https:\/\/gridamokykloms.lt\/en\/produktas\/cobra-smartsense-kraujospudzio-jutiklis\/","title":{"rendered":"Cobra SMARTsense kraujosp\u016bd\u017eio jutiklis"},"content":{"rendered":"<p>Cobra SMARTsense kraujosp\u016bd\u017eio jutiklis leid\u017eia paprastai ir greitai matuoti \u017emogaus kraujosp\u016bd\u012f ir puls\u0105. Tai puiki priemon\u0117 giliau pa\u017einti \u017emogaus kraujotakos sistemos veikim\u0105 bei atlikti \u012fvairius tyrimus. Jutiklis gali b\u016bti jungiamas belaid\u017eiu b\u016bdu (Bluetooth 5.0) arba laidu (USB) prie bet kurio i\u0161maniojo \u012frenginio \u2013 telefono, plan\u0161et\u0117s ar kompiuterio.<\/p>\n<p>Naudojant nemokam\u0105 \u201emeasureAPP\u201c program\u0117l\u0119 (iOS, Android, Windows), galima realiu laiku steb\u0117ti ir analizuoti matavim\u0173 duomenis. Sud\u0117tingesnei analizei galima pasitelkti \u201emeasureLAB\u201c program\u0105, skirt\u0105 Windows ir macOS sistemoms. Jutiklis taip pat palaiko duomen\u0173 rinkim\u0105 be ry\u0161io su \u012frenginiu \u2013 jie v\u0117liau perkeliami ir analizuojami.<\/p>\n<p>Privalumai:<\/p>\n<p>Platus pritaikymas: daugiau nei 40 jutikli\u0173 su 70+ skirting\u0173 matavimo funkcij\u0173 \u2013 visiems mokomiesiems dalykams.<br \/>\nDidelis tikslumas: iki 32 000 matavim\u0173 per sekund\u0119, 17 matavimo kanal\u0173 vienu metu.<br \/>\nPlatus suderinamumas: veikia visuose \u012frenginiuose su iOS, Android, Windows ir macOS.<\/p>\n<p>Techniniai duomenys:<\/p>\n<p>Diapazonas: 0 &#8230; 300 mmHg<br \/>\nRai\u0161ka: 0,05 mmHg<br \/>\nImties da\u017enis: 500 Hz<br \/>\nBluetooth versija: 5.0<br \/>\nKomplekte: kraujosp\u016bd\u017eio man\u017eet\u0117 su dvigubos \u017earnos sistema ir oro pompa.<br \/>\nJutiklis turi USB-C \u012fkraunam\u0105 li\u010dio polimer\u0173 baterij\u0105.<\/p>\n","protected":false},"excerpt":{"rendered":"<p>Jutiklis greitam ir tiksliam kraujosp\u016bd\u017eio bei pulso matavimui.<\/p>\n","protected":false},"featured_media":7001,"comment_status":"open","ping_status":"closed","template":"","meta":{"_acf_changed":false},"product_brand":[304],"product_cat":[286],"product_tag":[],"class_list":{"0":"post-7000","1":"product","2":"type-product","3":"status-publish","4":"has-post-thumbnail","6":"product_brand-phywe","7":"product_cat-jutikliai","9":"first","10":"instock","11":"taxable","12":"shipping-taxable","13":"purchasable","14":"product-type-simple"},"acf":[],"_links":{"self":[{"href":"https:\/\/gridamokykloms.lt\/en\/wp-json\/wp\/v2\/product\/7000","targetHints":{"allow":["GET"]}}],"collection":[{"href":"https:\/\/gridamokykloms.lt\/en\/wp-json\/wp\/v2\/product"}],"about":[{"href":"https:\/\/gridamokykloms.lt\/en\/wp-json\/wp\/v2\/types\/product"}],"replies":[{"embeddable":true,"href":"https:\/\/gridamokykloms.lt\/en\/wp-json\/wp\/v2\/comments?post=7000"}],"wp:featuredmedia":[{"embeddable":true,"href":"https:\/\/gridamokykloms.lt\/en\/wp-json\/wp\/v2\/media\/7001"}],"wp:attachment":[{"href":"https:\/\/gridamokykloms.lt\/en\/wp-json\/wp\/v2\/media?parent=7000"}],"wp:term":[{"taxonomy":"product_brand","embeddable":true,"href":"https:\/\/gridamokykloms.lt\/en\/wp-json\/wp\/v2\/product_brand?post=7000"},{"taxonomy":"product_cat","embeddable":true,"href":"https:\/\/gridamokykloms.lt\/en\/wp-json\/wp\/v2\/product_cat?post=7000"},{"taxonomy":"product_tag","embeddable":true,"href":"https:\/\/gridamokykloms.lt\/en\/wp-json\/wp\/v2\/product_tag?post=7000"}],"curies":[{"name":"wp","href":"https:\/\/api.w.org\/{rel}","templated":true}]}}