{"id":7002,"date":"2025-08-05T13:47:11","date_gmt":"2025-08-05T13:47:11","guid":{"rendered":"https:\/\/gridamokykloms.lt\/produktas\/cobra-smartsense-dvigubas-sviesos-barjeras\/"},"modified":"2025-08-05T13:47:11","modified_gmt":"2025-08-05T13:47:11","slug":"cobra-smartsense-dvigubas-sviesos-barjeras","status":"publish","type":"product","link":"https:\/\/gridamokykloms.lt\/en\/produktas\/cobra-smartsense-dvigubas-sviesos-barjeras\/","title":{"rendered":"Cobra SMARTsense dvigubas \u0161viesos barjeras"},"content":{"rendered":"<p>Cobra SMARTsense dvigubas \u0161viesos barjeras \u2013 tai tiksli ir universali priemon\u0117, skirta laikui, grei\u010diui, pagrei\u010diui ar \u012fvyki\u0173 skai\u010diui matuoti \u012fvairiuose fizikos eksperimentuose. Puikiai tinka \u0161vytuokl\u0117s, laisvojo kritimo, ried\u0117jimo ar kit\u0173 dinamikos rei\u0161kini\u0173 tyrimams. Jutikl\u012f galima naudoti tiek prijungus prie skaitmeninio \u012frenginio (Bluetooth arba USB), tiek ir savaranki\u0161kai \u2013 jame integruotas ekranas leid\u017eia steb\u0117ti matavimus net be kompiuterio ar plan\u0161et\u0117s.<\/p>\n<p>Duomenys fiksuojami naudojantis nemokama \u201emeasureAPP\u201c program\u0117le (iOS, Android, Windows), o gilesnei analizei \u2013 profesionalia \u201emeasureLAB\u201c programa (Windows, macOS). Jutiklis palaiko itin didel\u012f matavimo tikslum\u0105 ir greit\u012f, tod\u0117l u\u017etikrina patikimus ir detalius rezultatus.<\/p>\n<p>Privalumai:<\/p>\n<p>Platus pritaikymas: leid\u017eia atlikti daugyb\u0119 skirting\u0173 eksperiment\u0173 \u2013 nuo mechanikos iki jud\u0117jimo analiz\u0117s.<br \/>\nDidelis tikslumas: matavimo rai\u0161ka siekia 1 mikrosekund\u0119, u\u017etikrinant precizinius rezultatus.<\/p>\n<p>Techniniai duomenys:<\/p>\n<p>Laikas: 0 \u2026 \u221e s, rai\u0161ka: 1 \u00b5s<br \/>\nGreitis: \u00b1100 m\/s, rai\u0161ka: 0,01 m\/s<br \/>\nPagreitis: \u00b1100 m\/s\u00b2, rai\u0161ka: 0,01 m\/s\u00b2<br \/>\nSkaitiklis: 0 \u2026 \u221e<br \/>\nImties da\u017enis: 1000 Hz<br \/>\nBluetooth versija: 5.0<br \/>\nKomplekte:<br \/>\nTvirtinimo strypas: ilgis 100 mm, skersmuo 10 mm, sriegis M6<br \/>\n\u012ekraunama li\u010dio polimer\u0173 baterija su USB-C jungtimi.<\/p>\n","protected":false},"excerpt":{"rendered":"<p>Dvigubas fotovart\u0173 jutiklis laikui, grei\u010diui, pagrei\u010diui ar \u012fvyki\u0173 skai\u010diui matuoti.<\/p>\n","protected":false},"featured_media":7003,"comment_status":"open","ping_status":"closed","template":"","meta":{"_acf_changed":false},"product_brand":[304],"product_cat":[286],"product_tag":[],"class_list":{"0":"post-7002","1":"product","2":"type-product","3":"status-publish","4":"has-post-thumbnail","6":"product_brand-phywe","7":"product_cat-jutikliai","9":"first","10":"instock","11":"taxable","12":"shipping-taxable","13":"purchasable","14":"product-type-simple"},"acf":[],"_links":{"self":[{"href":"https:\/\/gridamokykloms.lt\/en\/wp-json\/wp\/v2\/product\/7002","targetHints":{"allow":["GET"]}}],"collection":[{"href":"https:\/\/gridamokykloms.lt\/en\/wp-json\/wp\/v2\/product"}],"about":[{"href":"https:\/\/gridamokykloms.lt\/en\/wp-json\/wp\/v2\/types\/product"}],"replies":[{"embeddable":true,"href":"https:\/\/gridamokykloms.lt\/en\/wp-json\/wp\/v2\/comments?post=7002"}],"wp:featuredmedia":[{"embeddable":true,"href":"https:\/\/gridamokykloms.lt\/en\/wp-json\/wp\/v2\/media\/7003"}],"wp:attachment":[{"href":"https:\/\/gridamokykloms.lt\/en\/wp-json\/wp\/v2\/media?parent=7002"}],"wp:term":[{"taxonomy":"product_brand","embeddable":true,"href":"https:\/\/gridamokykloms.lt\/en\/wp-json\/wp\/v2\/product_brand?post=7002"},{"taxonomy":"product_cat","embeddable":true,"href":"https:\/\/gridamokykloms.lt\/en\/wp-json\/wp\/v2\/product_cat?post=7002"},{"taxonomy":"product_tag","embeddable":true,"href":"https:\/\/gridamokykloms.lt\/en\/wp-json\/wp\/v2\/product_tag?post=7002"}],"curies":[{"name":"wp","href":"https:\/\/api.w.org\/{rel}","templated":true}]}}