{"id":7006,"date":"2025-08-05T13:47:11","date_gmt":"2025-08-05T13:47:11","guid":{"rendered":"https:\/\/gridamokykloms.lt\/produktas\/cobra-smartsense-3-asiu-magnetinio-lauko-jutiklis\/"},"modified":"2025-08-05T13:47:11","modified_gmt":"2025-08-05T13:47:11","slug":"cobra-smartsense-3-asiu-magnetinio-lauko-jutiklis","status":"publish","type":"product","link":"https:\/\/gridamokykloms.lt\/en\/produktas\/cobra-smartsense-3-asiu-magnetinio-lauko-jutiklis\/","title":{"rendered":"Cobra SMARTsense 3 a\u0161i\u0173 magnetinio lauko jutiklis"},"content":{"rendered":"<p>Cobra SMARTsense 3 a\u0161i\u0173 magnetinio lauko jutiklis leid\u017eia matuoti magnetinio lauko stipr\u012f ir krypt\u012f visomis trimis erdv\u0117s kryptimis \u2013 tai leid\u017eia tiksliai nustatyti tiek pastovi\u0173 magnet\u0173, tiek kintan\u010di\u0173 lauk\u0173 savybes. Jutiklis tinkamas tiek nuolatini\u0173 magnet\u0173, tiek laidinink\u0173 srov\u0117s kuriamiems laukams matuoti, taip pat \u017dem\u0117s magnetiniam laukui tirti.<\/p>\n<p>Jutiklis gali b\u016bti prijungiamas prie kompiuterio, plan\u0161et\u0117s ar i\u0161maniojo telefono per Bluetooth arba USB jungt\u012f. Matavimus galima atlikti tiesiogiai arba neprisijungus (naudojant vidin\u0119 atmint\u012f), o duomenys lengvai pasiekiami per \u201emeasureAPP\u201c (iOS, Android, Windows). I\u0161samesnei analizei skirtas \u201emeasureLAB\u201c (Windows, macOS).<\/p>\n<p>Naudojimo galimyb\u0117s pamokose:<\/p>\n<p>\u017dem\u0117s magnetinio lauko krypties ir intensyvumo nustatymas<br \/>\nMagnet\u0173 savybi\u0173 tyrimai<br \/>\nKryptinio lauko poky\u010di\u0173 steb\u0117jimas priklausomai nuo pad\u0117ties erdv\u0117je<\/p>\n<p>Privalumai:<\/p>\n<p>Didelis tikslumas: leid\u017eia dirbti skirtinguose diapazonuose \u2013 nuo \u00b5T iki \u0161imt\u0173 mT.<br \/>\nPlatus suderinamumas: tinka daugumai \u012frengini\u0173, veikia per Bluetooth arba USB.<\/p>\n<p>Techniniai duomenys:<\/p>\n<p>Matavimo diapazonai: \u00b1130 mT (platus); \u00b15 mT (tikslus)<br \/>\nRai\u0161ka: 0,1 mT (platus); 1,5 \u00b5T (tikslus)<br \/>\nImties da\u017enis: 500 Hz<br \/>\nBluetooth versija: 5.0<br \/>\nMaitinimas: \u012fkraunama li\u010dio polimer\u0173 baterija su USB-C jungtimi<\/p>\n","protected":false},"excerpt":{"rendered":"<p>Tikslus trimatis jutiklis magnetinio lauko stipriui ir kryp\u010diai nustatyti.<\/p>\n","protected":false},"featured_media":7007,"comment_status":"open","ping_status":"closed","template":"","meta":{"_acf_changed":false},"product_brand":[304],"product_cat":[286],"product_tag":[],"class_list":{"0":"post-7006","1":"product","2":"type-product","3":"status-publish","4":"has-post-thumbnail","6":"product_brand-phywe","7":"product_cat-jutikliai","9":"first","10":"instock","11":"taxable","12":"shipping-taxable","13":"purchasable","14":"product-type-simple"},"acf":[],"_links":{"self":[{"href":"https:\/\/gridamokykloms.lt\/en\/wp-json\/wp\/v2\/product\/7006","targetHints":{"allow":["GET"]}}],"collection":[{"href":"https:\/\/gridamokykloms.lt\/en\/wp-json\/wp\/v2\/product"}],"about":[{"href":"https:\/\/gridamokykloms.lt\/en\/wp-json\/wp\/v2\/types\/product"}],"replies":[{"embeddable":true,"href":"https:\/\/gridamokykloms.lt\/en\/wp-json\/wp\/v2\/comments?post=7006"}],"wp:featuredmedia":[{"embeddable":true,"href":"https:\/\/gridamokykloms.lt\/en\/wp-json\/wp\/v2\/media\/7007"}],"wp:attachment":[{"href":"https:\/\/gridamokykloms.lt\/en\/wp-json\/wp\/v2\/media?parent=7006"}],"wp:term":[{"taxonomy":"product_brand","embeddable":true,"href":"https:\/\/gridamokykloms.lt\/en\/wp-json\/wp\/v2\/product_brand?post=7006"},{"taxonomy":"product_cat","embeddable":true,"href":"https:\/\/gridamokykloms.lt\/en\/wp-json\/wp\/v2\/product_cat?post=7006"},{"taxonomy":"product_tag","embeddable":true,"href":"https:\/\/gridamokykloms.lt\/en\/wp-json\/wp\/v2\/product_tag?post=7006"}],"curies":[{"name":"wp","href":"https:\/\/api.w.org\/{rel}","templated":true}]}}