{"id":7008,"date":"2025-08-05T13:47:11","date_gmt":"2025-08-05T13:47:11","guid":{"rendered":"https:\/\/gridamokykloms.lt\/produktas\/cobra-smartsense-etanolio-garu-jutiklis\/"},"modified":"2025-08-05T13:47:11","modified_gmt":"2025-08-05T13:47:11","slug":"cobra-smartsense-etanolio-garu-jutiklis","status":"publish","type":"product","link":"https:\/\/gridamokykloms.lt\/en\/produktas\/cobra-smartsense-etanolio-garu-jutiklis\/","title":{"rendered":"Cobra SMARTsense etanolio gar\u0173 jutiklis"},"content":{"rendered":"<p>Cobra SMARTsense etanolio gar\u0173 jutiklis leid\u017eia tiksliai nustatyti etanolio koncentracij\u0105 ore nuo 0 iki 3\u202f%. Jis ypa\u010d naudingas atliekant biologinius ir cheminius eksperimentus, pavyzd\u017eiui, tiriant vaisi\u0173 r\u016bgim\u0105 ar alkoholio fermentacijos proces\u0105 alaus gamyboje. Jutiklis naudoja dujoms selektyvi\u0105 elektrod\u0173 sistem\u0105, u\u017etikrinan\u010di\u0105 tikslius ir patikimus rezultatus.<\/p>\n<p>Jutiklis gali b\u016bti prijungiamas prie i\u0161mani\u0173j\u0173 \u012frengini\u0173 (telefon\u0173, plan\u0161e\u010di\u0173, kompiuteri\u0173) per Bluetooth arba USB jungt\u012f. Matavimus galima atlikti tiek realiuoju laiku, tiek naudoti jutikl\u012f neprisijungus (offline re\u017eimu), o duomenis v\u0117liau per\u017ei\u016br\u0117ti.<\/p>\n<p>Naudojimo galimyb\u0117s pamokose:<\/p>\n<p>Alkoholio fermentacijos eigos steb\u0117jimas vaisiuose ar g\u0117rimuose<br \/>\nOro kokyb\u0117s tyrimai su etanolio gar\u0173 poveikiu<\/p>\n<p>Privalumai:<\/p>\n<p>Platus pritaikymas: tinka biologijos, chemijos ir aplinkosaugos temoms.<br \/>\nDidelis tikslumas: jautrus \u017eemoms etanolio koncentracijoms.<br \/>\nPlatus suderinamumas: veikia tiek su Bluetooth, tiek su USB, \u012fvairiuose \u012frenginiuose.<\/p>\n<p>Techniniai duomenys:<\/p>\n<p>Matavimo diapazonas: 0 &#8230; 3\u202f%<br \/>\nImties da\u017enis: 100 Hz<br \/>\nBluetooth versija: 5.0<br \/>\nMaitinimas: \u012fkraunama li\u010dio polimer\u0173 baterija su USB-C jungtimi<\/p>\n","protected":false},"excerpt":{"rendered":"<p>Jautrus jutiklis etanolio gar\u0173 koncentracijai ore matuoti \u2013 puikiai tinka fermentacijos proces\u0173 steb\u0117jimui.<\/p>\n","protected":false},"featured_media":7009,"comment_status":"open","ping_status":"closed","template":"","meta":{"_acf_changed":false},"product_brand":[304],"product_cat":[286],"product_tag":[],"class_list":{"0":"post-7008","1":"product","2":"type-product","3":"status-publish","4":"has-post-thumbnail","6":"product_brand-phywe","7":"product_cat-jutikliai","9":"first","10":"instock","11":"taxable","12":"shipping-taxable","13":"purchasable","14":"product-type-simple"},"acf":[],"_links":{"self":[{"href":"https:\/\/gridamokykloms.lt\/en\/wp-json\/wp\/v2\/product\/7008","targetHints":{"allow":["GET"]}}],"collection":[{"href":"https:\/\/gridamokykloms.lt\/en\/wp-json\/wp\/v2\/product"}],"about":[{"href":"https:\/\/gridamokykloms.lt\/en\/wp-json\/wp\/v2\/types\/product"}],"replies":[{"embeddable":true,"href":"https:\/\/gridamokykloms.lt\/en\/wp-json\/wp\/v2\/comments?post=7008"}],"wp:featuredmedia":[{"embeddable":true,"href":"https:\/\/gridamokykloms.lt\/en\/wp-json\/wp\/v2\/media\/7009"}],"wp:attachment":[{"href":"https:\/\/gridamokykloms.lt\/en\/wp-json\/wp\/v2\/media?parent=7008"}],"wp:term":[{"taxonomy":"product_brand","embeddable":true,"href":"https:\/\/gridamokykloms.lt\/en\/wp-json\/wp\/v2\/product_brand?post=7008"},{"taxonomy":"product_cat","embeddable":true,"href":"https:\/\/gridamokykloms.lt\/en\/wp-json\/wp\/v2\/product_cat?post=7008"},{"taxonomy":"product_tag","embeddable":true,"href":"https:\/\/gridamokykloms.lt\/en\/wp-json\/wp\/v2\/product_tag?post=7008"}],"curies":[{"name":"wp","href":"https:\/\/api.w.org\/{rel}","templated":true}]}}