{"id":7010,"date":"2025-08-05T13:47:11","date_gmt":"2025-08-05T13:47:11","guid":{"rendered":"https:\/\/gridamokykloms.lt\/produktas\/cobra-smartsense-metano-jutiklis\/"},"modified":"2025-08-05T13:47:11","modified_gmt":"2025-08-05T13:47:11","slug":"cobra-smartsense-metano-jutiklis","status":"publish","type":"product","link":"https:\/\/gridamokykloms.lt\/en\/produktas\/cobra-smartsense-metano-jutiklis\/","title":{"rendered":"Cobra SMARTsense metano jutiklis"},"content":{"rendered":"<p>Cobra SMARTsense metano jutiklis leid\u017eia patogiai ir tiksliai i\u0161matuoti metano \u2013 vieno pagrindini\u0173 \u0161iltnamio efekt\u0105 sukelian\u010di\u0173 duj\u0173 \u2013 koncentracij\u0105. Jutiklis ypa\u010d tinkamas tiriamiesiems darbams, susijusiems su klimato kaita, atsinaujinan\u010dia energija (pvz., bioduj\u0173 gamyba) bei oro kokyb\u0117s vertinimu.<\/p>\n<p>Jutiklis jungiamas prie bet kurio skaitmeninio \u012frenginio per Bluetooth arba USB jungt\u012f ir gali veikti net neprijungtas \u2013 offline re\u017eimu. Duomenys \u012fra\u0161omi ir v\u0117liau gali b\u016bti per\u017ei\u016brimi bei analizuojami naudojantis \u201emeasureAPP\u201c program\u0117le arba pa\u017eangesne \u201emeasureLAB\u201c programine \u012franga.<\/p>\n<p>Naudojimo galimyb\u0117s pamokose:<\/p>\n<p>Metano emisij\u0173 steb\u0117jimas i\u0161 biologini\u0173 proces\u0173 ar atliek\u0173<br \/>\n\u0160iltnamio duj\u0173 koncentracijos palyginimai ir aplinkos tyrimai<\/p>\n<p>Privalumai:<\/p>\n<p>Platus pritaikymas: naudingas chemijos, biologijos ir geografijos eksperimentuose.<br \/>\nDidelis tikslumas: jautrus net ma\u017eoms metano koncentracijoms.<br \/>\nPlatus suderinamumas: veikia tiek su mobiliaisiais \u012frenginiais, tiek su kompiuteriais.<\/p>\n<p>Techniniai duomenys:<\/p>\n<p>Matavimo diapazonas: 0 &#8230; 10\u202f000 ppm<br \/>\nSkiriamoji geba: 3 ppm<br \/>\nImties da\u017enis: 100 Hz<br \/>\nBluetooth versija: 5.0<br \/>\nMaitinimas: USB-C \u012fkraunama li\u010dio polimer\u0173 baterija<\/p>\n","protected":false},"excerpt":{"rendered":"<p>Tikslaus matavimo jutiklis metano koncentracijai ore ar biodujos.<\/p>\n","protected":false},"featured_media":7011,"comment_status":"open","ping_status":"closed","template":"","meta":{"_acf_changed":false},"product_brand":[304],"product_cat":[286],"product_tag":[],"class_list":{"0":"post-7010","1":"product","2":"type-product","3":"status-publish","4":"has-post-thumbnail","6":"product_brand-phywe","7":"product_cat-jutikliai","9":"first","10":"instock","11":"taxable","12":"shipping-taxable","13":"purchasable","14":"product-type-simple"},"acf":[],"_links":{"self":[{"href":"https:\/\/gridamokykloms.lt\/en\/wp-json\/wp\/v2\/product\/7010","targetHints":{"allow":["GET"]}}],"collection":[{"href":"https:\/\/gridamokykloms.lt\/en\/wp-json\/wp\/v2\/product"}],"about":[{"href":"https:\/\/gridamokykloms.lt\/en\/wp-json\/wp\/v2\/types\/product"}],"replies":[{"embeddable":true,"href":"https:\/\/gridamokykloms.lt\/en\/wp-json\/wp\/v2\/comments?post=7010"}],"wp:featuredmedia":[{"embeddable":true,"href":"https:\/\/gridamokykloms.lt\/en\/wp-json\/wp\/v2\/media\/7011"}],"wp:attachment":[{"href":"https:\/\/gridamokykloms.lt\/en\/wp-json\/wp\/v2\/media?parent=7010"}],"wp:term":[{"taxonomy":"product_brand","embeddable":true,"href":"https:\/\/gridamokykloms.lt\/en\/wp-json\/wp\/v2\/product_brand?post=7010"},{"taxonomy":"product_cat","embeddable":true,"href":"https:\/\/gridamokykloms.lt\/en\/wp-json\/wp\/v2\/product_cat?post=7010"},{"taxonomy":"product_tag","embeddable":true,"href":"https:\/\/gridamokykloms.lt\/en\/wp-json\/wp\/v2\/product_tag?post=7010"}],"curies":[{"name":"wp","href":"https:\/\/api.w.org\/{rel}","templated":true}]}}