{"id":7012,"date":"2025-08-05T13:47:11","date_gmt":"2025-08-05T13:47:11","guid":{"rendered":"https:\/\/gridamokykloms.lt\/produktas\/cobra-smartsense-itin-tikslus-temperaturos-jutiklis\/"},"modified":"2025-08-05T13:47:11","modified_gmt":"2025-08-05T13:47:11","slug":"cobra-smartsense-itin-tikslus-temperaturos-jutiklis","status":"publish","type":"product","link":"https:\/\/gridamokykloms.lt\/en\/produktas\/cobra-smartsense-itin-tikslus-temperaturos-jutiklis\/","title":{"rendered":"Cobra SMARTsense itin tikslus temperat\u016bros jutiklis"},"content":{"rendered":"<p>Cobra SMARTsense itin tikslus temperat\u016bros jutiklis leid\u017eia matuoti temperat\u016br\u0105 diapazone nuo -50 \u00b0C iki +150 \u00b0C naudojant pt1000 sensorin\u0119 technologij\u0105 ir 4-laid\u017ei\u0173 matavimo metod\u0105. Be to, jutiklis suteikia galimyb\u0119 diferenciniam dviej\u0173 temperat\u016br\u0173 nustatymui, tod\u0117l ypa\u010d praver\u010dia termodinamikos tyrimuose ir sud\u0117tingesniuose fizikos eksperimentuose.<\/p>\n<p>Jutiklis gali b\u016bti prijungtas belaid\u017eiu b\u016bdu per Bluetooth 5.3 arba laidiniu USB jungtimi prie i\u0161maniojo telefono, plan\u0161et\u0117s ar kompiuterio. Duomenys gali b\u016bti \u012fra\u0161omi ir be tiesioginio ry\u0161io naudojant offline re\u017eim\u0105. Matavimus lengva fiksuoti ir grafi\u0161kai analizuoti \u201emeasureAPP\u201c program\u0117le (iOS, Android, Windows), o pa\u017eangesn\u0119 analiz\u0119 galima atlikti naudojant \u201emeasureLAB\u201c program\u0105 (Windows, macOS).<\/p>\n<p>Praktinis pritaikymas pamokose:<\/p>\n<p>Tiksl\u016bs temperat\u016bros matavimai \u012fvairiuose termodinamikos eksperimentuose<br \/>\nDiferencini\u0173 temperat\u016br\u0173 nustatymas ir j\u0173 palyginimas<br \/>\n\u0160ilumos main\u0173 bei temperat\u016br\u0173 poky\u010di\u0173 steb\u0117jimas<\/p>\n<p>Privalumai:<\/p>\n<p>Didelis tikslumas: matavimo tikslumas \u00b10,1 \u00b0C ir rai\u0161ka 0,01 \u00b0C.<br \/>\nPlatus suderinamumas: veikia su visomis populiariausiomis operacin\u0117mis sistemomis ir \u012frenginiais.<\/p>\n<p>Techniniai duomenys:<\/p>\n<p>Matavimo diapazonas: -50 \u00b0C &#8230; 150 \u00b0C<br \/>\nRai\u0161ka: 0,01 \u00b0C<br \/>\nTikslumas: \u00b10,1 \u00b0C<br \/>\nImties da\u017enis: 10 Hz<br \/>\nBluetooth versija: 5.3<br \/>\nMaitinimas: USB-C \u012fkraunama li\u010dio polimer\u0173 baterija<br \/>\nKomplekte USB-C jungtis ir laidas<\/p>\n","protected":false},"excerpt":{"rendered":"<p>Tikslus temperat\u016bros jutiklis termodinamikos eksperimentams, veikiantis per Bluetooth ir USB.<\/p>\n","protected":false},"featured_media":7013,"comment_status":"open","ping_status":"closed","template":"","meta":{"_acf_changed":false},"product_brand":[304],"product_cat":[286],"product_tag":[],"class_list":{"0":"post-7012","1":"product","2":"type-product","3":"status-publish","4":"has-post-thumbnail","6":"product_brand-phywe","7":"product_cat-jutikliai","9":"first","10":"instock","11":"taxable","12":"shipping-taxable","13":"purchasable","14":"product-type-simple"},"acf":[],"_links":{"self":[{"href":"https:\/\/gridamokykloms.lt\/en\/wp-json\/wp\/v2\/product\/7012","targetHints":{"allow":["GET"]}}],"collection":[{"href":"https:\/\/gridamokykloms.lt\/en\/wp-json\/wp\/v2\/product"}],"about":[{"href":"https:\/\/gridamokykloms.lt\/en\/wp-json\/wp\/v2\/types\/product"}],"replies":[{"embeddable":true,"href":"https:\/\/gridamokykloms.lt\/en\/wp-json\/wp\/v2\/comments?post=7012"}],"wp:featuredmedia":[{"embeddable":true,"href":"https:\/\/gridamokykloms.lt\/en\/wp-json\/wp\/v2\/media\/7013"}],"wp:attachment":[{"href":"https:\/\/gridamokykloms.lt\/en\/wp-json\/wp\/v2\/media?parent=7012"}],"wp:term":[{"taxonomy":"product_brand","embeddable":true,"href":"https:\/\/gridamokykloms.lt\/en\/wp-json\/wp\/v2\/product_brand?post=7012"},{"taxonomy":"product_cat","embeddable":true,"href":"https:\/\/gridamokykloms.lt\/en\/wp-json\/wp\/v2\/product_cat?post=7012"},{"taxonomy":"product_tag","embeddable":true,"href":"https:\/\/gridamokykloms.lt\/en\/wp-json\/wp\/v2\/product_tag?post=7012"}],"curies":[{"name":"wp","href":"https:\/\/api.w.org\/{rel}","templated":true}]}}