{"id":7014,"date":"2025-08-05T13:47:10","date_gmt":"2025-08-05T13:47:10","guid":{"rendered":"https:\/\/gridamokykloms.lt\/produktas\/cobra-smartsense-kolorimetras\/"},"modified":"2025-08-05T13:47:10","modified_gmt":"2025-08-05T13:47:10","slug":"cobra-smartsense-kolorimetras","status":"publish","type":"product","link":"https:\/\/gridamokykloms.lt\/en\/produktas\/cobra-smartsense-kolorimetras\/","title":{"rendered":"Cobra SMARTsense kolorimetras"},"content":{"rendered":"<p>Cobra SMARTsense kolorimetras leid\u017eia tiksliai matuoti \u0161viesos pralaidum\u0105, sugert\u012f bei drumstum\u0105 \u2013 tai nepakei\u010diama priemon\u0117 atliekant vandens kokyb\u0117s ar chemini\u0173 tirpal\u0173 analiz\u0119. Jutiklis jungiasi prie i\u0161maniojo \u012frenginio (telefono, plan\u0161et\u0117s ar kompiuterio) per Bluetooth arba USB, o duomenys fiksuojami naudojant &#8220;measureAPP&#8221; program\u0117l\u0119 (iOS, Android, Windows). I\u0161samesnei analizei galima naudoti &#8220;measureLAB&#8221; program\u0105 (Windows, macOS).<\/p>\n<p>Kolorimetras veikia keliomiais bangos ilgiais (nuo raudonos iki violetin\u0117s \u0161viesos) ir leid\u017eia nustatyti med\u017eiag\u0173 absorbcijos savybes skirtingose spektro srityse. Be to, jutiklis puikiai tinka tirpal\u0173 drumstumui (NTU) \u012fvertinti, ypa\u010d tiriant aplinkos vandenis ar atliekant biologinius eksperimentus.<\/p>\n<p>Privalumai:<\/p>\n<p>Tinkamas visiems mokomiesiems dalykams: daugiau nei 40 jutikli\u0173 su 70+ matavimo galimybi\u0173.<br \/>\nIlgas veikimo laikas: iki 50 valand\u0173 su vienu baterijos \u012fkrovimu.<br \/>\nDidelis tikslumas: iki 32 000 matavim\u0173 per sekund\u0119, iki 17 kanal\u0173 vienu metu.<br \/>\nPlatus spektro diapazonas: leid\u017eia tirti \u012fvairi\u0173 med\u017eiag\u0173 \u0161viesos sugert\u012f skirtingais bangos ilgiais.<\/p>\n<p>Techniniai duomenys:<\/p>\n<p>Pralaidumas:<br \/>\nDiapazonas: 0 &#8230; 100 %<br \/>\nRai\u0161ka: 0,1 %<br \/>\nSugertis:<br \/>\nDiapazonas: 0 &#8230; 3 Abs<br \/>\nRai\u0161ka: 0,01 Abs<br \/>\nDrumstumas:<br \/>\nDiapazonas: 0 &#8230; 400 NTU<br \/>\nRai\u0161ka: 0,1 NTU<br \/>\nBangos ilgiai: 650 nm (raudona), 611 nm (oran\u017ein\u0117), 520 nm (\u017ealia), 470 nm (m\u0117lyna), 430 nm (violetin\u0117)<br \/>\nImties da\u017enis: 1 Hz<br \/>\nBluetooth versija: 5.4<br \/>\nKomplekte: 10 matavimo kiuve\u010di\u0173<\/p>\n","protected":false},"excerpt":{"rendered":"<p>Jutiklis \u0161viesos sugerties, skaidrumo ir drumstumo matavimams.<\/p>\n","protected":false},"featured_media":7015,"comment_status":"open","ping_status":"closed","template":"","meta":{"_acf_changed":false},"product_brand":[304],"product_cat":[286],"product_tag":[],"class_list":{"0":"post-7014","1":"product","2":"type-product","3":"status-publish","4":"has-post-thumbnail","6":"product_brand-phywe","7":"product_cat-jutikliai","9":"first","10":"instock","11":"taxable","12":"shipping-taxable","13":"purchasable","14":"product-type-simple"},"acf":[],"_links":{"self":[{"href":"https:\/\/gridamokykloms.lt\/en\/wp-json\/wp\/v2\/product\/7014","targetHints":{"allow":["GET"]}}],"collection":[{"href":"https:\/\/gridamokykloms.lt\/en\/wp-json\/wp\/v2\/product"}],"about":[{"href":"https:\/\/gridamokykloms.lt\/en\/wp-json\/wp\/v2\/types\/product"}],"replies":[{"embeddable":true,"href":"https:\/\/gridamokykloms.lt\/en\/wp-json\/wp\/v2\/comments?post=7014"}],"wp:featuredmedia":[{"embeddable":true,"href":"https:\/\/gridamokykloms.lt\/en\/wp-json\/wp\/v2\/media\/7015"}],"wp:attachment":[{"href":"https:\/\/gridamokykloms.lt\/en\/wp-json\/wp\/v2\/media?parent=7014"}],"wp:term":[{"taxonomy":"product_brand","embeddable":true,"href":"https:\/\/gridamokykloms.lt\/en\/wp-json\/wp\/v2\/product_brand?post=7014"},{"taxonomy":"product_cat","embeddable":true,"href":"https:\/\/gridamokykloms.lt\/en\/wp-json\/wp\/v2\/product_cat?post=7014"},{"taxonomy":"product_tag","embeddable":true,"href":"https:\/\/gridamokykloms.lt\/en\/wp-json\/wp\/v2\/product_tag?post=7014"}],"curies":[{"name":"wp","href":"https:\/\/api.w.org\/{rel}","templated":true}]}}