{"id":7016,"date":"2025-08-05T13:47:10","date_gmt":"2025-08-05T13:47:10","guid":{"rendered":"https:\/\/gridamokykloms.lt\/produktas\/ph-elektrodas\/"},"modified":"2025-08-05T13:47:10","modified_gmt":"2025-08-05T13:47:10","slug":"ph-elektrodas","status":"publish","type":"product","link":"https:\/\/gridamokykloms.lt\/en\/produktas\/ph-elektrodas\/","title":{"rendered":"pH elektrodas"},"content":{"rendered":"<p>Auk\u0161tos kokyb\u0117s atsarginis pH elektrodas skirtas naudoti su Cobra SMARTsense pH jutikliu. Elektrodas leid\u017eia tiksliai matuoti tirpal\u0173 r\u016bg\u0161tingum\u0105 tiek mokyklos laboratorijose, tiek lauko s\u0105lygomis. Tinka kaip pakei\u010diamas elementas po intensyvaus naudojimo arba kaip papildomas elektrodas eksperimentams.<\/p>\n<p>Techniniai duomenys:<\/p>\n<p>Matavimo ribos: 0 &#8230; 14 pH<br \/>\nRai\u0161ka: 0,01 pH<br \/>\nJungtis: BNC<\/p>\n","protected":false},"excerpt":{"rendered":"<p>Atsarginis pH elektrodas, skirtas Cobra SMARTsense pH jutikliui.<\/p>\n","protected":false},"featured_media":7017,"comment_status":"open","ping_status":"closed","template":"","meta":{"_acf_changed":false},"product_brand":[304],"product_cat":[286],"product_tag":[],"class_list":{"0":"post-7016","1":"product","2":"type-product","3":"status-publish","4":"has-post-thumbnail","6":"product_brand-phywe","7":"product_cat-jutikliai","9":"first","10":"instock","11":"taxable","12":"shipping-taxable","13":"purchasable","14":"product-type-simple"},"acf":[],"_links":{"self":[{"href":"https:\/\/gridamokykloms.lt\/en\/wp-json\/wp\/v2\/product\/7016","targetHints":{"allow":["GET"]}}],"collection":[{"href":"https:\/\/gridamokykloms.lt\/en\/wp-json\/wp\/v2\/product"}],"about":[{"href":"https:\/\/gridamokykloms.lt\/en\/wp-json\/wp\/v2\/types\/product"}],"replies":[{"embeddable":true,"href":"https:\/\/gridamokykloms.lt\/en\/wp-json\/wp\/v2\/comments?post=7016"}],"wp:featuredmedia":[{"embeddable":true,"href":"https:\/\/gridamokykloms.lt\/en\/wp-json\/wp\/v2\/media\/7017"}],"wp:attachment":[{"href":"https:\/\/gridamokykloms.lt\/en\/wp-json\/wp\/v2\/media?parent=7016"}],"wp:term":[{"taxonomy":"product_brand","embeddable":true,"href":"https:\/\/gridamokykloms.lt\/en\/wp-json\/wp\/v2\/product_brand?post=7016"},{"taxonomy":"product_cat","embeddable":true,"href":"https:\/\/gridamokykloms.lt\/en\/wp-json\/wp\/v2\/product_cat?post=7016"},{"taxonomy":"product_tag","embeddable":true,"href":"https:\/\/gridamokykloms.lt\/en\/wp-json\/wp\/v2\/product_tag?post=7016"}],"curies":[{"name":"wp","href":"https:\/\/api.w.org\/{rel}","templated":true}]}}