{"id":7018,"date":"2025-08-05T13:47:10","date_gmt":"2025-08-05T13:47:10","guid":{"rendered":"https:\/\/gridamokykloms.lt\/produktas\/cobra-smartsense-lasu-skaitiklis\/"},"modified":"2025-08-05T13:47:10","modified_gmt":"2025-08-05T13:47:10","slug":"cobra-smartsense-lasu-skaitiklis","status":"publish","type":"product","link":"https:\/\/gridamokykloms.lt\/en\/produktas\/cobra-smartsense-lasu-skaitiklis\/","title":{"rendered":"Cobra SMARTsense la\u0161\u0173 skaitiklis"},"content":{"rendered":"<p>Cobra SMARTsense la\u0161\u0173 skaitiklis (Dropcounter) skirtas tiksliems titravimo eksperimentams \u2013 jis fiksuoja individualius la\u0161us ir automati\u0161kai konvertuoja juos \u012f t\u016br\u012f. Prijungus pH elektrod\u0105 (parduodamas atskirai), galima realiuoju laiku sekti r\u016bg\u0161tingumo poky\u010dius ir gauti itin tiksl\u0173 titravimo kreiv\u0117s vaizd\u0105.<\/p>\n<p>Jutiklis jungiamas per Bluetooth arba USB prie i\u0161maniojo \u012frenginio \u2013 telefono, plan\u0161et\u0117s ar kompiuterio. Matavimams galima naudoti &#8220;measureAPP&#8221; program\u0117l\u0119 (iOS, Android, Windows), o pa\u017eangesnei analizei \u2013 &#8220;measureLAB&#8221; program\u0105 (Windows, macOS).<\/p>\n<p>Privalumai:<\/p>\n<p>Tikslumas: galimyb\u0117 sekti la\u0161us ir pH reik\u0161mes vienu metu \u2013 idealu titravimams.<br \/>\nUniversalumas: veikia su daugiau nei 40 jutikli\u0173 sistem\u0173 ir 70 skirting\u0173 matavim\u0173.<br \/>\nIlgas veikimas: iki 50 valand\u0173 su \u012fkraunama USB-C baterija.<br \/>\nPatikimumas: iki 32 000 matavim\u0173 per sekund\u0119 ir iki 17 kanal\u0173 vienu metu.<\/p>\n<p>Techniniai duomenys:<\/p>\n<p>La\u0161\u0173 skai\u010diavimas:<br \/>\nDiapazonas: 0 &#8230; \u221e<br \/>\nRai\u0161ka: 30 impuls\u0173 per sekund\u0119<br \/>\npH matavimas:<br \/>\nDiapazonas: 0 &#8230; 14<br \/>\nRai\u0161ka: 0,01 pH<br \/>\nImties da\u017enis: 50 Hz<br \/>\nBluetooth versija: 5.0<br \/>\nBaterija: \u012fkraunama li\u010dio polimer\u0173 (USB-C)<\/p>\n<p>Pastaba: pH elektrodas \u012f komplekt\u0105 ne\u012feina, parduodamas atskirai.<\/p>\n","protected":false},"excerpt":{"rendered":"<p>Jutiklis titravimams \u2013 skai\u010diuoja la\u0161us ir matuoja pH reik\u0161mes realiuoju laiku.<\/p>\n","protected":false},"featured_media":7019,"comment_status":"open","ping_status":"closed","template":"","meta":{"_acf_changed":false},"product_brand":[304],"product_cat":[286],"product_tag":[],"class_list":{"0":"post-7018","1":"product","2":"type-product","3":"status-publish","4":"has-post-thumbnail","6":"product_brand-phywe","7":"product_cat-jutikliai","9":"first","10":"instock","11":"taxable","12":"shipping-taxable","13":"purchasable","14":"product-type-simple"},"acf":[],"_links":{"self":[{"href":"https:\/\/gridamokykloms.lt\/en\/wp-json\/wp\/v2\/product\/7018","targetHints":{"allow":["GET"]}}],"collection":[{"href":"https:\/\/gridamokykloms.lt\/en\/wp-json\/wp\/v2\/product"}],"about":[{"href":"https:\/\/gridamokykloms.lt\/en\/wp-json\/wp\/v2\/types\/product"}],"replies":[{"embeddable":true,"href":"https:\/\/gridamokykloms.lt\/en\/wp-json\/wp\/v2\/comments?post=7018"}],"wp:featuredmedia":[{"embeddable":true,"href":"https:\/\/gridamokykloms.lt\/en\/wp-json\/wp\/v2\/media\/7019"}],"wp:attachment":[{"href":"https:\/\/gridamokykloms.lt\/en\/wp-json\/wp\/v2\/media?parent=7018"}],"wp:term":[{"taxonomy":"product_brand","embeddable":true,"href":"https:\/\/gridamokykloms.lt\/en\/wp-json\/wp\/v2\/product_brand?post=7018"},{"taxonomy":"product_cat","embeddable":true,"href":"https:\/\/gridamokykloms.lt\/en\/wp-json\/wp\/v2\/product_cat?post=7018"},{"taxonomy":"product_tag","embeddable":true,"href":"https:\/\/gridamokykloms.lt\/en\/wp-json\/wp\/v2\/product_tag?post=7018"}],"curies":[{"name":"wp","href":"https:\/\/api.w.org\/{rel}","templated":true}]}}