{"id":7020,"date":"2025-08-05T13:47:10","date_gmt":"2025-08-05T13:47:10","guid":{"rendered":"https:\/\/gridamokykloms.lt\/produktas\/cobra-smartsense-laidumo-jutiklis\/"},"modified":"2025-08-05T13:47:10","modified_gmt":"2025-08-05T13:47:10","slug":"cobra-smartsense-laidumo-jutiklis","status":"publish","type":"product","link":"https:\/\/gridamokykloms.lt\/en\/produktas\/cobra-smartsense-laidumo-jutiklis\/","title":{"rendered":"Cobra SMARTsense laidumo jutiklis"},"content":{"rendered":"<p>Cobra SMARTsense laidumo jutiklis leid\u017eia patikimai matuoti tirpal\u0173 elektrin\u012f laidum\u0105 ir temperat\u016br\u0105 \u2013 tai puiki priemon\u0117 tiriant jon\u0173 koncentracij\u0105 vandeniniuose tirpaluose. Jutiklis jungiamas per Bluetooth (arba USB) prie i\u0161maniojo \u012frenginio \u2013 telefono, plan\u0161et\u0117s ar kompiuterio.<\/p>\n<p>Duomenys gali b\u016bti renkami realiuoju laiku naudojant &#8220;measureAPP&#8221; program\u0117l\u0119 (iOS, Android, Windows), o i\u0161samesnei analizei galima naudoti &#8220;measureLAB&#8221; programin\u0119 \u012frang\u0105 (Windows, macOS). Jutiklis atsparus vandeniui (IP67), tod\u0117l puikiai tinka naudoti mokyklos laboratorijoje ar lauko tyrimuose.<\/p>\n<p>Privalumai:<\/p>\n<p>Universalus: vir\u0161 40 jutikli\u0173, daugiau nei 70 matavimo r\u016b\u0161i\u0173 \u012fvairiems dalykams.<br \/>\nEfektyvus energijos valdymas: iki 50 valand\u0173 veikimo su viena CR2032 baterija (nepridedama).<br \/>\nTikslumas ir greitis: iki 32 000 matavim\u0173 per sekund\u0119, palaikoma iki 17 matavimo kanal\u0173 vienu metu.<\/p>\n<p>Techniniai duomenys:<\/p>\n<p>Laidumas:<br \/>\nDiapazonas: 0 &#8230; 20 000 \u00b5S\/cm<br \/>\nRai\u0161ka: 0,1 \u00b5S\/cm<br \/>\nTemperat\u016bra:<br \/>\nDiapazonas: 0 &#8230; 60 \u00b0C<br \/>\nRai\u0161ka: 0,1 \u00b0C<br \/>\nImties da\u017enis: 10 Hz<br \/>\nBluetooth versija: 5.0<br \/>\nAtsparumas: IP67 (atsparus vandeniui)<br \/>\nMaitinimas: CR2032 baterija (nepridedama)<\/p>\n","protected":false},"excerpt":{"rendered":"<p>Atsparus vandeniui jutiklis tirpal\u0173 laidumui (0\u201320 000 \u00b5S\/cm) ir temperat\u016brai matuoti.<\/p>\n","protected":false},"featured_media":7021,"comment_status":"open","ping_status":"closed","template":"","meta":{"_acf_changed":false},"product_brand":[304],"product_cat":[286],"product_tag":[],"class_list":{"0":"post-7020","1":"product","2":"type-product","3":"status-publish","4":"has-post-thumbnail","6":"product_brand-phywe","7":"product_cat-jutikliai","9":"first","10":"instock","11":"taxable","12":"shipping-taxable","13":"purchasable","14":"product-type-simple"},"acf":[],"_links":{"self":[{"href":"https:\/\/gridamokykloms.lt\/en\/wp-json\/wp\/v2\/product\/7020","targetHints":{"allow":["GET"]}}],"collection":[{"href":"https:\/\/gridamokykloms.lt\/en\/wp-json\/wp\/v2\/product"}],"about":[{"href":"https:\/\/gridamokykloms.lt\/en\/wp-json\/wp\/v2\/types\/product"}],"replies":[{"embeddable":true,"href":"https:\/\/gridamokykloms.lt\/en\/wp-json\/wp\/v2\/comments?post=7020"}],"wp:featuredmedia":[{"embeddable":true,"href":"https:\/\/gridamokykloms.lt\/en\/wp-json\/wp\/v2\/media\/7021"}],"wp:attachment":[{"href":"https:\/\/gridamokykloms.lt\/en\/wp-json\/wp\/v2\/media?parent=7020"}],"wp:term":[{"taxonomy":"product_brand","embeddable":true,"href":"https:\/\/gridamokykloms.lt\/en\/wp-json\/wp\/v2\/product_brand?post=7020"},{"taxonomy":"product_cat","embeddable":true,"href":"https:\/\/gridamokykloms.lt\/en\/wp-json\/wp\/v2\/product_cat?post=7020"},{"taxonomy":"product_tag","embeddable":true,"href":"https:\/\/gridamokykloms.lt\/en\/wp-json\/wp\/v2\/product_tag?post=7020"}],"curies":[{"name":"wp","href":"https:\/\/api.w.org\/{rel}","templated":true}]}}