{"id":7022,"date":"2025-08-05T13:47:10","date_gmt":"2025-08-05T13:47:10","guid":{"rendered":"https:\/\/gridamokykloms.lt\/produktas\/cobra-smartsense-ph-jutiklis\/"},"modified":"2025-08-05T13:47:10","modified_gmt":"2025-08-05T13:47:10","slug":"cobra-smartsense-ph-jutiklis","status":"publish","type":"product","link":"https:\/\/gridamokykloms.lt\/en\/produktas\/cobra-smartsense-ph-jutiklis\/","title":{"rendered":"Cobra SMARTsense pH jutiklis"},"content":{"rendered":"<p>Cobra SMARTsense pH jutiklis leid\u017eia tiksliai ir patogiai matuoti tirpal\u0173 pH reik\u0161mes realiuoju laiku \u2013 tai puiki alternatyva tradiciniams pH indikaciniams popier\u0117liams. Jutiklis jungiasi prie i\u0161maniojo telefono, plan\u0161et\u0117s ar kompiuterio per Bluetooth ry\u0161\u012f, o duomenis galima fiksuoti naudojant &#8220;measureAPP&#8221; program\u0117l\u0119 (iOS, Android, Windows). Taip pat galima naudoti matavim\u0105 neprisijungus ir duomenis perkelti v\u0117liau.<\/p>\n<p>\u0160is jutiklis ypa\u010d tinka titravimo eksperimentams bei dirvo\u017eemio ir vandens r\u016bg\u0161tingumo tyrimams mokyklose. Didesniems analitiniams poreikiams galima naudoti &#8220;measureLAB&#8221; programin\u0119 \u012frang\u0105 (Windows, macOS).<\/p>\n<p>Privalumai:<\/p>\n<p>Platus panaudojimas: daugiau nei 40 jutikli\u0173 su 70 skirting\u0173 matavim\u0173 visiems dalykams.<br \/>\nIlgas veikimas: iki 50 valand\u0173 veikimo su viena baterija (CR2032, nepridedama).<br \/>\nTikslumas: iki 32 000 matavim\u0173 per sekund\u0119, galima naudoti iki 17 kanal\u0173 vienu metu.<\/p>\n<p>Techniniai duomenys:<\/p>\n<p>Matavimo ribos: 0 &#8230; 14 pH<br \/>\nRai\u0161ka: 0,01 pH<br \/>\nImties da\u017enis: 100 Hz<br \/>\nBluetooth versija: 5.0<br \/>\nKomplekte: pH elektrodas<br \/>\nAtsparumas vandeniui: IP67<br \/>\nMaitinimas: CR2032 baterija (nepridedama)<\/p>\n","protected":false},"excerpt":{"rendered":"<p>Belaidis pH jutiklis tirpal\u0173 r\u016bg\u0161tingumui (pH 0\u201314) matuoti.<\/p>\n","protected":false},"featured_media":7023,"comment_status":"open","ping_status":"closed","template":"","meta":{"_acf_changed":false},"product_brand":[304],"product_cat":[286],"product_tag":[],"class_list":{"0":"post-7022","1":"product","2":"type-product","3":"status-publish","4":"has-post-thumbnail","6":"product_brand-phywe","7":"product_cat-jutikliai","9":"first","10":"instock","11":"taxable","12":"shipping-taxable","13":"purchasable","14":"product-type-simple"},"acf":[],"_links":{"self":[{"href":"https:\/\/gridamokykloms.lt\/en\/wp-json\/wp\/v2\/product\/7022","targetHints":{"allow":["GET"]}}],"collection":[{"href":"https:\/\/gridamokykloms.lt\/en\/wp-json\/wp\/v2\/product"}],"about":[{"href":"https:\/\/gridamokykloms.lt\/en\/wp-json\/wp\/v2\/types\/product"}],"replies":[{"embeddable":true,"href":"https:\/\/gridamokykloms.lt\/en\/wp-json\/wp\/v2\/comments?post=7022"}],"wp:featuredmedia":[{"embeddable":true,"href":"https:\/\/gridamokykloms.lt\/en\/wp-json\/wp\/v2\/media\/7023"}],"wp:attachment":[{"href":"https:\/\/gridamokykloms.lt\/en\/wp-json\/wp\/v2\/media?parent=7022"}],"wp:term":[{"taxonomy":"product_brand","embeddable":true,"href":"https:\/\/gridamokykloms.lt\/en\/wp-json\/wp\/v2\/product_brand?post=7022"},{"taxonomy":"product_cat","embeddable":true,"href":"https:\/\/gridamokykloms.lt\/en\/wp-json\/wp\/v2\/product_cat?post=7022"},{"taxonomy":"product_tag","embeddable":true,"href":"https:\/\/gridamokykloms.lt\/en\/wp-json\/wp\/v2\/product_tag?post=7022"}],"curies":[{"name":"wp","href":"https:\/\/api.w.org\/{rel}","templated":true}]}}