{"id":7024,"date":"2025-08-05T13:47:10","date_gmt":"2025-08-05T13:47:10","guid":{"rendered":"https:\/\/gridamokykloms.lt\/produktas\/priedu-rinkinys-inercijos-eksperimentams\/"},"modified":"2025-08-05T13:47:10","modified_gmt":"2025-08-05T13:47:10","slug":"priedu-rinkinys-inercijos-eksperimentams","status":"publish","type":"product","link":"https:\/\/gridamokykloms.lt\/en\/produktas\/priedu-rinkinys-inercijos-eksperimentams\/","title":{"rendered":"Pried\u0173 rinkinys inercijos eksperimentams"},"content":{"rendered":"<p>\u0160is pried\u0173 rinkinys skirtas eksperimentams su kampine inercija naudojant Cobra SMARTsense kampinio judesio jutikl\u012f. Rinkinys leid\u017eia atlikti \u012fvairius praktinius bandymus, susijusius su sukimosi dinamika, k\u016bn\u0173 mase, pasiskirstymu ir kampine inercija.<\/p>\n<p>Komplekte yra:<\/p>\n<p>Laikiklis su voleliu tvirtinimui prie jutiklio<br \/>\nLaikiklis su varikliu tvirtinimui prie jutiklio<br \/>\nHantelio tipo strypas su dviem svoriais<br \/>\nTrys skirtingi diskai (kaip inercijos k\u016bnai)<br \/>\nTrys svertiniai svoriai (2\u00d750 g, 1\u00d7100 g)<br \/>\nDvi svertini\u0173 svori\u0173 plok\u0161tel\u0117s<br \/>\nSi\u016blas tvirtinimui ir sukimuisi<br \/>\nAdapteris gnybtui<br \/>\n\u012evair\u016bs tvirtinimo var\u017etai<\/p>\n","protected":false},"excerpt":{"rendered":"<p>Pried\u0173 rinkinys sukimosi inercijos tyrimams su Cobra SMARTsense kampinio judesio jutikliu.<\/p>\n","protected":false},"featured_media":7025,"comment_status":"open","ping_status":"closed","template":"","meta":{"_acf_changed":false},"product_brand":[304],"product_cat":[286],"product_tag":[],"class_list":{"0":"post-7024","1":"product","2":"type-product","3":"status-publish","4":"has-post-thumbnail","6":"product_brand-phywe","7":"product_cat-jutikliai","9":"first","10":"instock","11":"taxable","12":"shipping-taxable","13":"purchasable","14":"product-type-simple"},"acf":[],"_links":{"self":[{"href":"https:\/\/gridamokykloms.lt\/en\/wp-json\/wp\/v2\/product\/7024","targetHints":{"allow":["GET"]}}],"collection":[{"href":"https:\/\/gridamokykloms.lt\/en\/wp-json\/wp\/v2\/product"}],"about":[{"href":"https:\/\/gridamokykloms.lt\/en\/wp-json\/wp\/v2\/types\/product"}],"replies":[{"embeddable":true,"href":"https:\/\/gridamokykloms.lt\/en\/wp-json\/wp\/v2\/comments?post=7024"}],"wp:featuredmedia":[{"embeddable":true,"href":"https:\/\/gridamokykloms.lt\/en\/wp-json\/wp\/v2\/media\/7025"}],"wp:attachment":[{"href":"https:\/\/gridamokykloms.lt\/en\/wp-json\/wp\/v2\/media?parent=7024"}],"wp:term":[{"taxonomy":"product_brand","embeddable":true,"href":"https:\/\/gridamokykloms.lt\/en\/wp-json\/wp\/v2\/product_brand?post=7024"},{"taxonomy":"product_cat","embeddable":true,"href":"https:\/\/gridamokykloms.lt\/en\/wp-json\/wp\/v2\/product_cat?post=7024"},{"taxonomy":"product_tag","embeddable":true,"href":"https:\/\/gridamokykloms.lt\/en\/wp-json\/wp\/v2\/product_tag?post=7024"}],"curies":[{"name":"wp","href":"https:\/\/api.w.org\/{rel}","templated":true}]}}