{"id":7026,"date":"2025-08-05T13:47:10","date_gmt":"2025-08-05T13:47:10","guid":{"rendered":"https:\/\/gridamokykloms.lt\/produktas\/cobra-smartsense-kampinio-judesio-jutiklis\/"},"modified":"2025-08-05T13:47:10","modified_gmt":"2025-08-05T13:47:10","slug":"cobra-smartsense-kampinio-judesio-jutiklis","status":"publish","type":"product","link":"https:\/\/gridamokykloms.lt\/en\/produktas\/cobra-smartsense-kampinio-judesio-jutiklis\/","title":{"rendered":"Cobra SMARTsense kampinio judesio jutiklis"},"content":{"rendered":"<p>Cobra SMARTsense kampinio judesio jutiklis leid\u017eia tiksliai matuoti kamp\u0105, kampin\u012f greit\u012f ir kampin\u012f pagreit\u012f, tod\u0117l puikiai tinka mechanikos eksperimentams. Jutiklis gali b\u016bti prijungtas belaid\u017eiu (Bluetooth 5.3) arba laidiniu (USB) b\u016bdu prie i\u0161maniojo telefono, plan\u0161et\u0117s ar kompiuterio.<\/p>\n<p>Naudojant &#8220;measureAPP&#8221; program\u0117l\u0119 (iOS, Android, Windows), matavim\u0173 duomenis galima lengvai fiksuoti ir atvaizduoti grafi\u0161kai. Sud\u0117tingesnei analizei galima naudoti &#8220;measureLAB&#8221; program\u0105 (Windows, macOS).<br \/>\n\u0160is jutiklis suteikia galimyb\u0119 prakti\u0161kai tirti rotacinius judesius fizikos pamokose \u2013 steb\u0117ti k\u016bn\u0173 sukim\u0105si, apsisukim\u0173 grei\u010dius bei spart\u0117jim\u0105.<\/p>\n<p>Privalumai:<\/p>\n<p>Platus pritaikymas: daugiau nei 40 jutikli\u0173 su 70 skirting\u0173 matavim\u0173 gamtos moksl\u0173 pamokoms.<br \/>\nDidelis tikslumas: iki 32 000 matavim\u0173 per sekund\u0119 ir iki 17 kanal\u0173 vienu metu.<br \/>\nPlatus suderinamumas: veikia su visomis pagrindin\u0117mis operacin\u0117mis sistemomis.<\/p>\n<p>Techniniai duomenys:<\/p>\n<p>Matavimo ribos: 0 &#8230; \u221e \u00b0<br \/>\nRai\u0161ka: 0,125 \u00b0<\/p>\n<p>Kampinis greitis:<\/p>\n<p>Diapazonas: \u00b110 000 \u00b0\/s<br \/>\nRai\u0161ka: 1,2 \u00b0\/s<\/p>\n<p>Kampinis pagreitis:<\/p>\n<p>Diapazonas: \u00b1100 000 \u00b0\/s\u00b2<br \/>\nRai\u0161ka: 12 \u00b0\/s\u00b2<\/p>\n<p>Imties da\u017enis: 100 Hz<br \/>\nBluetooth versija: 5.3<\/p>\n","protected":false},"excerpt":{"rendered":"<p>Kampini\u0173 judesi\u0173 jutiklis kampui, kampiniam grei\u010diui ir pagrei\u010diui matuoti.<\/p>\n","protected":false},"featured_media":7028,"comment_status":"open","ping_status":"closed","template":"","meta":{"_acf_changed":false},"product_brand":[304],"product_cat":[286],"product_tag":[],"class_list":{"0":"post-7026","1":"product","2":"type-product","3":"status-publish","4":"has-post-thumbnail","6":"product_brand-phywe","7":"product_cat-jutikliai","9":"first","10":"instock","11":"taxable","12":"shipping-taxable","13":"purchasable","14":"product-type-simple"},"acf":[],"_links":{"self":[{"href":"https:\/\/gridamokykloms.lt\/en\/wp-json\/wp\/v2\/product\/7026","targetHints":{"allow":["GET"]}}],"collection":[{"href":"https:\/\/gridamokykloms.lt\/en\/wp-json\/wp\/v2\/product"}],"about":[{"href":"https:\/\/gridamokykloms.lt\/en\/wp-json\/wp\/v2\/types\/product"}],"replies":[{"embeddable":true,"href":"https:\/\/gridamokykloms.lt\/en\/wp-json\/wp\/v2\/comments?post=7026"}],"wp:featuredmedia":[{"embeddable":true,"href":"https:\/\/gridamokykloms.lt\/en\/wp-json\/wp\/v2\/media\/7028"}],"wp:attachment":[{"href":"https:\/\/gridamokykloms.lt\/en\/wp-json\/wp\/v2\/media?parent=7026"}],"wp:term":[{"taxonomy":"product_brand","embeddable":true,"href":"https:\/\/gridamokykloms.lt\/en\/wp-json\/wp\/v2\/product_brand?post=7026"},{"taxonomy":"product_cat","embeddable":true,"href":"https:\/\/gridamokykloms.lt\/en\/wp-json\/wp\/v2\/product_cat?post=7026"},{"taxonomy":"product_tag","embeddable":true,"href":"https:\/\/gridamokykloms.lt\/en\/wp-json\/wp\/v2\/product_tag?post=7026"}],"curies":[{"name":"wp","href":"https:\/\/api.w.org\/{rel}","templated":true}]}}