{"id":7027,"date":"2025-08-05T13:47:10","date_gmt":"2025-08-05T13:47:10","guid":{"rendered":"https:\/\/gridamokykloms.lt\/produktas\/cobra-smartsense-pavirsiaus-temperaturos-jutiklis\/"},"modified":"2025-08-05T13:47:10","modified_gmt":"2025-08-05T13:47:10","slug":"cobra-smartsense-pavirsiaus-temperaturos-jutiklis","status":"publish","type":"product","link":"https:\/\/gridamokykloms.lt\/en\/produktas\/cobra-smartsense-pavirsiaus-temperaturos-jutiklis\/","title":{"rendered":"Cobra SMARTsense pavir\u0161iaus temperat\u016bros jutiklis"},"content":{"rendered":"<p>Cobra SMARTsense pavir\u0161iaus temperat\u016bros jutiklis leid\u017eia belaid\u017eiu (Bluetooth) arba laidiniu (USB) b\u016bdu prijungti jutikl\u012f tiesiai prie mokinio i\u0161maniojo telefono, plan\u0161et\u0117s ar kompiuterio. Taip pat galima atlikti matavimus neprijungus prie \u012frenginio \u2013 duomenys \u012fra\u0161omi \u012f jutikl\u012f ir v\u0117liau perkeliami \u012f pasirinkt\u0105 \u012frengin\u012f.<\/p>\n<p>&#8220;measureAPP&#8221; program\u0117l\u0117s (iOS, Android, Windows) pagalba naudotojai gali lengvai fiksuoti ir analizuoti duomenis. Reikalingoms i\u0161samesn\u0117ms analiz\u0117ms galima naudoti &#8220;measureLAB&#8221; programin\u0119 \u012frang\u0105 (Windows, macOS).<\/p>\n<p>Techniniai duomenys:<\/p>\n<p>Matavimo ribos: -25 &#8230; 125 \u00b0C<br \/>\nRai\u0161ka: 0,1 \u00b0C<br \/>\nImties da\u017enis: 10 Hz<br \/>\nBluetooth versija: 5.0<br \/>\nMaitinimas: \u012fkraunama li\u010dio polimer\u0173 baterija (USB-C)<\/p>\n","protected":false},"excerpt":{"rendered":"<p>Belaidis temperat\u016bros jutiklis pavir\u0161iaus temperat\u016brai nuo -25 iki 125 \u00b0C matuoti.<\/p>\n","protected":false},"featured_media":7029,"comment_status":"open","ping_status":"closed","template":"","meta":{"_acf_changed":false},"product_brand":[304],"product_cat":[286],"product_tag":[],"class_list":{"0":"post-7027","1":"product","2":"type-product","3":"status-publish","4":"has-post-thumbnail","6":"product_brand-phywe","7":"product_cat-jutikliai","9":"first","10":"instock","11":"taxable","12":"shipping-taxable","13":"purchasable","14":"product-type-simple"},"acf":[],"_links":{"self":[{"href":"https:\/\/gridamokykloms.lt\/en\/wp-json\/wp\/v2\/product\/7027","targetHints":{"allow":["GET"]}}],"collection":[{"href":"https:\/\/gridamokykloms.lt\/en\/wp-json\/wp\/v2\/product"}],"about":[{"href":"https:\/\/gridamokykloms.lt\/en\/wp-json\/wp\/v2\/types\/product"}],"replies":[{"embeddable":true,"href":"https:\/\/gridamokykloms.lt\/en\/wp-json\/wp\/v2\/comments?post=7027"}],"wp:featuredmedia":[{"embeddable":true,"href":"https:\/\/gridamokykloms.lt\/en\/wp-json\/wp\/v2\/media\/7029"}],"wp:attachment":[{"href":"https:\/\/gridamokykloms.lt\/en\/wp-json\/wp\/v2\/media?parent=7027"}],"wp:term":[{"taxonomy":"product_brand","embeddable":true,"href":"https:\/\/gridamokykloms.lt\/en\/wp-json\/wp\/v2\/product_brand?post=7027"},{"taxonomy":"product_cat","embeddable":true,"href":"https:\/\/gridamokykloms.lt\/en\/wp-json\/wp\/v2\/product_cat?post=7027"},{"taxonomy":"product_tag","embeddable":true,"href":"https:\/\/gridamokykloms.lt\/en\/wp-json\/wp\/v2\/product_tag?post=7027"}],"curies":[{"name":"wp","href":"https:\/\/api.w.org\/{rel}","templated":true}]}}