{"id":7030,"date":"2025-08-05T13:47:10","date_gmt":"2025-08-05T13:47:10","guid":{"rendered":"https:\/\/gridamokykloms.lt\/produktas\/cobra-smartsense-plataus-diapazono-temperaturos-jutiklis\/"},"modified":"2025-08-05T13:47:10","modified_gmt":"2025-08-05T13:47:10","slug":"cobra-smartsense-plataus-diapazono-temperaturos-jutiklis","status":"publish","type":"product","link":"https:\/\/gridamokykloms.lt\/en\/produktas\/cobra-smartsense-plataus-diapazono-temperaturos-jutiklis\/","title":{"rendered":"Cobra SMARTsense plataus diapazono temperat\u016bros jutiklis"},"content":{"rendered":"<p>Cobra SMARTsense plataus diapazono temperat\u016bros jutiklis leid\u017eia atlikti tikslius temperat\u016bros matavimus net itin pla\u010diame intervale.<\/p>\n<p>Jutiklis jungiasi belaid\u017eiu Bluetooth ry\u0161iu tiesiai prie mokinio \u012frenginio (i\u0161maniojo telefono, plan\u0161et\u0117s ar kompiuterio), leid\u017eia realiu laiku matyti matavimo grafik\u0105 naudojant &#8220;measureAPP&#8221; program\u0117l\u0119 (iOS, Android, Windows). Sud\u0117tingesn\u0117ms analiz\u0117ms galima naudoti &#8220;measureLAB&#8221; programin\u0119 \u012frang\u0105 (Windows ir macOS). Jutiklis taip pat turi offline matavimo funkcij\u0105 \u2013 duomenis galima \u012fra\u0161yti be ry\u0161io ir per\u017ei\u016br\u0117ti v\u0117liau.<\/p>\n<p>Pritaikymo sritys:<\/p>\n<p>\u0160ildymo\/kaitinimo eksperimentai<br \/>\n\u0160ilumos laidumo, energijos main\u0173 analiz\u0117<br \/>\nIlgalaikiai steb\u0117jimai, kuriems reikalingas patikimas veikimas<\/p>\n<p>Privalumai:<\/p>\n<p>Paruo\u0161tas naudoti i\u0161 karto \u2013 veikia su dauguma mobili\u0173j\u0173 \u012frengini\u0173<br \/>\nIP67 atsparumas vandeniui \u2013 tinka naudoti net ir eksperimentuose su skys\u010diais<br \/>\nIki 50 val. baterijos veikimo laikas<br \/>\nAuk\u0161tas tikslumas ir galimyb\u0117 naudoti iki 17 jutikli\u0173 vienu metu<\/p>\n<p>Techniniai duomenys:<\/p>\n<p>Matavimo intervalas: \u201320 &#8230; +330 \u00b0C<br \/>\nSkiriamoji geba: 0,01 \u00b0C<br \/>\nImties da\u017enis: 10 Hz<br \/>\nBluetooth versija: 5.0<br \/>\nAtsparumas vandeniui: IP67<br \/>\nMaitinimas: CR2032 baterija (nepridedama)<\/p>\n","protected":false},"excerpt":{"rendered":"<p>Bluetooth temperat\u016bros jutiklis matuoja nuo \u201320 iki +330 \u00b0C.<\/p>\n","protected":false},"featured_media":7031,"comment_status":"open","ping_status":"closed","template":"","meta":{"_acf_changed":false},"product_brand":[304],"product_cat":[286],"product_tag":[],"class_list":{"0":"post-7030","1":"product","2":"type-product","3":"status-publish","4":"has-post-thumbnail","6":"product_brand-phywe","7":"product_cat-jutikliai","9":"first","10":"instock","11":"taxable","12":"shipping-taxable","13":"purchasable","14":"product-type-simple"},"acf":[],"_links":{"self":[{"href":"https:\/\/gridamokykloms.lt\/en\/wp-json\/wp\/v2\/product\/7030","targetHints":{"allow":["GET"]}}],"collection":[{"href":"https:\/\/gridamokykloms.lt\/en\/wp-json\/wp\/v2\/product"}],"about":[{"href":"https:\/\/gridamokykloms.lt\/en\/wp-json\/wp\/v2\/types\/product"}],"replies":[{"embeddable":true,"href":"https:\/\/gridamokykloms.lt\/en\/wp-json\/wp\/v2\/comments?post=7030"}],"wp:featuredmedia":[{"embeddable":true,"href":"https:\/\/gridamokykloms.lt\/en\/wp-json\/wp\/v2\/media\/7031"}],"wp:attachment":[{"href":"https:\/\/gridamokykloms.lt\/en\/wp-json\/wp\/v2\/media?parent=7030"}],"wp:term":[{"taxonomy":"product_brand","embeddable":true,"href":"https:\/\/gridamokykloms.lt\/en\/wp-json\/wp\/v2\/product_brand?post=7030"},{"taxonomy":"product_cat","embeddable":true,"href":"https:\/\/gridamokykloms.lt\/en\/wp-json\/wp\/v2\/product_cat?post=7030"},{"taxonomy":"product_tag","embeddable":true,"href":"https:\/\/gridamokykloms.lt\/en\/wp-json\/wp\/v2\/product_tag?post=7030"}],"curies":[{"name":"wp","href":"https:\/\/api.w.org\/{rel}","templated":true}]}}