{"id":7032,"date":"2025-08-05T13:47:10","date_gmt":"2025-08-05T13:47:10","guid":{"rendered":"https:\/\/gridamokykloms.lt\/produktas\/cobra-smartsense-orp-jutiklis\/"},"modified":"2025-08-05T13:47:10","modified_gmt":"2025-08-05T13:47:10","slug":"cobra-smartsense-orp-jutiklis","status":"publish","type":"product","link":"https:\/\/gridamokykloms.lt\/en\/produktas\/cobra-smartsense-orp-jutiklis\/","title":{"rendered":"Cobra SMARTsense ORP jutiklis"},"content":{"rendered":"<p>Cobra SMARTsense ORP jutiklis skirtas tiksliai matuoti tirpalo oksidacijos-redukcijos potencial\u0105 (ORP), t. y. jo geb\u0117jim\u0105 veikti kaip oksidatorius arba reduktorius. Tai itin naudinga atliekant vandens kokyb\u0117s tyrimus. Jutiklis jungiasi belaid\u017eiu b\u016bdu per Bluetooth arba laidu per USB prie i\u0161maniojo \u012frenginio \u2013 telefono, plan\u0161et\u0117s ar kompiuterio. Matavimus galima fiksuoti naudojant &#8220;measureAPP&#8221; program\u0117l\u0119 (iOS, Android, Windows), o jei reikia i\u0161samesn\u0117s analiz\u0117s \u2013 galima naudoti &#8220;measureLAB&#8221; program\u0105 (Windows, macOS).<\/p>\n<p>Privalumai:<\/p>\n<p>Ilgas baterijos veikimo laikas: iki 50 valand\u0173 su vienu \u012fkrovimu.<br \/>\nTikslumas: iki 32 000 matavim\u0173 per sekund\u0119 ir iki 17 kanal\u0173 vienu metu.<br \/>\nGreitas ry\u0161ys: Bluetooth ir USB jungtys u\u017etikrina skland\u0173 duomen\u0173 perdavim\u0105.<\/p>\n<p>Techniniai duomenys:<\/p>\n<p>Diapazonas: \u00b12000 mV<br \/>\nRai\u0161ka: 1 mV<br \/>\nTikslumas: \u00b120 mV<br \/>\nImties da\u017enis: 100 Hz<br \/>\nBluetooth versija: 5.0<br \/>\nKomplekte: ORP elektrodas<\/p>\n","protected":false},"excerpt":{"rendered":"<p>Jutiklis oksidacijos-redukcijos potencialo (ORP) matavimui.<\/p>\n","protected":false},"featured_media":7033,"comment_status":"open","ping_status":"closed","template":"","meta":{"_acf_changed":false},"product_brand":[],"product_cat":[286],"product_tag":[],"class_list":{"0":"post-7032","1":"product","2":"type-product","3":"status-publish","4":"has-post-thumbnail","6":"product_cat-jutikliai","8":"first","9":"instock","10":"taxable","11":"shipping-taxable","12":"purchasable","13":"product-type-simple"},"acf":[],"_links":{"self":[{"href":"https:\/\/gridamokykloms.lt\/en\/wp-json\/wp\/v2\/product\/7032","targetHints":{"allow":["GET"]}}],"collection":[{"href":"https:\/\/gridamokykloms.lt\/en\/wp-json\/wp\/v2\/product"}],"about":[{"href":"https:\/\/gridamokykloms.lt\/en\/wp-json\/wp\/v2\/types\/product"}],"replies":[{"embeddable":true,"href":"https:\/\/gridamokykloms.lt\/en\/wp-json\/wp\/v2\/comments?post=7032"}],"wp:featuredmedia":[{"embeddable":true,"href":"https:\/\/gridamokykloms.lt\/en\/wp-json\/wp\/v2\/media\/7033"}],"wp:attachment":[{"href":"https:\/\/gridamokykloms.lt\/en\/wp-json\/wp\/v2\/media?parent=7032"}],"wp:term":[{"taxonomy":"product_brand","embeddable":true,"href":"https:\/\/gridamokykloms.lt\/en\/wp-json\/wp\/v2\/product_brand?post=7032"},{"taxonomy":"product_cat","embeddable":true,"href":"https:\/\/gridamokykloms.lt\/en\/wp-json\/wp\/v2\/product_cat?post=7032"},{"taxonomy":"product_tag","embeddable":true,"href":"https:\/\/gridamokykloms.lt\/en\/wp-json\/wp\/v2\/product_tag?post=7032"}],"curies":[{"name":"wp","href":"https:\/\/api.w.org\/{rel}","templated":true}]}}