{"id":7034,"date":"2025-08-05T13:47:10","date_gmt":"2025-08-05T13:47:10","guid":{"rendered":"https:\/\/gridamokykloms.lt\/produktas\/cobra-smartsense-santykines-dregmes-jutiklis\/"},"modified":"2025-08-05T13:47:10","modified_gmt":"2025-08-05T13:47:10","slug":"cobra-smartsense-santykines-dregmes-jutiklis","status":"publish","type":"product","link":"https:\/\/gridamokykloms.lt\/en\/produktas\/cobra-smartsense-santykines-dregmes-jutiklis\/","title":{"rendered":"Cobra SMARTsense santykin\u0117s dr\u0117gm\u0117s jutiklis"},"content":{"rendered":"<p>Cobra SMARTsense santykin\u0117s dr\u0117gm\u0117s jutiklis skirtas tiksliai matuoti oro dr\u0117gm\u0119. Jutiklis jungiasi belaid\u017eiu b\u016bdu (Bluetooth) arba laidu (USB) prie i\u0161maniojo \u012frenginio (telefonas, plan\u0161et\u0117, kompiuteris). Matavimo duomenys gali b\u016bti renkami realiu laiku arba naudojant offline re\u017eim\u0105 \u2013 juos galima per\u017ei\u016br\u0117ti v\u0117liau.<\/p>\n<p>Privalumai:<\/p>\n<p>Paprastas naudojimas su Bluetooth ir &#8220;measureAPP&#8221;.<br \/>\nDaugiau nei 40 jutikli\u0173 ir 70 matavimo r\u016b\u0161i\u0173 \u012fvairiems mokomiesiems dalykams.<br \/>\nIlgas baterijos veikimo laikas \u2013 iki 50 valand\u0173.<br \/>\nIki 32 000 matavim\u0173 per sekund\u0119 ir iki 17 kanal\u0173 vienu metu u\u017etikrina tikslum\u0105.<br \/>\nGreitas ir patikimas duomen\u0173 perdavimas per Bluetooth ir USB.<\/p>\n<p>Techniniai duomenys:<\/p>\n<p>Matavimo diapazonas: 0 &#8230; 100 %<br \/>\nRai\u0161ka: 0,1 %<br \/>\nImties da\u017enis: 10 Hz<br \/>\nBluetooth versija: 5.3<br \/>\nMaitinimas: \u012fkraunama li\u010dio polimero baterija (USB-C)<\/p>\n","protected":false},"excerpt":{"rendered":"<p>Jutiklis santykin\u0117s oro dr\u0117gm\u0117s matavimui.<\/p>\n","protected":false},"featured_media":7035,"comment_status":"open","ping_status":"closed","template":"","meta":{"_acf_changed":false},"product_brand":[304],"product_cat":[286],"product_tag":[],"class_list":{"0":"post-7034","1":"product","2":"type-product","3":"status-publish","4":"has-post-thumbnail","6":"product_brand-phywe","7":"product_cat-jutikliai","9":"first","10":"instock","11":"taxable","12":"shipping-taxable","13":"purchasable","14":"product-type-simple"},"acf":[],"_links":{"self":[{"href":"https:\/\/gridamokykloms.lt\/en\/wp-json\/wp\/v2\/product\/7034","targetHints":{"allow":["GET"]}}],"collection":[{"href":"https:\/\/gridamokykloms.lt\/en\/wp-json\/wp\/v2\/product"}],"about":[{"href":"https:\/\/gridamokykloms.lt\/en\/wp-json\/wp\/v2\/types\/product"}],"replies":[{"embeddable":true,"href":"https:\/\/gridamokykloms.lt\/en\/wp-json\/wp\/v2\/comments?post=7034"}],"wp:featuredmedia":[{"embeddable":true,"href":"https:\/\/gridamokykloms.lt\/en\/wp-json\/wp\/v2\/media\/7035"}],"wp:attachment":[{"href":"https:\/\/gridamokykloms.lt\/en\/wp-json\/wp\/v2\/media?parent=7034"}],"wp:term":[{"taxonomy":"product_brand","embeddable":true,"href":"https:\/\/gridamokykloms.lt\/en\/wp-json\/wp\/v2\/product_brand?post=7034"},{"taxonomy":"product_cat","embeddable":true,"href":"https:\/\/gridamokykloms.lt\/en\/wp-json\/wp\/v2\/product_cat?post=7034"},{"taxonomy":"product_tag","embeddable":true,"href":"https:\/\/gridamokykloms.lt\/en\/wp-json\/wp\/v2\/product_tag?post=7034"}],"curies":[{"name":"wp","href":"https:\/\/api.w.org\/{rel}","templated":true}]}}