{"id":7036,"date":"2025-08-05T13:47:10","date_gmt":"2025-08-05T13:47:10","guid":{"rendered":"https:\/\/gridamokykloms.lt\/produktas\/cobra-smartsense-co2-jutiklis\/"},"modified":"2025-08-05T13:47:10","modified_gmt":"2025-08-05T13:47:10","slug":"cobra-smartsense-co2-jutiklis","status":"publish","type":"product","link":"https:\/\/gridamokykloms.lt\/en\/produktas\/cobra-smartsense-co2-jutiklis\/","title":{"rendered":"Cobra SMARTsense CO2 jutiklis"},"content":{"rendered":"<p>Cobra SMARTsense CO2 jutiklis skirtas tiksliai matuoti anglies dioksido koncentracij\u0105 ore. Jutiklis jungiasi belaid\u017eiu b\u016bdu (Bluetooth) arba laidu (USB) prie i\u0161maniojo \u012frenginio (telefonas, plan\u0161et\u0117, kompiuteris). Matavim\u0173 duomenys gali b\u016bti fiksuojami tiek realiu laiku, tiek ir offline re\u017eimu \u2013 per\u017ei\u016brimi v\u0117liau.<\/p>\n<p>Privalumai:<\/p>\n<p>Paprastas naudojimas su Bluetooth ir &#8220;measureAPP&#8221;.<br \/>\nPlatus jutikli\u0173 asortimentas \u2013 daugiau nei 40 modeli\u0173 ir 70 matavim\u0173 r\u016b\u0161i\u0173.<br \/>\nIki 50 valand\u0173 baterijos veikimo vienu \u012fkrovimu.<br \/>\nIki 32 000 matavim\u0173 per sekund\u0119 ir iki 17 vienu metu veikian\u010di\u0173 kanal\u0173 u\u017etikrina tikslum\u0105.<br \/>\nGreita ir patikima jungtis per Bluetooth ar USB.<\/p>\n<p>Techniniai duomenys:<\/p>\n<p>Diapazonas: 0 &#8230; 100 000 ppm<br \/>\nRai\u0161ka: 2 ppm<br \/>\nImties da\u017enis: 1 Hz<br \/>\nBluetooth versija: 5.0<\/p>\n","protected":false},"excerpt":{"rendered":"<p>Jutiklis anglies dioksido kiekiui ore matuoti.<\/p>\n","protected":false},"featured_media":7037,"comment_status":"open","ping_status":"closed","template":"","meta":{"_acf_changed":false},"product_brand":[304],"product_cat":[286],"product_tag":[],"class_list":{"0":"post-7036","1":"product","2":"type-product","3":"status-publish","4":"has-post-thumbnail","6":"product_brand-phywe","7":"product_cat-jutikliai","9":"first","10":"instock","11":"taxable","12":"shipping-taxable","13":"purchasable","14":"product-type-simple"},"acf":[],"_links":{"self":[{"href":"https:\/\/gridamokykloms.lt\/en\/wp-json\/wp\/v2\/product\/7036","targetHints":{"allow":["GET"]}}],"collection":[{"href":"https:\/\/gridamokykloms.lt\/en\/wp-json\/wp\/v2\/product"}],"about":[{"href":"https:\/\/gridamokykloms.lt\/en\/wp-json\/wp\/v2\/types\/product"}],"replies":[{"embeddable":true,"href":"https:\/\/gridamokykloms.lt\/en\/wp-json\/wp\/v2\/comments?post=7036"}],"wp:featuredmedia":[{"embeddable":true,"href":"https:\/\/gridamokykloms.lt\/en\/wp-json\/wp\/v2\/media\/7037"}],"wp:attachment":[{"href":"https:\/\/gridamokykloms.lt\/en\/wp-json\/wp\/v2\/media?parent=7036"}],"wp:term":[{"taxonomy":"product_brand","embeddable":true,"href":"https:\/\/gridamokykloms.lt\/en\/wp-json\/wp\/v2\/product_brand?post=7036"},{"taxonomy":"product_cat","embeddable":true,"href":"https:\/\/gridamokykloms.lt\/en\/wp-json\/wp\/v2\/product_cat?post=7036"},{"taxonomy":"product_tag","embeddable":true,"href":"https:\/\/gridamokykloms.lt\/en\/wp-json\/wp\/v2\/product_tag?post=7036"}],"curies":[{"name":"wp","href":"https:\/\/api.w.org\/{rel}","templated":true}]}}