{"id":7038,"date":"2025-08-05T13:47:10","date_gmt":"2025-08-05T13:47:10","guid":{"rendered":"https:\/\/gridamokykloms.lt\/produktas\/cobra-smartsense-jegos-ir-pagreicio-jutiklis\/"},"modified":"2025-08-05T13:47:10","modified_gmt":"2025-08-05T13:47:10","slug":"cobra-smartsense-jegos-ir-pagreicio-jutiklis","status":"publish","type":"product","link":"https:\/\/gridamokykloms.lt\/en\/produktas\/cobra-smartsense-jegos-ir-pagreicio-jutiklis\/","title":{"rendered":"Cobra SMARTsense j\u0117gos ir pagrei\u010dio jutiklis"},"content":{"rendered":"<p>Cobra SMARTsense j\u0117gos ir pagrei\u010dio jutiklis leid\u017eia matuoti i\u0161orin\u0117s j\u0117gos sukeliam\u0105 pagreit\u012f, j\u0117gos dyd\u012f ir kampin\u012f greit\u012f. Tai puikus sprendimas mechanikos eksperimentams, tyrin\u0117jant jud\u0117jimo d\u0117snius, traukos j\u0117g\u0105 ar impuls\u0105. Jutiklis jungiamas belaid\u017eiu (Bluetooth 5.0) arba laidiniu (USB) b\u016bdu prie i\u0161maniojo telefono, plan\u0161et\u0117s ar kompiuterio.<\/p>\n<p>Naudojant \u201emeasureAPP\u201c program\u0117l\u0119 (iOS, Android, Windows), galima realiu laiku registruoti ir analizuoti duomenis. Norint atlikti i\u0161samesnius skai\u010diavimus ar kurti sud\u0117tingas diagramas, galima naudoti \u201emeasureLAB\u201c programin\u0119 \u012frang\u0105 (Windows, macOS).<br \/>\n\u0160is jutiklis leid\u017eia prakti\u0161kai nagrin\u0117ti Niutono d\u0117snius, traukos j\u0117gos poky\u010dius ar inercijos rei\u0161kinius.<\/p>\n<p>Privalumai:<\/p>\n<p>Platus pritaikymas: daugiau nei 40 jutikli\u0173 su 70 skirting\u0173 matavim\u0173 gamtos moksl\u0173 pamokoms.<br \/>\nDidelis tikslumas: iki 32 000 matavim\u0173 per sekund\u0119 ir iki 17 kanal\u0173 vienu metu.<br \/>\nPlatus suderinamumas: veikia su visomis pagrindin\u0117mis operacin\u0117mis sistemomis.<\/p>\n<p>Techniniai duomenys:<\/p>\n<p>J\u0117ga:<br \/>\nDiapazonas: \u00b150 N<br \/>\nRai\u0161ka: 30 mN<br \/>\nPagreitis:<br \/>\nDiapazonas: \u00b116 g<br \/>\nRai\u0161ka: 0,01 g<br \/>\nGiroskopas (kampinis greitis):<br \/>\nDiapazonas: \u00b134,9 rad\/s<br \/>\nRai\u0161ka: 0,01 rad\/s<br \/>\nImties da\u017enis: 1000 Hz<br \/>\nBluetooth versija: 5.0<br \/>\nJutiklis turi USB-C \u012fkraunam\u0105 li\u010dio polimer\u0173 baterij\u0105.<\/p>\n","protected":false},"excerpt":{"rendered":"<p>Tikslus jutiklis j\u0117gos, pagrei\u010dio ir kampinio grei\u010dio matavimams mechanikos eksperimentuose.<\/p>\n","protected":false},"featured_media":7039,"comment_status":"open","ping_status":"closed","template":"","meta":{"_acf_changed":false},"product_brand":[304],"product_cat":[286],"product_tag":[],"class_list":{"0":"post-7038","1":"product","2":"type-product","3":"status-publish","4":"has-post-thumbnail","6":"product_brand-phywe","7":"product_cat-jutikliai","9":"first","10":"instock","11":"taxable","12":"shipping-taxable","13":"purchasable","14":"product-type-simple"},"acf":[],"_links":{"self":[{"href":"https:\/\/gridamokykloms.lt\/en\/wp-json\/wp\/v2\/product\/7038","targetHints":{"allow":["GET"]}}],"collection":[{"href":"https:\/\/gridamokykloms.lt\/en\/wp-json\/wp\/v2\/product"}],"about":[{"href":"https:\/\/gridamokykloms.lt\/en\/wp-json\/wp\/v2\/types\/product"}],"replies":[{"embeddable":true,"href":"https:\/\/gridamokykloms.lt\/en\/wp-json\/wp\/v2\/comments?post=7038"}],"wp:featuredmedia":[{"embeddable":true,"href":"https:\/\/gridamokykloms.lt\/en\/wp-json\/wp\/v2\/media\/7039"}],"wp:attachment":[{"href":"https:\/\/gridamokykloms.lt\/en\/wp-json\/wp\/v2\/media?parent=7038"}],"wp:term":[{"taxonomy":"product_brand","embeddable":true,"href":"https:\/\/gridamokykloms.lt\/en\/wp-json\/wp\/v2\/product_brand?post=7038"},{"taxonomy":"product_cat","embeddable":true,"href":"https:\/\/gridamokykloms.lt\/en\/wp-json\/wp\/v2\/product_cat?post=7038"},{"taxonomy":"product_tag","embeddable":true,"href":"https:\/\/gridamokykloms.lt\/en\/wp-json\/wp\/v2\/product_tag?post=7038"}],"curies":[{"name":"wp","href":"https:\/\/api.w.org\/{rel}","templated":true}]}}