{"id":7040,"date":"2025-08-05T13:47:10","date_gmt":"2025-08-05T13:47:10","guid":{"rendered":"https:\/\/gridamokykloms.lt\/produktas\/cobra-smartsense-odos-varzos-jutiklis\/"},"modified":"2025-08-05T13:47:10","modified_gmt":"2025-08-05T13:47:10","slug":"cobra-smartsense-odos-varzos-jutiklis","status":"publish","type":"product","link":"https:\/\/gridamokykloms.lt\/en\/produktas\/cobra-smartsense-odos-varzos-jutiklis\/","title":{"rendered":"Cobra SMARTsense odos var\u017eos jutiklis"},"content":{"rendered":"<p>Cobra SMARTsense odos var\u017eos (GSR) jutiklis leid\u017eia matuoti \u017emogaus odos laidum\u0105, kuris kinta priklausomai nuo prakaitavimo \u2013 taip galima \u012fvertinti streso, susijaudinimo ar emocij\u0173 lyg\u012f. Jutiklis jungiamas belaid\u017eiu (Bluetooth 5.0) arba laidiniu (USB) b\u016bdu prie i\u0161maniojo telefono, plan\u0161et\u0117s ar kompiuterio.<\/p>\n<p>Naudojant \u201emeasureAPP\u201c program\u0117l\u0119 (iOS, Android, Windows), matavimai lengvai \u012fra\u0161omi ir atvaizduojami realiu laiku. Sud\u0117tingesnei analizei tinka \u201emeasureLAB\u201c programin\u0117 \u012franga (Windows, macOS).<br \/>\nJutiklis puikiai tinka \u017emogaus biologijos ar psichofiziologijos tyrimams mokyklose \u2013 pavyzd\u017eiui, streso reakcijos \u012f aplink\u0105 eksperimentams.<\/p>\n<p>Privalumai:<\/p>\n<p>Platus pritaikymas: daugiau nei 40 jutikli\u0173 su 70 skirting\u0173 matavim\u0173 gamtos moksl\u0173 pamokoms.<br \/>\nDidelis tikslumas: iki 32 000 matavim\u0173 per sekund\u0119 ir iki 17 kanal\u0173 vienu metu.<br \/>\nPlatus suderinamumas: veikia su visomis pagrindin\u0117mis operacin\u0117mis sistemomis.<\/p>\n<p>Techniniai duomenys:<\/p>\n<p>Matavimo ribos: 0 &#8230; 10 \u00b5S<br \/>\nRai\u0161ka: 0,01 \u00b5S<br \/>\nImties da\u017enis: 100 Hz<br \/>\nBluetooth versija: 5.0<br \/>\nJutiklis turi USB-C \u012fkraunam\u0105 li\u010dio polimer\u0173 baterij\u0105.<\/p>\n","protected":false},"excerpt":{"rendered":"<p>Jutiklis odos elektriniam laidumui matuoti \u2013 streso, susijaudinimo ar emocini\u0173 reakcij\u0173 tyrimams.<\/p>\n","protected":false},"featured_media":7041,"comment_status":"open","ping_status":"closed","template":"","meta":{"_acf_changed":false},"product_brand":[304],"product_cat":[286],"product_tag":[],"class_list":{"0":"post-7040","1":"product","2":"type-product","3":"status-publish","4":"has-post-thumbnail","6":"product_brand-phywe","7":"product_cat-jutikliai","9":"first","10":"instock","11":"taxable","12":"shipping-taxable","13":"purchasable","14":"product-type-simple"},"acf":[],"_links":{"self":[{"href":"https:\/\/gridamokykloms.lt\/en\/wp-json\/wp\/v2\/product\/7040","targetHints":{"allow":["GET"]}}],"collection":[{"href":"https:\/\/gridamokykloms.lt\/en\/wp-json\/wp\/v2\/product"}],"about":[{"href":"https:\/\/gridamokykloms.lt\/en\/wp-json\/wp\/v2\/types\/product"}],"replies":[{"embeddable":true,"href":"https:\/\/gridamokykloms.lt\/en\/wp-json\/wp\/v2\/comments?post=7040"}],"wp:featuredmedia":[{"embeddable":true,"href":"https:\/\/gridamokykloms.lt\/en\/wp-json\/wp\/v2\/media\/7041"}],"wp:attachment":[{"href":"https:\/\/gridamokykloms.lt\/en\/wp-json\/wp\/v2\/media?parent=7040"}],"wp:term":[{"taxonomy":"product_brand","embeddable":true,"href":"https:\/\/gridamokykloms.lt\/en\/wp-json\/wp\/v2\/product_brand?post=7040"},{"taxonomy":"product_cat","embeddable":true,"href":"https:\/\/gridamokykloms.lt\/en\/wp-json\/wp\/v2\/product_cat?post=7040"},{"taxonomy":"product_tag","embeddable":true,"href":"https:\/\/gridamokykloms.lt\/en\/wp-json\/wp\/v2\/product_tag?post=7040"}],"curies":[{"name":"wp","href":"https:\/\/api.w.org\/{rel}","templated":true}]}}