{"id":7042,"date":"2025-08-05T13:47:10","date_gmt":"2025-08-05T13:47:10","guid":{"rendered":"https:\/\/gridamokykloms.lt\/produktas\/cobra-smartsense-garso-jutiklis\/"},"modified":"2025-08-05T13:47:10","modified_gmt":"2025-08-05T13:47:10","slug":"cobra-smartsense-garso-jutiklis","status":"publish","type":"product","link":"https:\/\/gridamokykloms.lt\/en\/produktas\/cobra-smartsense-garso-jutiklis\/","title":{"rendered":"Cobra SMARTsense garso jutiklis"},"content":{"rendered":"<p>Cobra SMARTsense garso jutiklis leid\u017eia vienu \u012frenginiu matuoti tiek garso lyg\u012f, tiek garso bangos form\u0105 \u2013 puikiai tinka akustikos eksperimentams ir tyrimams. Jutiklis veikia tiek belaid\u017eiu (Bluetooth 5.0), tiek laidiniu (USB) re\u017eimu ir gali b\u016bti prijungtas prie telefono, plan\u0161et\u0117s ar kompiuterio.<\/p>\n<p>Naudojant \u201emeasureAPP\u201c program\u0117l\u0119 (iOS, Android, Windows), matavim\u0173 duomenys lengvai \u012fra\u0161omi ir atvaizduojami grafi\u0161kai. Sud\u0117tingesn\u0117ms analiz\u0117ms galima naudoti \u201emeasureLAB\u201c programin\u0119 \u012frang\u0105 (Windows, macOS).<br \/>\n\u0160is jutiklis puikiai tinka pamokoms apie bang\u0173 savybes, rezonans\u0105 ar garso sl\u0117g\u012f.<\/p>\n<p>Privalumai:<\/p>\n<p>Platus pritaikymas: daugiau nei 40 jutikli\u0173 su 70 skirting\u0173 matavim\u0173 gamtos moksl\u0173 pamokoms.<br \/>\nDidelis tikslumas: iki 32 000 matavim\u0173 per sekund\u0119 ir iki 17 kanal\u0173 vienu metu.<br \/>\nPlatus suderinamumas: veikia su visomis pagrindin\u0117mis operacin\u0117mis sistemomis.<\/p>\n<p>Techniniai duomenys:<\/p>\n<p>Garso lygis:<br \/>\nDiapazonas: 55 &#8230; 110 dB(A)<br \/>\nRai\u0161ka: 0,1 dB(A)<br \/>\nImties da\u017enis: 10 Hz<br \/>\nGarso signalas:<br \/>\nMikrofono da\u017eni\u0173 diapazonas: 100 &#8230; 15 000 Hz<br \/>\nImties da\u017enis: 32 kHz (USB), 8 kHz (Bluetooth)<br \/>\nBluetooth versija: 5.0<br \/>\nKomplekte \u2013 mikrofonas.<br \/>\nJutiklis turi USB-C \u012fkraunam\u0105 li\u010dio polimer\u0173 baterij\u0105.<\/p>\n","protected":false},"excerpt":{"rendered":"<p>Garso lygio ir akustinio signalo matavimui skirtas jutiklis.<\/p>\n","protected":false},"featured_media":7043,"comment_status":"open","ping_status":"closed","template":"","meta":{"_acf_changed":false},"product_brand":[304],"product_cat":[286],"product_tag":[],"class_list":{"0":"post-7042","1":"product","2":"type-product","3":"status-publish","4":"has-post-thumbnail","6":"product_brand-phywe","7":"product_cat-jutikliai","9":"first","10":"instock","11":"taxable","12":"shipping-taxable","13":"purchasable","14":"product-type-simple"},"acf":[],"_links":{"self":[{"href":"https:\/\/gridamokykloms.lt\/en\/wp-json\/wp\/v2\/product\/7042","targetHints":{"allow":["GET"]}}],"collection":[{"href":"https:\/\/gridamokykloms.lt\/en\/wp-json\/wp\/v2\/product"}],"about":[{"href":"https:\/\/gridamokykloms.lt\/en\/wp-json\/wp\/v2\/types\/product"}],"replies":[{"embeddable":true,"href":"https:\/\/gridamokykloms.lt\/en\/wp-json\/wp\/v2\/comments?post=7042"}],"wp:featuredmedia":[{"embeddable":true,"href":"https:\/\/gridamokykloms.lt\/en\/wp-json\/wp\/v2\/media\/7043"}],"wp:attachment":[{"href":"https:\/\/gridamokykloms.lt\/en\/wp-json\/wp\/v2\/media?parent=7042"}],"wp:term":[{"taxonomy":"product_brand","embeddable":true,"href":"https:\/\/gridamokykloms.lt\/en\/wp-json\/wp\/v2\/product_brand?post=7042"},{"taxonomy":"product_cat","embeddable":true,"href":"https:\/\/gridamokykloms.lt\/en\/wp-json\/wp\/v2\/product_cat?post=7042"},{"taxonomy":"product_tag","embeddable":true,"href":"https:\/\/gridamokykloms.lt\/en\/wp-json\/wp\/v2\/product_tag?post=7042"}],"curies":[{"name":"wp","href":"https:\/\/api.w.org\/{rel}","templated":true}]}}