{"id":7048,"date":"2025-08-05T13:47:10","date_gmt":"2025-08-05T13:47:10","guid":{"rendered":"https:\/\/gridamokykloms.lt\/produktas\/cobra-smartsense-spirometras\/"},"modified":"2025-08-05T13:47:10","modified_gmt":"2025-08-05T13:47:10","slug":"cobra-smartsense-spirometras","status":"publish","type":"product","link":"https:\/\/gridamokykloms.lt\/en\/produktas\/cobra-smartsense-spirometras\/","title":{"rendered":"Cobra SMARTsense spirometras"},"content":{"rendered":"<p>Cobra SMARTsense spirometras leid\u017eia tiksliai matuoti \u012fkv\u0117piamo ir i\u0161kvepiamo oro t\u016br\u012f bei oro sraut\u0105, tod\u0117l idealiai tinka kv\u0117pavimo proceso analizei \u017emogaus fiziologijos tyrimuose. Jutiklis gali b\u016bti prijungtas belaid\u017eiu (Bluetooth 5.0) arba laidiniu (USB) b\u016bdu prie i\u0161maniojo telefono, plan\u0161et\u0117s ar kompiuterio.<\/p>\n<p>Naudojant \u201emeasureAPP\u201c program\u0117l\u0119 (iOS, Android, Windows), matavim\u0173 duomenis galima lengvai fiksuoti ir grafi\u0161kai atvaizduoti. Sud\u0117tingesnei analizei skirta \u201emeasureLAB\u201c programa (Windows, macOS).<\/p>\n<p>Privalumai:<\/p>\n<p>Platus pritaikymas: daugiau nei 40 jutikli\u0173 su 70 skirting\u0173 matavim\u0173 gamtos moksl\u0173 pamokoms.<br \/>\nDidelis tikslumas: iki 32 000 matavim\u0173 per sekund\u0119 ir iki 17 kanal\u0173 vienu metu.<br \/>\nPlatus suderinamumas: veikia su visomis pagrindin\u0117mis operacin\u0117mis sistemomis.<\/p>\n<p>Techniniai duomenys:<\/p>\n<p>Oro srautas:<br \/>\nDiapazonas: \u00b110 l\/s<br \/>\nRai\u0161ka: 0,01 l\/s<br \/>\nT\u016bris:<br \/>\nDiapazonas: \u00b115 l<br \/>\nRai\u0161ka: 0,01 l<br \/>\nImties da\u017enis: 200 Hz<br \/>\nBluetooth versija: 5.0<br \/>\nKomplekte \u2013 1 kandiklis.<br \/>\nJutiklis turi USB-C \u012fkraunam\u0105 li\u010dio polimer\u0173 baterij\u0105.<\/p>\n","protected":false},"excerpt":{"rendered":"<p>Jutiklis skirtas \u012fkvepiamo ir i\u0161kvepiamo oro t\u016briui matuoti.<\/p>\n","protected":false},"featured_media":7049,"comment_status":"open","ping_status":"closed","template":"","meta":{"_acf_changed":false},"product_brand":[304],"product_cat":[286],"product_tag":[],"class_list":{"0":"post-7048","1":"product","2":"type-product","3":"status-publish","4":"has-post-thumbnail","6":"product_brand-phywe","7":"product_cat-jutikliai","9":"first","10":"instock","11":"taxable","12":"shipping-taxable","13":"purchasable","14":"product-type-simple"},"acf":[],"_links":{"self":[{"href":"https:\/\/gridamokykloms.lt\/en\/wp-json\/wp\/v2\/product\/7048","targetHints":{"allow":["GET"]}}],"collection":[{"href":"https:\/\/gridamokykloms.lt\/en\/wp-json\/wp\/v2\/product"}],"about":[{"href":"https:\/\/gridamokykloms.lt\/en\/wp-json\/wp\/v2\/types\/product"}],"replies":[{"embeddable":true,"href":"https:\/\/gridamokykloms.lt\/en\/wp-json\/wp\/v2\/comments?post=7048"}],"wp:featuredmedia":[{"embeddable":true,"href":"https:\/\/gridamokykloms.lt\/en\/wp-json\/wp\/v2\/media\/7049"}],"wp:attachment":[{"href":"https:\/\/gridamokykloms.lt\/en\/wp-json\/wp\/v2\/media?parent=7048"}],"wp:term":[{"taxonomy":"product_brand","embeddable":true,"href":"https:\/\/gridamokykloms.lt\/en\/wp-json\/wp\/v2\/product_brand?post=7048"},{"taxonomy":"product_cat","embeddable":true,"href":"https:\/\/gridamokykloms.lt\/en\/wp-json\/wp\/v2\/product_cat?post=7048"},{"taxonomy":"product_tag","embeddable":true,"href":"https:\/\/gridamokykloms.lt\/en\/wp-json\/wp\/v2\/product_tag?post=7048"}],"curies":[{"name":"wp","href":"https:\/\/api.w.org\/{rel}","templated":true}]}}