{"id":7050,"date":"2025-08-05T13:47:10","date_gmt":"2025-08-05T13:47:10","guid":{"rendered":"https:\/\/gridamokykloms.lt\/produktas\/cobra-smartsense-sirdies-ritmo-jutiklis\/"},"modified":"2025-08-05T13:47:10","modified_gmt":"2025-08-05T13:47:10","slug":"cobra-smartsense-sirdies-ritmo-jutiklis","status":"publish","type":"product","link":"https:\/\/gridamokykloms.lt\/en\/produktas\/cobra-smartsense-sirdies-ritmo-jutiklis\/","title":{"rendered":"Cobra SMARTsense \u0161irdies ritmo jutiklis"},"content":{"rendered":"<p>Cobra SMARTsense \u0161irdies ritmo jutiklis leid\u017eia patogiai matuoti \u017emogaus puls\u0105, tod\u0117l puikiai tinka biologijos ir \u017emogaus fiziologijos eksperimentams. Jutiklis jungiamas belaid\u017eiu (Bluetooth 5.0) arba laidiniu (USB) b\u016bdu prie i\u0161maniojo telefono, plan\u0161et\u0117s ar kompiuterio.<\/p>\n<p>Naudojant \u201emeasureAPP\u201c program\u0117l\u0119 (iOS, Android, Windows), matavim\u0173 duomenis galima lengvai fiksuoti ir atvaizduoti grafi\u0161kai. Sud\u0117tingesnei analizei galima naudoti \u201emeasureLAB\u201c program\u0105 (Windows, macOS).<br \/>\nJutiklis tinka tyrin\u0117ti fizinio kr\u016bvio poveik\u012f \u0161irdies veiklai, atlikti pulsometrijos bandymus ar steb\u0117ti \u0161irdies ritmo poky\u010dius \u012fvairiose situacijose.<\/p>\n<p>Privalumai:<\/p>\n<p>Platus pritaikymas: daugiau nei 40 jutikli\u0173 su 70 skirting\u0173 matavim\u0173 gamtos moksl\u0173 pamokoms.<br \/>\nDidelis tikslumas: iki 32 000 matavim\u0173 per sekund\u0119 ir iki 17 kanal\u0173 vienu metu.<br \/>\nPlatus suderinamumas: veikia su visomis pagrindin\u0117mis operacin\u0117mis sistemomis.<\/p>\n<p>Techniniai duomenys:<\/p>\n<p>Matavimo ribos: 0 &#8230; 200 d\u016b\u017ei\u0173 per minut\u0119 (bpm)<br \/>\nRai\u0161ka: 1 bpm<br \/>\nImties da\u017enis: 10 Hz<br \/>\nBluetooth versija: 5.0<br \/>\nKomplekte \u2013 ausies spaustukas.<br \/>\nJutiklis turi USB-C \u012fkraunam\u0105 li\u010dio polimer\u0173 baterij\u0105.<\/p>\n","protected":false},"excerpt":{"rendered":"<p>Belaidis jutiklis \u0161irdies ritmo steb\u0117jimui \u017emogaus fiziologijos eksperimentuose.<\/p>\n","protected":false},"featured_media":7051,"comment_status":"open","ping_status":"closed","template":"","meta":{"_acf_changed":false},"product_brand":[304],"product_cat":[286],"product_tag":[],"class_list":{"0":"post-7050","1":"product","2":"type-product","3":"status-publish","4":"has-post-thumbnail","6":"product_brand-phywe","7":"product_cat-jutikliai","9":"first","10":"instock","11":"taxable","12":"shipping-taxable","13":"purchasable","14":"product-type-simple"},"acf":[],"_links":{"self":[{"href":"https:\/\/gridamokykloms.lt\/en\/wp-json\/wp\/v2\/product\/7050","targetHints":{"allow":["GET"]}}],"collection":[{"href":"https:\/\/gridamokykloms.lt\/en\/wp-json\/wp\/v2\/product"}],"about":[{"href":"https:\/\/gridamokykloms.lt\/en\/wp-json\/wp\/v2\/types\/product"}],"replies":[{"embeddable":true,"href":"https:\/\/gridamokykloms.lt\/en\/wp-json\/wp\/v2\/comments?post=7050"}],"wp:featuredmedia":[{"embeddable":true,"href":"https:\/\/gridamokykloms.lt\/en\/wp-json\/wp\/v2\/media\/7051"}],"wp:attachment":[{"href":"https:\/\/gridamokykloms.lt\/en\/wp-json\/wp\/v2\/media?parent=7050"}],"wp:term":[{"taxonomy":"product_brand","embeddable":true,"href":"https:\/\/gridamokykloms.lt\/en\/wp-json\/wp\/v2\/product_brand?post=7050"},{"taxonomy":"product_cat","embeddable":true,"href":"https:\/\/gridamokykloms.lt\/en\/wp-json\/wp\/v2\/product_cat?post=7050"},{"taxonomy":"product_tag","embeddable":true,"href":"https:\/\/gridamokykloms.lt\/en\/wp-json\/wp\/v2\/product_tag?post=7050"}],"curies":[{"name":"wp","href":"https:\/\/api.w.org\/{rel}","templated":true}]}}