{"id":7052,"date":"2025-08-05T13:47:10","date_gmt":"2025-08-05T13:47:10","guid":{"rendered":"https:\/\/gridamokykloms.lt\/produktas\/cobra-smartsense-ekg-jutiklis\/"},"modified":"2025-08-05T13:47:10","modified_gmt":"2025-08-05T13:47:10","slug":"cobra-smartsense-ekg-jutiklis","status":"publish","type":"product","link":"https:\/\/gridamokykloms.lt\/en\/produktas\/cobra-smartsense-ekg-jutiklis\/","title":{"rendered":"Cobra SMARTsense EKG jutiklis"},"content":{"rendered":"<p>Cobra SMARTsense EKG jutiklis leid\u017eia tiksliai registruoti \u0161irdies raumens elektrin\u012f aktyvum\u0105, tod\u0117l puikiai tinka tiriant \u017emogaus fizin\u012f aktyvum\u0105, \u0161irdies ritm\u0105 ar atliekant EKG demonstracijas. Jutiklis gali b\u016bti prijungtas belaid\u017eiu (Bluetooth 5.0) arba laidiniu (USB) b\u016bdu prie i\u0161maniojo telefono, plan\u0161et\u0117s ar kompiuterio.<\/p>\n<p>Naudojant \u201emeasureAPP\u201c program\u0117l\u0119 (iOS, Android, Windows), matavim\u0173 duomenis galima lengvai fiksuoti ir atvaizduoti grafi\u0161kai. Sud\u0117tingesnei analizei galima naudoti \u201emeasureLAB\u201c program\u0105 (Windows, macOS).<br \/>\n\u0160is jutiklis leid\u017eia prakti\u0161kai nagrin\u0117ti \u0161irdies veikl\u0105, palyginti fizinio kr\u016bvio \u012ftak\u0105 \u0161irdies ritmui ir atlikti mokslinius tyrimus.<\/p>\n<p>Privalumai:<\/p>\n<p>Platus pritaikymas: daugiau nei 40 jutikli\u0173 su 70 skirting\u0173 matavim\u0173 gamtos moksl\u0173 pamokoms.<br \/>\nDidelis tikslumas: iki 32 000 matavim\u0173 per sekund\u0119 ir iki 17 kanal\u0173 vienu metu.<br \/>\nPlatus suderinamumas: veikia su visomis pagrindin\u0117mis operacin\u0117mis sistemomis.<\/p>\n<p>Techniniai duomenys:<\/p>\n<p>Matavimo ribos: 0 &#8230; 4,5 mV<br \/>\nRai\u0161ka: 4,5 \u00b5V<br \/>\nImties da\u017enis: 1000 Hz<br \/>\nBluetooth versija: 5.0<br \/>\nKomplekte yra jungiamasis laidas ir 6 EKG elektrodai.<br \/>\nJutiklis turi USB-C \u012fkraunam\u0105 li\u010dio polimer\u0173 baterij\u0105.<\/p>\n","protected":false},"excerpt":{"rendered":"<p>Belaidis EKG jutiklis \u0161irdies ritmo ir fizinio aktyvumo tyrimams.<\/p>\n","protected":false},"featured_media":7053,"comment_status":"open","ping_status":"closed","template":"","meta":{"_acf_changed":false},"product_brand":[304],"product_cat":[286],"product_tag":[],"class_list":{"0":"post-7052","1":"product","2":"type-product","3":"status-publish","4":"has-post-thumbnail","6":"product_brand-phywe","7":"product_cat-jutikliai","9":"first","10":"instock","11":"taxable","12":"shipping-taxable","13":"purchasable","14":"product-type-simple"},"acf":[],"_links":{"self":[{"href":"https:\/\/gridamokykloms.lt\/en\/wp-json\/wp\/v2\/product\/7052","targetHints":{"allow":["GET"]}}],"collection":[{"href":"https:\/\/gridamokykloms.lt\/en\/wp-json\/wp\/v2\/product"}],"about":[{"href":"https:\/\/gridamokykloms.lt\/en\/wp-json\/wp\/v2\/types\/product"}],"replies":[{"embeddable":true,"href":"https:\/\/gridamokykloms.lt\/en\/wp-json\/wp\/v2\/comments?post=7052"}],"wp:featuredmedia":[{"embeddable":true,"href":"https:\/\/gridamokykloms.lt\/en\/wp-json\/wp\/v2\/media\/7053"}],"wp:attachment":[{"href":"https:\/\/gridamokykloms.lt\/en\/wp-json\/wp\/v2\/media?parent=7052"}],"wp:term":[{"taxonomy":"product_brand","embeddable":true,"href":"https:\/\/gridamokykloms.lt\/en\/wp-json\/wp\/v2\/product_brand?post=7052"},{"taxonomy":"product_cat","embeddable":true,"href":"https:\/\/gridamokykloms.lt\/en\/wp-json\/wp\/v2\/product_cat?post=7052"},{"taxonomy":"product_tag","embeddable":true,"href":"https:\/\/gridamokykloms.lt\/en\/wp-json\/wp\/v2\/product_tag?post=7052"}],"curies":[{"name":"wp","href":"https:\/\/api.w.org\/{rel}","templated":true}]}}