{"id":7054,"date":"2025-08-05T13:47:10","date_gmt":"2025-08-05T13:47:10","guid":{"rendered":"https:\/\/gridamokykloms.lt\/produktas\/cobra-smartsense-deguonies-jutiklis\/"},"modified":"2025-08-05T13:47:10","modified_gmt":"2025-08-05T13:47:10","slug":"cobra-smartsense-deguonies-jutiklis","status":"publish","type":"product","link":"https:\/\/gridamokykloms.lt\/en\/produktas\/cobra-smartsense-deguonies-jutiklis\/","title":{"rendered":"Cobra SMARTsense deguonies jutiklis"},"content":{"rendered":"<p>Cobra SMARTsense deguonies jutiklis skirtas tiksliai matuoti deguonies koncentracij\u0105 tirpaluose (0\u201320 mg\/l) ir ore (0\u2013100 %). Jutiklis gali jungtis belaid\u017eiu b\u016bdu (Bluetooth) arba laidu (USB) tiesiogiai prie i\u0161maniojo \u012frenginio (telefonas, plan\u0161et\u0117, kompiuteris).<\/p>\n<p>Privalumai:<\/p>\n<p>Paprastas naudojimas su Bluetooth ir &#8220;measureAPP&#8221;.<br \/>\nDaugiau nei 40 jutikli\u0173 ir 70 matavimo r\u016b\u0161i\u0173 \u012fvairiems mokomiesiems dalykams.<br \/>\nIki 50 valand\u0173 baterijos veikimo.<br \/>\nIki 32 000 matavim\u0173 per sekund\u0119 ir iki 17 vienu metu veikian\u010di\u0173 kanal\u0173 u\u017etikrina tikslum\u0105.<br \/>\nGreita ir patikima duomen\u0173 jungtis per Bluetooth ar USB.<\/p>\n<p>Techniniai duomenys:<\/p>\n<p>Deguonis skystyje: diapazonas 0 &#8230; 20 mg\/l, rai\u0161ka 0,01 mg\/l<br \/>\nDeguonis ore: diapazonas 0 &#8230; 100 %, rai\u0161ka 0,1 %<br \/>\nImties da\u017enis: 10 Hz<br \/>\nBluetooth versija: 5.0<br \/>\n\u012e komplekt\u0105 \u012feina deguonies zondas skys\u010diams ir orui matuoti<br \/>\nMaitinimas: \u012fkraunama li\u010dio polimero baterija (USB-C)<\/p>\n","protected":false},"excerpt":{"rendered":"<p>Jutiklis deguonies kiekiui skystyje ir ore matuoti.<\/p>\n","protected":false},"featured_media":7055,"comment_status":"open","ping_status":"closed","template":"","meta":{"_acf_changed":false},"product_brand":[304],"product_cat":[286],"product_tag":[],"class_list":{"0":"post-7054","1":"product","2":"type-product","3":"status-publish","4":"has-post-thumbnail","6":"product_brand-phywe","7":"product_cat-jutikliai","9":"first","10":"instock","11":"taxable","12":"shipping-taxable","13":"purchasable","14":"product-type-simple"},"acf":[],"_links":{"self":[{"href":"https:\/\/gridamokykloms.lt\/en\/wp-json\/wp\/v2\/product\/7054","targetHints":{"allow":["GET"]}}],"collection":[{"href":"https:\/\/gridamokykloms.lt\/en\/wp-json\/wp\/v2\/product"}],"about":[{"href":"https:\/\/gridamokykloms.lt\/en\/wp-json\/wp\/v2\/types\/product"}],"replies":[{"embeddable":true,"href":"https:\/\/gridamokykloms.lt\/en\/wp-json\/wp\/v2\/comments?post=7054"}],"wp:featuredmedia":[{"embeddable":true,"href":"https:\/\/gridamokykloms.lt\/en\/wp-json\/wp\/v2\/media\/7055"}],"wp:attachment":[{"href":"https:\/\/gridamokykloms.lt\/en\/wp-json\/wp\/v2\/media?parent=7054"}],"wp:term":[{"taxonomy":"product_brand","embeddable":true,"href":"https:\/\/gridamokykloms.lt\/en\/wp-json\/wp\/v2\/product_brand?post=7054"},{"taxonomy":"product_cat","embeddable":true,"href":"https:\/\/gridamokykloms.lt\/en\/wp-json\/wp\/v2\/product_cat?post=7054"},{"taxonomy":"product_tag","embeddable":true,"href":"https:\/\/gridamokykloms.lt\/en\/wp-json\/wp\/v2\/product_tag?post=7054"}],"curies":[{"name":"wp","href":"https:\/\/api.w.org\/{rel}","templated":true}]}}