{"id":7056,"date":"2025-08-05T13:47:09","date_gmt":"2025-08-05T13:47:09","guid":{"rendered":"https:\/\/gridamokykloms.lt\/produktas\/cobra-smartsense-absoliutaus-slegio-jutiklis\/"},"modified":"2025-08-05T13:47:09","modified_gmt":"2025-08-05T13:47:09","slug":"cobra-smartsense-absoliutaus-slegio-jutiklis","status":"publish","type":"product","link":"https:\/\/gridamokykloms.lt\/en\/produktas\/cobra-smartsense-absoliutaus-slegio-jutiklis\/","title":{"rendered":"Cobra SMARTsense absoliutaus sl\u0117gio jutiklis"},"content":{"rendered":"<p>Cobra SMARTsense absoliutaus sl\u0117gio jutiklis leid\u017eia patogiai ir tiksliai matuoti sl\u0117g\u012f \u012fvairiuose moksliniuose eksperimentuose \u2013 nuo hidrostatinio sl\u0117gio iki kv\u0117pavimo proces\u0173 analiz\u0117s. Jutiklis prijungiamas per Bluetooth arba USB prie telefono, plan\u0161et\u0117s ar kompiuterio ir veikia tiek realiuoju laiku, tiek \u201eoffline\u201c re\u017eimu.<\/p>\n<p>Eksperiment\u0173 duomenis galima lengvai steb\u0117ti ir analizuoti naudojant \u201emeasureAPP\u201c program\u0117l\u0119 (iOS, Android, Windows), o pa\u017eangesnei analizei \u2013 \u201emeasureLAB\u201c (Windows, macOS). Jutiklis palaiko iki 50 val. darbo vienu \u012fkrovimu.<\/p>\n<p>Pritaikymo sritys:<\/p>\n<p>Absoliutaus sl\u0117gio matavimas<br \/>\nDemonstracijos, susijusios su atmosferos sl\u0117giu<\/p>\n<p>Privalumai:<\/p>\n<p>Palaiko iki 17 jutikli\u0173 vienu metu<br \/>\nIki 32\u202f000 matavim\u0173 per sekund\u0119 \u2013 puikus tikslumas<\/p>\n<p>Techniniai duomenys:<\/p>\n<p>Matavimo diapazonas: 0 \u2026 400\u202fkPa<br \/>\nSkiriamoji geba: 0,1\u202fkPa<br \/>\nImties da\u017enis: 500\u202fHz<br \/>\nBluetooth versija: 5.3<br \/>\nMaitinimas: \u012fkraunama li\u010dio polimer\u0173 baterija (USB-C)<br \/>\nKomplekte: prijungimo \u017earnel\u0117 ir \u0161virk\u0161tas<\/p>\n","protected":false},"excerpt":{"rendered":"<p>Tikslus absoliutaus sl\u0117gio jutiklis eksperimentams su dujomis, skys\u010diais ar atmosferos sl\u0117giu.<\/p>\n","protected":false},"featured_media":7057,"comment_status":"open","ping_status":"closed","template":"","meta":{"_acf_changed":false},"product_brand":[304],"product_cat":[286],"product_tag":[],"class_list":{"0":"post-7056","1":"product","2":"type-product","3":"status-publish","4":"has-post-thumbnail","6":"product_brand-phywe","7":"product_cat-jutikliai","9":"first","10":"instock","11":"taxable","12":"shipping-taxable","13":"purchasable","14":"product-type-simple"},"acf":[],"_links":{"self":[{"href":"https:\/\/gridamokykloms.lt\/en\/wp-json\/wp\/v2\/product\/7056","targetHints":{"allow":["GET"]}}],"collection":[{"href":"https:\/\/gridamokykloms.lt\/en\/wp-json\/wp\/v2\/product"}],"about":[{"href":"https:\/\/gridamokykloms.lt\/en\/wp-json\/wp\/v2\/types\/product"}],"replies":[{"embeddable":true,"href":"https:\/\/gridamokykloms.lt\/en\/wp-json\/wp\/v2\/comments?post=7056"}],"wp:featuredmedia":[{"embeddable":true,"href":"https:\/\/gridamokykloms.lt\/en\/wp-json\/wp\/v2\/media\/7057"}],"wp:attachment":[{"href":"https:\/\/gridamokykloms.lt\/en\/wp-json\/wp\/v2\/media?parent=7056"}],"wp:term":[{"taxonomy":"product_brand","embeddable":true,"href":"https:\/\/gridamokykloms.lt\/en\/wp-json\/wp\/v2\/product_brand?post=7056"},{"taxonomy":"product_cat","embeddable":true,"href":"https:\/\/gridamokykloms.lt\/en\/wp-json\/wp\/v2\/product_cat?post=7056"},{"taxonomy":"product_tag","embeddable":true,"href":"https:\/\/gridamokykloms.lt\/en\/wp-json\/wp\/v2\/product_tag?post=7056"}],"curies":[{"name":"wp","href":"https:\/\/api.w.org\/{rel}","templated":true}]}}