{"id":7058,"date":"2025-08-05T13:47:09","date_gmt":"2025-08-05T13:47:09","guid":{"rendered":"https:\/\/gridamokykloms.lt\/produktas\/cobra-smartsense-sviesos-jutiklis\/"},"modified":"2025-08-05T13:47:09","modified_gmt":"2025-08-05T13:47:09","slug":"cobra-smartsense-sviesos-jutiklis","status":"publish","type":"product","link":"https:\/\/gridamokykloms.lt\/en\/produktas\/cobra-smartsense-sviesos-jutiklis\/","title":{"rendered":"Cobra SMARTsense \u0161viesos jutiklis"},"content":{"rendered":"<p>Cobra SMARTsense \u0161viesos jutiklis leid\u017eia lengvai ir tiksliai matuoti ap\u0161vietimo intensyvum\u0105 \u012fvairiuose moksliniuose tyrimuose ar aplinkos steb\u0117jimuose. Jutiklis prijungiamas per Bluetooth arba USB prie telefono, plan\u0161et\u0117s ar kompiuterio ir gali b\u016bti naudojamas tiek realiuoju laiku, tiek \u201eoffline\u201c re\u017eimu.<\/p>\n<p>Naudodami \u201emeasureAPP\u201c program\u0117l\u0119 (iOS, Android, Windows), mokiniai gali greitai prad\u0117ti eksperimentuoti, o i\u0161samesn\u0117ms analiz\u0117ms skirta \u201emeasureLAB\u201c programin\u0117 \u012franga (Windows, macOS).<\/p>\n<p>Pritaikymo sritys:<\/p>\n<p>\u0160viesos intensyvumo matavimai laboratorijoje ar lauke<br \/>\nFotosintez\u0117s tyrimai<br \/>\nAplinkos ap\u0161vietimo analiz\u0117<\/p>\n<p>Privalumai:<\/p>\n<p>Belaidis arba USB ry\u0161ys<br \/>\nIki 50 val. veikimo su vienu baterijos \u012fkrovimu<br \/>\nTiksl\u016bs matavimai \u2013 iki 32\u202f000 duomen\u0173 ta\u0161k\u0173 per sekund\u0119<br \/>\nVeikia su visomis pagrindin\u0117mis platformomis \u2013 mobiliaisiais \u012frenginiais ir kompiuteriais<\/p>\n<p>Techniniai duomenys:<\/p>\n<p>Matavimo diapazonas: 0 \u2026 128\u202f000\u202fLx<br \/>\nSkiriamoji geba: 1\u202fLx<br \/>\nImties da\u017enis: 10\u202fHz<br \/>\nBluetooth versija: 5.0<br \/>\nMaitinimas: \u012fkraunama li\u010dio polimer\u0173 baterija (USB-C)<\/p>\n","protected":false},"excerpt":{"rendered":"<p>Tikslus ap\u0161vietos intensyvumo matavimas iki 128 000 liuks\u0173.<\/p>\n","protected":false},"featured_media":7059,"comment_status":"open","ping_status":"closed","template":"","meta":{"_acf_changed":false},"product_brand":[304],"product_cat":[286],"product_tag":[],"class_list":{"0":"post-7058","1":"product","2":"type-product","3":"status-publish","4":"has-post-thumbnail","6":"product_brand-phywe","7":"product_cat-jutikliai","9":"first","10":"instock","11":"taxable","12":"shipping-taxable","13":"purchasable","14":"product-type-simple"},"acf":[],"_links":{"self":[{"href":"https:\/\/gridamokykloms.lt\/en\/wp-json\/wp\/v2\/product\/7058","targetHints":{"allow":["GET"]}}],"collection":[{"href":"https:\/\/gridamokykloms.lt\/en\/wp-json\/wp\/v2\/product"}],"about":[{"href":"https:\/\/gridamokykloms.lt\/en\/wp-json\/wp\/v2\/types\/product"}],"replies":[{"embeddable":true,"href":"https:\/\/gridamokykloms.lt\/en\/wp-json\/wp\/v2\/comments?post=7058"}],"wp:featuredmedia":[{"embeddable":true,"href":"https:\/\/gridamokykloms.lt\/en\/wp-json\/wp\/v2\/media\/7059"}],"wp:attachment":[{"href":"https:\/\/gridamokykloms.lt\/en\/wp-json\/wp\/v2\/media?parent=7058"}],"wp:term":[{"taxonomy":"product_brand","embeddable":true,"href":"https:\/\/gridamokykloms.lt\/en\/wp-json\/wp\/v2\/product_brand?post=7058"},{"taxonomy":"product_cat","embeddable":true,"href":"https:\/\/gridamokykloms.lt\/en\/wp-json\/wp\/v2\/product_cat?post=7058"},{"taxonomy":"product_tag","embeddable":true,"href":"https:\/\/gridamokykloms.lt\/en\/wp-json\/wp\/v2\/product_tag?post=7058"}],"curies":[{"name":"wp","href":"https:\/\/api.w.org\/{rel}","templated":true}]}}