{"id":7060,"date":"2025-08-05T13:47:09","date_gmt":"2025-08-05T13:47:09","guid":{"rendered":"https:\/\/gridamokykloms.lt\/produktas\/cobra-smartsense-triju-asiu-pagreicio-jutiklis\/"},"modified":"2025-08-05T13:47:09","modified_gmt":"2025-08-05T13:47:09","slug":"cobra-smartsense-triju-asiu-pagreicio-jutiklis","status":"publish","type":"product","link":"https:\/\/gridamokykloms.lt\/en\/produktas\/cobra-smartsense-triju-asiu-pagreicio-jutiklis\/","title":{"rendered":"Cobra SMARTsense trij\u0173 a\u0161i\u0173 pagrei\u010dio jutiklis"},"content":{"rendered":"<p>Cobra SMARTsense pagrei\u010dio jutiklis leid\u017eia matuoti pagreit\u012f trimis a\u0161imis (X, Y, Z) ir tyrin\u0117ti mechanikos d\u0117snius realiame pasaulyje.<\/p>\n<p>Jutiklis veikia tiek per Bluetooth (5.1), tiek per USB, ir yra suderinamas su visais pagrindiniais \u012frenginiais \u2013 telefonais, plan\u0161et\u0117mis ir kompiuteriais. Matavimus galima atlikti realiuoju laiku naudojant \u201emeasureAPP\u201c arba kaupti neprisijungus ir per\u017ei\u016br\u0117ti v\u0117liau.<\/p>\n<p>Pritaikymo sritys:<\/p>\n<p>Jud\u0117jimo tyrimai fizikos pamokose<br \/>\nSm\u016bgio j\u0117gos matavimas<br \/>\nKiekybin\u0117 jud\u0117jimo analiz\u0117 sporte ar transporte<\/p>\n<p>Privalumai:<\/p>\n<p>Tiksl\u016bs matavimai su iki 100 Hz da\u017eniu<br \/>\nIlgas veikimo laikas \u2013 iki 50 val. su vienu \u012fkrovimu<br \/>\nDuomenys suderinami su \u201emeasureAPP\u201c ir i\u0161pl\u0117stinei analizei \u2013 \u201emeasureLAB\u201c<\/p>\n<p>Techniniai duomenys:<\/p>\n<p>Matavimo diapazonas: \u00b18\u202fg<br \/>\nSkiriamoji geba: 0,01\u202fg<br \/>\nImties da\u017enis: 100\u202fHz<br \/>\nBluetooth versija: 5.1<\/p>\n","protected":false},"excerpt":{"rendered":"<p>Tikslus pagrei\u010dio matavimas trimis kryptimis.<\/p>\n","protected":false},"featured_media":7061,"comment_status":"open","ping_status":"closed","template":"","meta":{"_acf_changed":false},"product_brand":[304],"product_cat":[286],"product_tag":[],"class_list":{"0":"post-7060","1":"product","2":"type-product","3":"status-publish","4":"has-post-thumbnail","6":"product_brand-phywe","7":"product_cat-jutikliai","9":"first","10":"instock","11":"taxable","12":"shipping-taxable","13":"purchasable","14":"product-type-simple"},"acf":[],"_links":{"self":[{"href":"https:\/\/gridamokykloms.lt\/en\/wp-json\/wp\/v2\/product\/7060","targetHints":{"allow":["GET"]}}],"collection":[{"href":"https:\/\/gridamokykloms.lt\/en\/wp-json\/wp\/v2\/product"}],"about":[{"href":"https:\/\/gridamokykloms.lt\/en\/wp-json\/wp\/v2\/types\/product"}],"replies":[{"embeddable":true,"href":"https:\/\/gridamokykloms.lt\/en\/wp-json\/wp\/v2\/comments?post=7060"}],"wp:featuredmedia":[{"embeddable":true,"href":"https:\/\/gridamokykloms.lt\/en\/wp-json\/wp\/v2\/media\/7061"}],"wp:attachment":[{"href":"https:\/\/gridamokykloms.lt\/en\/wp-json\/wp\/v2\/media?parent=7060"}],"wp:term":[{"taxonomy":"product_brand","embeddable":true,"href":"https:\/\/gridamokykloms.lt\/en\/wp-json\/wp\/v2\/product_brand?post=7060"},{"taxonomy":"product_cat","embeddable":true,"href":"https:\/\/gridamokykloms.lt\/en\/wp-json\/wp\/v2\/product_cat?post=7060"},{"taxonomy":"product_tag","embeddable":true,"href":"https:\/\/gridamokykloms.lt\/en\/wp-json\/wp\/v2\/product_tag?post=7060"}],"curies":[{"name":"wp","href":"https:\/\/api.w.org\/{rel}","templated":true}]}}