{"id":7062,"date":"2025-08-05T13:47:09","date_gmt":"2025-08-05T13:47:09","guid":{"rendered":"https:\/\/gridamokykloms.lt\/produktas\/cobra-smartsense-judesio-jutiklis\/"},"modified":"2025-08-05T13:47:09","modified_gmt":"2025-08-05T13:47:09","slug":"cobra-smartsense-judesio-jutiklis","status":"publish","type":"product","link":"https:\/\/gridamokykloms.lt\/en\/produktas\/cobra-smartsense-judesio-jutiklis\/","title":{"rendered":"Cobra SMARTsense judesio jutiklis"},"content":{"rendered":"<p>Cobra SMARTsense judesio jutiklis leid\u017eia tiksliai matuoti objekt\u0173 linijinius judesius 8\u2013400 cm diapazone naudojant ultragarsin\u0119 technologij\u0105.<\/p>\n<p>Jutiklis jungiasi prie i\u0161maniojo \u012frenginio per Bluetooth 5.3 arba USB laidu. Matavimus galima atlikti realiuoju laiku naudojant \u201emeasureAPP\u201c program\u0117l\u0119 (iOS, Android, Windows) arba neprisijungus, o duomenis per\u017ei\u016br\u0117ti v\u0117liau. Sud\u0117tingesnei analizei galima naudoti \u201emeasureLAB\u201c programin\u0119 \u012frang\u0105.<\/p>\n<p>Pritaikymo sritys:<\/p>\n<p>Tiesinio jud\u0117jimo analiz\u0117<br \/>\nGrei\u010dio ir pagrei\u010dio nustatymas<br \/>\nAtspind\u017eio trukm\u0117s matavimas ultragarsu<\/p>\n<p>Privalumai:<\/p>\n<p>Itin paprastas naudojimas \u2013 \u012fjunkite, prijunkite ir prad\u0117kite matuoti<br \/>\nTikslus atstumo matavimas su 0,1 cm skiriam\u0105ja geba<br \/>\nIki 50 valand\u0173 veikimo laikas su vienu baterijos \u012fkrovimu<br \/>\nBelaidis (Bluetooth) ir laidinis (USB) veikimo re\u017eimai<br \/>\nVeikia su visomis pagrindin\u0117mis operacin\u0117mis sistemomis<br \/>\nGalimyb\u0117 naudoti iki 17 jutikli\u0173 vienu metu<\/p>\n<p>Techniniai duomenys:<\/p>\n<p>Skiriamoji geba: 0,1 cm<br \/>\nImties da\u017enis: 20 Hz<br \/>\nBluetooth versija: 5.3<br \/>\nMaitinimas: \u012fkraunama li\u010dio polimer\u0173 baterija (USB-C)<\/p>\n","protected":false},"excerpt":{"rendered":"<p>Ultragarsinis judesio jutiklis tiksliam linijini\u0173 judesi\u0173 matavimui.<\/p>\n","protected":false},"featured_media":7063,"comment_status":"open","ping_status":"closed","template":"","meta":{"_acf_changed":false},"product_brand":[304],"product_cat":[286],"product_tag":[],"class_list":{"0":"post-7062","1":"product","2":"type-product","3":"status-publish","4":"has-post-thumbnail","6":"product_brand-phywe","7":"product_cat-jutikliai","9":"first","10":"instock","11":"taxable","12":"shipping-taxable","13":"purchasable","14":"product-type-simple"},"acf":[],"_links":{"self":[{"href":"https:\/\/gridamokykloms.lt\/en\/wp-json\/wp\/v2\/product\/7062","targetHints":{"allow":["GET"]}}],"collection":[{"href":"https:\/\/gridamokykloms.lt\/en\/wp-json\/wp\/v2\/product"}],"about":[{"href":"https:\/\/gridamokykloms.lt\/en\/wp-json\/wp\/v2\/types\/product"}],"replies":[{"embeddable":true,"href":"https:\/\/gridamokykloms.lt\/en\/wp-json\/wp\/v2\/comments?post=7062"}],"wp:featuredmedia":[{"embeddable":true,"href":"https:\/\/gridamokykloms.lt\/en\/wp-json\/wp\/v2\/media\/7063"}],"wp:attachment":[{"href":"https:\/\/gridamokykloms.lt\/en\/wp-json\/wp\/v2\/media?parent=7062"}],"wp:term":[{"taxonomy":"product_brand","embeddable":true,"href":"https:\/\/gridamokykloms.lt\/en\/wp-json\/wp\/v2\/product_brand?post=7062"},{"taxonomy":"product_cat","embeddable":true,"href":"https:\/\/gridamokykloms.lt\/en\/wp-json\/wp\/v2\/product_cat?post=7062"},{"taxonomy":"product_tag","embeddable":true,"href":"https:\/\/gridamokykloms.lt\/en\/wp-json\/wp\/v2\/product_tag?post=7062"}],"curies":[{"name":"wp","href":"https:\/\/api.w.org\/{rel}","templated":true}]}}