{"id":7064,"date":"2025-08-05T13:47:09","date_gmt":"2025-08-05T13:47:09","guid":{"rendered":"https:\/\/gridamokykloms.lt\/produktas\/cobra-smartsense-sviesos-barjero-jutiklis-2-vnt\/"},"modified":"2025-08-05T13:47:09","modified_gmt":"2025-08-05T13:47:09","slug":"cobra-smartsense-sviesos-barjero-jutiklis-2-vnt","status":"publish","type":"product","link":"https:\/\/gridamokykloms.lt\/en\/produktas\/cobra-smartsense-sviesos-barjero-jutiklis-2-vnt\/","title":{"rendered":"Cobra SMARTsense \u0161viesos barjero jutiklis (2 vnt.)"},"content":{"rendered":"<p>Cobra SMARTsense Photogate \u2013 tai dviej\u0173 \u0161viesos barjer\u0173 rinkinys, leid\u017eiantis itin tiksliai matuoti laik\u0105 \u012fvairiuose judesio eksperimentuose, pavyzd\u017eiui, tiriant laisv\u0105 kritim\u0105 ar \u0161vytuokli\u0173 svyravimus.<\/p>\n<p>Jutikliai veikia belaid\u017eiu ry\u0161iu arba gali b\u016bti sujungti laidu. Naudodami \u201emeasureAPP\u201c program\u0117l\u0119 (iOS, Android, Windows) galite lengvai \u012fra\u0161yti ir analizuoti matavimus realiuoju laiku. I\u0161samesnei analizei galima naudoti \u201emeasureLAB\u201c programin\u0119 \u012frang\u0105 (Windows, macOS).<\/p>\n<p>Pritaikymo sritys:<\/p>\n<p>Laisvojo kritimo tyrimai<br \/>\n\u0160vytuokl\u0117s ir harmonini\u0173 svyravim\u0173 eksperimentai<br \/>\nGrei\u010dio ir pagrei\u010dio nustatymas<\/p>\n<p>Privalumai:<\/p>\n<p>Paruo\u0161ta naudoti vos \u012fjungus \u2013 paprasta integracija \u012f pamokas<br \/>\n\u012ekraunama baterija veikia iki 50 val.<br \/>\nVeikia su dauguma mobili\u0173j\u0173 ir stacionari\u0173 \u012frengini\u0173<br \/>\nGalimyb\u0117 \u012fra\u0161yti iki 32 000 matavim\u0173 per sekund\u0119<br \/>\nDviej\u0173 jutikli\u0173 sistema \u2013 galima jungti tarpusavyje kabeliu<\/p>\n<p>Techniniai duomenys:<\/p>\n<p>Matavimo diapazonas: 0 &#8230; \u221e s<br \/>\nLaiko skiriamoji geba: 0,01 ms<br \/>\nImties da\u017enis: 1000 Hz<br \/>\nBluetooth versija: 5.4<br \/>\nMaitinimas: USB-C \u012fkraunama li\u010dio polimer\u0173 baterija<\/p>\n","protected":false},"excerpt":{"rendered":"<p>Dviej\u0173 jutikli\u0173 \u0161viesos barjer\u0173 sistema tiksliam laiko matavimui judesio eksperimentuose.<\/p>\n","protected":false},"featured_media":7065,"comment_status":"open","ping_status":"closed","template":"","meta":{"_acf_changed":false},"product_brand":[304],"product_cat":[286],"product_tag":[],"class_list":{"0":"post-7064","1":"product","2":"type-product","3":"status-publish","4":"has-post-thumbnail","6":"product_brand-phywe","7":"product_cat-jutikliai","9":"first","10":"instock","11":"taxable","12":"shipping-taxable","13":"purchasable","14":"product-type-simple"},"acf":[],"_links":{"self":[{"href":"https:\/\/gridamokykloms.lt\/en\/wp-json\/wp\/v2\/product\/7064","targetHints":{"allow":["GET"]}}],"collection":[{"href":"https:\/\/gridamokykloms.lt\/en\/wp-json\/wp\/v2\/product"}],"about":[{"href":"https:\/\/gridamokykloms.lt\/en\/wp-json\/wp\/v2\/types\/product"}],"replies":[{"embeddable":true,"href":"https:\/\/gridamokykloms.lt\/en\/wp-json\/wp\/v2\/comments?post=7064"}],"wp:featuredmedia":[{"embeddable":true,"href":"https:\/\/gridamokykloms.lt\/en\/wp-json\/wp\/v2\/media\/7065"}],"wp:attachment":[{"href":"https:\/\/gridamokykloms.lt\/en\/wp-json\/wp\/v2\/media?parent=7064"}],"wp:term":[{"taxonomy":"product_brand","embeddable":true,"href":"https:\/\/gridamokykloms.lt\/en\/wp-json\/wp\/v2\/product_brand?post=7064"},{"taxonomy":"product_cat","embeddable":true,"href":"https:\/\/gridamokykloms.lt\/en\/wp-json\/wp\/v2\/product_cat?post=7064"},{"taxonomy":"product_tag","embeddable":true,"href":"https:\/\/gridamokykloms.lt\/en\/wp-json\/wp\/v2\/product_tag?post=7064"}],"curies":[{"name":"wp","href":"https:\/\/api.w.org\/{rel}","templated":true}]}}