{"id":7066,"date":"2025-08-05T13:47:07","date_gmt":"2025-08-05T13:47:07","guid":{"rendered":"https:\/\/gridamokykloms.lt\/produktas\/bangu-demonstravimo-aparatas\/"},"modified":"2025-08-05T13:47:07","modified_gmt":"2025-08-05T13:47:07","slug":"bangu-demonstravimo-aparatas","status":"publish","type":"product","link":"https:\/\/gridamokykloms.lt\/en\/produktas\/bangu-demonstravimo-aparatas\/","title":{"rendered":"Bang\u0173 demonstravimo aparatas"},"content":{"rendered":"<p>Bang\u0173 demonstravimo aparatas leid\u017eia vizualiai steb\u0117ti tiek skersini\u0173, tiek ilgini\u0173 bang\u0173 jud\u0117jimo formas. Aparatas susideda i\u0161 ekscentrini\u0173 disk\u0173, kurie sukasi rankena varom\u0173 metalini\u0173 stryp\u0173 serijoje. Sukant ranken\u0105, diskai sukelia 16 vertikali\u0173 stryp\u0173 pakilim\u0105 ir nusileidim\u0105 pagal sinuso bangos form\u0105, imituojan\u010di\u0105 skersin\u0119 bang\u0105 (vertikalus judesys kyla i\u0161 sukam\u0173j\u0173 judesi\u0173). Skersinis jud\u0117jimas matomas stebint stryp\u0173 vir\u0161\u016bnes \u2013 primena vandens bangas. Ilgin\u0117s bangos sukuriamos d\u0117l lenkt\u0173 stryp\u0173 jud\u0117jimo.<\/p>\n","protected":false},"excerpt":{"rendered":"<p>Pa\u017eangus aparatas, demonstruojantis skersines ir ilgin\u0117s bangos jud\u0117jimo savybes.<\/p>\n","protected":false},"featured_media":7069,"comment_status":"open","ping_status":"closed","template":"","meta":{"_acf_changed":false},"product_brand":[305],"product_cat":[293],"product_tag":[],"class_list":{"0":"post-7066","1":"product","2":"type-product","3":"status-publish","4":"has-post-thumbnail","6":"product_brand-findel","7":"product_cat-bangos","9":"first","10":"instock","11":"taxable","12":"shipping-taxable","13":"purchasable","14":"product-type-simple"},"acf":[],"_links":{"self":[{"href":"https:\/\/gridamokykloms.lt\/en\/wp-json\/wp\/v2\/product\/7066","targetHints":{"allow":["GET"]}}],"collection":[{"href":"https:\/\/gridamokykloms.lt\/en\/wp-json\/wp\/v2\/product"}],"about":[{"href":"https:\/\/gridamokykloms.lt\/en\/wp-json\/wp\/v2\/types\/product"}],"replies":[{"embeddable":true,"href":"https:\/\/gridamokykloms.lt\/en\/wp-json\/wp\/v2\/comments?post=7066"}],"wp:featuredmedia":[{"embeddable":true,"href":"https:\/\/gridamokykloms.lt\/en\/wp-json\/wp\/v2\/media\/7069"}],"wp:attachment":[{"href":"https:\/\/gridamokykloms.lt\/en\/wp-json\/wp\/v2\/media?parent=7066"}],"wp:term":[{"taxonomy":"product_brand","embeddable":true,"href":"https:\/\/gridamokykloms.lt\/en\/wp-json\/wp\/v2\/product_brand?post=7066"},{"taxonomy":"product_cat","embeddable":true,"href":"https:\/\/gridamokykloms.lt\/en\/wp-json\/wp\/v2\/product_cat?post=7066"},{"taxonomy":"product_tag","embeddable":true,"href":"https:\/\/gridamokykloms.lt\/en\/wp-json\/wp\/v2\/product_tag?post=7066"}],"curies":[{"name":"wp","href":"https:\/\/api.w.org\/{rel}","templated":true}]}}