{"id":7067,"date":"2025-08-05T13:47:07","date_gmt":"2025-08-05T13:47:07","guid":{"rendered":"https:\/\/gridamokykloms.lt\/produktas\/spektrometras\/"},"modified":"2025-08-05T13:47:07","modified_gmt":"2025-08-05T13:47:07","slug":"spektrometras","status":"publish","type":"product","link":"https:\/\/gridamokykloms.lt\/en\/produktas\/spektrometras\/","title":{"rendered":"Spektrometras"},"content":{"rendered":"<p>Spektrometras leid\u017eia analizuoti med\u017eiagos sud\u0117t\u012f bei atom\u0173 strukt\u016br\u0105 remiantis \u0161viesos spinduliu, kur\u012f med\u017eiaga spinduliuoja arba sugeria. Spektrometras naudojamas \u012fvairiose mokslo srityse, \u012fskaitant astronomij\u0105 ir chemin\u0119 analiz\u0119.<\/p>\n<p>Skal\u0117 turi 150 mm skersmens apskritim\u0105, o stalo bei teleskopo judesiai yra nepriklausomi. Abi rotacin\u0117s dalys turi tikslaus reguliavimo var\u017etus, o atleidus fiksavimo var\u017et\u0105 galima atlikti grub\u0173 reguliavim\u0105 rankiniu b\u016bdu.<br \/>\nKolimatorius montuojamas ant fiksuoto stovo ir turi 178 mm fokusavimo achromatin\u012f objektyv\u0105, 28 mm ai\u0161ki\u0105 apert\u016br\u0105. Vienpusis reguliuojamas 7 mm ilgio ply\u0161ys.<br \/>\nTeleskopas montuojamas ant judamojo stovo ir turi 178 mm \u017eidinio achromatin\u012f objektyv\u0105, 28 mm ai\u0161ki\u0105 apert\u016br\u0105. Komplektuojamas su x10 Ramsden okuliaru ir stikliniu kry\u017eminiu tinkleliu.<br \/>\nKomplekte yra prizm\u0117s laikiklis, difrakcin\u0117s gardel\u0117s laikiklis, didinamasis stiklas, reguliavimo \u012frankis ir patogi medin\u0117 d\u0117\u017e\u0117. Pridedamos naudojimo instrukcijos.<\/p>\n","protected":false},"excerpt":{"rendered":"<p>Tikslus mokslinis prietaisas \u0161viesos spektrui analizuoti ir med\u017eiag\u0173 sud\u0117\u010diai nustatyti.<\/p>\n","protected":false},"featured_media":7070,"comment_status":"open","ping_status":"closed","template":"","meta":{"_acf_changed":false},"product_brand":[305],"product_cat":[292],"product_tag":[],"class_list":{"0":"post-7067","1":"product","2":"type-product","3":"status-publish","4":"has-post-thumbnail","6":"product_brand-findel","7":"product_cat-optika","9":"first","10":"instock","11":"taxable","12":"shipping-taxable","13":"purchasable","14":"product-type-simple"},"acf":[],"_links":{"self":[{"href":"https:\/\/gridamokykloms.lt\/en\/wp-json\/wp\/v2\/product\/7067","targetHints":{"allow":["GET"]}}],"collection":[{"href":"https:\/\/gridamokykloms.lt\/en\/wp-json\/wp\/v2\/product"}],"about":[{"href":"https:\/\/gridamokykloms.lt\/en\/wp-json\/wp\/v2\/types\/product"}],"replies":[{"embeddable":true,"href":"https:\/\/gridamokykloms.lt\/en\/wp-json\/wp\/v2\/comments?post=7067"}],"wp:featuredmedia":[{"embeddable":true,"href":"https:\/\/gridamokykloms.lt\/en\/wp-json\/wp\/v2\/media\/7070"}],"wp:attachment":[{"href":"https:\/\/gridamokykloms.lt\/en\/wp-json\/wp\/v2\/media?parent=7067"}],"wp:term":[{"taxonomy":"product_brand","embeddable":true,"href":"https:\/\/gridamokykloms.lt\/en\/wp-json\/wp\/v2\/product_brand?post=7067"},{"taxonomy":"product_cat","embeddable":true,"href":"https:\/\/gridamokykloms.lt\/en\/wp-json\/wp\/v2\/product_cat?post=7067"},{"taxonomy":"product_tag","embeddable":true,"href":"https:\/\/gridamokykloms.lt\/en\/wp-json\/wp\/v2\/product_tag?post=7067"}],"curies":[{"name":"wp","href":"https:\/\/api.w.org\/{rel}","templated":true}]}}