{"id":7072,"date":"2025-08-05T13:47:07","date_gmt":"2025-08-05T13:47:07","guid":{"rendered":"https:\/\/gridamokykloms.lt\/produktas\/spektrometras-pazangus-modelis\/"},"modified":"2025-08-05T13:47:07","modified_gmt":"2025-08-05T13:47:07","slug":"spektrometras-pazangus-modelis","status":"publish","type":"product","link":"https:\/\/gridamokykloms.lt\/en\/produktas\/spektrometras-pazangus-modelis\/","title":{"rendered":"Spektrometras \u2013 pa\u017eangus modelis"},"content":{"rendered":"<p>Pa\u017eangus spektrometras leid\u017eia tirti med\u017eiag\u0173 sud\u0117t\u012f ir atom\u0173 strukt\u016br\u0105, remiantis \u0161viesos, kuri\u0105 med\u017eiaga skleid\u017eia arba sugeria, spektru. Pagrindinis veikimo principas \u2013 \u0161viesos l\u016b\u017eis per optin\u012f element\u0105, pvz., prizm\u0119 ar difrakcin\u0119 gardel\u0119, sukuriant spektr\u0105. Analizuojant refrakcijos kampus ir absorbcijos linijas galima nustatyti net ir \u0161viesos neskleid\u017eian\u010di\u0173 objekt\u0173 (pvz., duj\u0173 debes\u0173) sud\u0117t\u012f.<\/p>\n<p>Techniniai duomenys:<\/p>\n<p>Skal\u0117:<\/p>\n<p>Yra tikslieji reguliavimo sraigtai ir atleidimo spaustuvai greitam nustatymui rankiniu b\u016bdu.<br \/>\n177 mm skersmens apskritimas yra fiksuotas, o stalo ir teleskopo judesiai yra visi\u0161kai nepriklausomi vienas nuo kito.<br \/>\nAbu sukimosi mechanizmai turi tikslaus reguliavimo var\u017etus, o atleidus fiksavimo var\u017et\u0105 galima atlikti grub\u0173 reguliavim\u0105 rankiniu b\u016bdu.<\/p>\n<p>Kolimatorius:<\/p>\n<p>Montuojamas ant fiksuoto stovo, su 178 mm fokusavimo achromatiniu objektyvu, 32 mm ai\u0161ki\u0105 apert\u016br\u0105.<br \/>\n\u012emontuotas vienpusis reguliuojamas ply\u0161ys (6 mm).<\/p>\n<p>Teleskopas:<\/p>\n<p>Montuojamas ant judamojo stovo, su 178 mm achromatiniu objektyvu (32 mm anga), x15 Ramsden okuliaru ir kry\u017emini\u0173 tinkleliu.<br \/>\nAbu komponentai turi krumpliaratin\u012f fokusavimo mechanizm\u0105.<\/p>\n<p>Prizm\u0117s stalelis:<\/p>\n<p>Su \u017eymomis prizm\u0117s pad\u0117ties nustatymui, reguliavimo var\u017etais ir kei\u010diamais laikikliais prismei ar difrakcinei gardelei.<\/p>\n","protected":false},"excerpt":{"rendered":"<p>Tiksliam \u0161viesos spektr\u0173 tyrimui ir med\u017eiag\u0173 sud\u0117ties analizei.<\/p>\n","protected":false},"featured_media":7073,"comment_status":"open","ping_status":"closed","template":"","meta":{"_acf_changed":false},"product_brand":[305],"product_cat":[292],"product_tag":[],"class_list":{"0":"post-7072","1":"product","2":"type-product","3":"status-publish","4":"has-post-thumbnail","6":"product_brand-findel","7":"product_cat-optika","9":"first","10":"instock","11":"taxable","12":"shipping-taxable","13":"purchasable","14":"product-type-simple"},"acf":[],"_links":{"self":[{"href":"https:\/\/gridamokykloms.lt\/en\/wp-json\/wp\/v2\/product\/7072","targetHints":{"allow":["GET"]}}],"collection":[{"href":"https:\/\/gridamokykloms.lt\/en\/wp-json\/wp\/v2\/product"}],"about":[{"href":"https:\/\/gridamokykloms.lt\/en\/wp-json\/wp\/v2\/types\/product"}],"replies":[{"embeddable":true,"href":"https:\/\/gridamokykloms.lt\/en\/wp-json\/wp\/v2\/comments?post=7072"}],"wp:featuredmedia":[{"embeddable":true,"href":"https:\/\/gridamokykloms.lt\/en\/wp-json\/wp\/v2\/media\/7073"}],"wp:attachment":[{"href":"https:\/\/gridamokykloms.lt\/en\/wp-json\/wp\/v2\/media?parent=7072"}],"wp:term":[{"taxonomy":"product_brand","embeddable":true,"href":"https:\/\/gridamokykloms.lt\/en\/wp-json\/wp\/v2\/product_brand?post=7072"},{"taxonomy":"product_cat","embeddable":true,"href":"https:\/\/gridamokykloms.lt\/en\/wp-json\/wp\/v2\/product_cat?post=7072"},{"taxonomy":"product_tag","embeddable":true,"href":"https:\/\/gridamokykloms.lt\/en\/wp-json\/wp\/v2\/product_tag?post=7072"}],"curies":[{"name":"wp","href":"https:\/\/api.w.org\/{rel}","templated":true}]}}